{"id":19923,"date":"2026-04-16T18:52:13","date_gmt":"2026-04-16T18:52:13","guid":{"rendered":"https:\/\/lawhiskeria.cr\/?post_type=product&#038;p=19923"},"modified":"2026-04-16T18:52:13","modified_gmt":"2026-04-16T18:52:13","slug":"glenmorangie-a-tale-of-the-forest","status":"publish","type":"product","link":"https:\/\/lawhiskeria.cr\/?product=glenmorangie-a-tale-of-the-forest","title":{"rendered":"Glenmorangie A Tale Of The Forest"},"content":{"rendered":"","protected":false},"excerpt":{"rendered":"<p>Utilizando un m\u00e9todo antiguo para infundir cebada con bot\u00e1nicos de bosque<\/p>\n<p>Exuberante y acogedor de herb\u00e1ceas, Glenmorangie A Tale of the Forest es el primer whisky de Glenmorangie elaborado con cebada hornada con bot\u00e1nicos de bosque.<\/p>\n<p>Inspirado por la maravilla natural siempre cambiante que encuentra mientras deambula por el bosque cerca de su casa, el director de creaci\u00f3n de whisky de Glenmorangie, el Dr. Bill Lumsden, trajo de vuelta un m\u00e9todo antiguo de horneado de cebada con bot\u00e1nicos. En este caso, eligi\u00f3 bayas de enebro, corteza de abedul y flores de brezo.<\/p>\n<p>Evocando los aromas, sonidos y vistas del bosque, el single malt rodea tus sentidos con aromas de pino, enebro y cilantro, mezclados con nube de humo. Despu\u00e9s, los sabores a eucalipto verde intenso, iluminados por rayos de naranja amargo, se desvanecen hacia un final lento y suavemente roble.<\/p>\n<p>Las fragantes y arboladas profundidades del whisky han inspirado a la ilustradora Pomme Chan a imaginar su propio bosque fant\u00e1stico. Celebrando los sabores del whisky, su obra de arte se exhibe en el paquete del whisky.<\/p>\n<p>ABV 46% &#8211; 700 ml.<\/p>\n","protected":false},"featured_media":19924,"comment_status":"open","ping_status":"closed","template":"","meta":[],"product_brand":[],"product_cat":[32,72],"product_tag":[485,109,108,110],"class_list":{"0":"post-19923","1":"product","2":"type-product","3":"status-publish","4":"has-post-thumbnail","6":"product_cat-whisky","7":"product_cat-single-malt","8":"product_tag-botanicos","9":"product_tag-escocia","10":"product_tag-single-malt","11":"product_tag-whisky-escoces","13":"first","14":"instock","15":"shipping-taxable","16":"purchasable","17":"product-type-simple"},"_links":{"self":[{"href":"https:\/\/lawhiskeria.cr\/index.php?rest_route=\/wp\/v2\/product\/19923","targetHints":{"allow":["GET"]}}],"collection":[{"href":"https:\/\/lawhiskeria.cr\/index.php?rest_route=\/wp\/v2\/product"}],"about":[{"href":"https:\/\/lawhiskeria.cr\/index.php?rest_route=\/wp\/v2\/types\/product"}],"replies":[{"embeddable":true,"href":"https:\/\/lawhiskeria.cr\/index.php?rest_route=%2Fwp%2Fv2%2Fcomments&post=19923"}],"version-history":[{"count":1,"href":"https:\/\/lawhiskeria.cr\/index.php?rest_route=\/wp\/v2\/product\/19923\/revisions"}],"predecessor-version":[{"id":19925,"href":"https:\/\/lawhiskeria.cr\/index.php?rest_route=\/wp\/v2\/product\/19923\/revisions\/19925"}],"wp:featuredmedia":[{"embeddable":true,"href":"https:\/\/lawhiskeria.cr\/index.php?rest_route=\/wp\/v2\/media\/19924"}],"wp:attachment":[{"href":"https:\/\/lawhiskeria.cr\/index.php?rest_route=%2Fwp%2Fv2%2Fmedia&parent=19923"}],"wp:term":[{"taxonomy":"product_brand","embeddable":true,"href":"https:\/\/lawhiskeria.cr\/index.php?rest_route=%2Fwp%2Fv2%2Fproduct_brand&post=19923"},{"taxonomy":"product_cat","embeddable":true,"href":"https:\/\/lawhiskeria.cr\/index.php?rest_route=%2Fwp%2Fv2%2Fproduct_cat&post=19923"},{"taxonomy":"product_tag","embeddable":true,"href":"https:\/\/lawhiskeria.cr\/index.php?rest_route=%2Fwp%2Fv2%2Fproduct_tag&post=19923"}],"curies":[{"name":"wp","href":"https:\/\/api.w.org\/{rel}","templated":true}]}}