{"id":19889,"date":"2026-04-05T19:24:22","date_gmt":"2026-04-05T19:24:22","guid":{"rendered":"https:\/\/lawhiskeria.cr\/?post_type=product&#038;p=19889"},"modified":"2026-04-09T02:45:22","modified_gmt":"2026-04-09T02:45:22","slug":"balsa-de-piedra-malbec-cabernet-franc-michelini-i-mufatto","status":"publish","type":"product","link":"https:\/\/lawhiskeria.cr\/?product=balsa-de-piedra-malbec-cabernet-franc-michelini-i-mufatto","title":{"rendered":"Balsa de Piedra &#8211; Michelini i Mufatto"},"content":{"rendered":"","protected":false},"excerpt":{"rendered":"<p><strong>Un tinto de altura elegante y preciso: fruta roja fresca, flores, taninos finos y una acidez que lo hace peligrosamente bebible. M\u00e1s terroir que madera, m\u00e1s frescura que peso.<\/strong><\/p>\n<p><strong>Productor: Michelini i Mufatto<\/strong><\/p>\n<p><strong>A\u00f1ada: 2021<\/strong><\/p>\n<p><strong>Regi\u00f3n: Valle de Uco \u2013 Tupungato, Argentina.<\/strong><\/p>\n<p><strong>Composici\u00f3n varietal: Malbec 80% \/ Cabernet Franc 10% \/ Cabernet Sauvignon 5% \/ Sauvignon 5%.<\/strong><\/p>\n<p><strong>Vi\u00f1edos de altura (1100\u20131500 msnm), suelos pedregosos con presencia calc\u00e1rea, enfoque en expresi\u00f3n de terroir.<\/strong><\/p>\n<p><strong>Elaboraci\u00f3n: Fermentaci\u00f3n en hormig\u00f3n con levaduras ind\u00edgenas, ~30% racimo entero, m\u00ednima intervenci\u00f3n.<\/strong><\/p>\n<p><strong>Crianza: 12 meses en barricas usadas de roble franc\u00e9s.<\/strong><\/p>\n<p><strong>Notas de cata<\/strong><\/p>\n<p><strong>Vista: Rojo viol\u00e1ceo profundo.<\/strong><\/p>\n<p><strong>Nariz: Violetas, frutos rojos (cereza, frambuesa), notas herbales y especias. Sutil mineralidad.<\/strong><\/p>\n<p><strong>Boca: Jugoso en entrada, equilibrado, taninos finos, acidez fresca.<\/strong><\/p>\n<p><strong>Final largo, vibrante y elegante.<\/strong><\/p>\n<p><strong>Maridaje: Carnes rojas, cordero, aves especiadas, pastas intensas y quesos semicurados.<\/strong><\/p>\n<p><strong>Servicio: Temperatura: 15\u201316\u00b0C. Decantar: 15\u201330 minutos. Guarda: 5\u20138 a\u00f1os<\/strong><\/p>\n<p><strong>ABV 13% &#8211; 750 ml.<\/strong><\/p>\n<p><strong>Robert Parker 92 pts. &#8211; Descorchados 93 pts. &#8211; Tim Atkin 90 pts.<\/strong><\/p>\n<p><iframe loading=\"lazy\" width=\"560\" height=\"315\" src=\"https:\/\/www.youtube.com\/embed\/bSTkcSxN1qY?si=i-Y_nzk3PQAvtva_&amp;start=1597\" title=\"YouTube video player\" frameborder=\"0\" allow=\"accelerometer; autoplay; clipboard-write; encrypted-media; gyroscope; picture-in-picture; web-share\" referrerpolicy=\"strict-origin-when-cross-origin\" allowfullscreen><\/iframe><\/p>\n","protected":false},"featured_media":19892,"comment_status":"open","ping_status":"closed","template":"","meta":[],"product_brand":[],"product_cat":[420,322,29],"product_tag":[160,152,198,484,309,151],"class_list":{"0":"post-19889","1":"product","2":"type-product","3":"status-publish","4":"has-post-thumbnail","6":"product_cat-tinto","7":"product_cat-promociones","8":"product_cat-vinos","9":"product_tag-cabernet-franc","10":"product_tag-malbec","11":"product_tag-tinto","12":"product_tag-tupungato","13":"product_tag-valle-de-uco","14":"product_tag-vino-argentino","16":"first","17":"instock","18":"sale","19":"shipping-taxable","20":"purchasable","21":"product-type-simple"},"_links":{"self":[{"href":"https:\/\/lawhiskeria.cr\/index.php?rest_route=\/wp\/v2\/product\/19889","targetHints":{"allow":["GET"]}}],"collection":[{"href":"https:\/\/lawhiskeria.cr\/index.php?rest_route=\/wp\/v2\/product"}],"about":[{"href":"https:\/\/lawhiskeria.cr\/index.php?rest_route=\/wp\/v2\/types\/product"}],"replies":[{"embeddable":true,"href":"https:\/\/lawhiskeria.cr\/index.php?rest_route=%2Fwp%2Fv2%2Fcomments&post=19889"}],"version-history":[{"count":6,"href":"https:\/\/lawhiskeria.cr\/index.php?rest_route=\/wp\/v2\/product\/19889\/revisions"}],"predecessor-version":[{"id":19910,"href":"https:\/\/lawhiskeria.cr\/index.php?rest_route=\/wp\/v2\/product\/19889\/revisions\/19910"}],"wp:featuredmedia":[{"embeddable":true,"href":"https:\/\/lawhiskeria.cr\/index.php?rest_route=\/wp\/v2\/media\/19892"}],"wp:attachment":[{"href":"https:\/\/lawhiskeria.cr\/index.php?rest_route=%2Fwp%2Fv2%2Fmedia&parent=19889"}],"wp:term":[{"taxonomy":"product_brand","embeddable":true,"href":"https:\/\/lawhiskeria.cr\/index.php?rest_route=%2Fwp%2Fv2%2Fproduct_brand&post=19889"},{"taxonomy":"product_cat","embeddable":true,"href":"https:\/\/lawhiskeria.cr\/index.php?rest_route=%2Fwp%2Fv2%2Fproduct_cat&post=19889"},{"taxonomy":"product_tag","embeddable":true,"href":"https:\/\/lawhiskeria.cr\/index.php?rest_route=%2Fwp%2Fv2%2Fproduct_tag&post=19889"}],"curies":[{"name":"wp","href":"https:\/\/api.w.org\/{rel}","templated":true}]}}