{"id":19814,"date":"2026-03-10T22:19:43","date_gmt":"2026-03-10T22:19:43","guid":{"rendered":"https:\/\/lawhiskeria.cr\/?post_type=product&#038;p=19814"},"modified":"2026-04-05T23:07:45","modified_gmt":"2026-04-05T23:07:45","slug":"alegro-rosado-doca-rioja","status":"publish","type":"product","link":"https:\/\/lawhiskeria.cr\/?product=alegro-rosado-doca-rioja","title":{"rendered":"Alegro Rosado DOCA Rioja"},"content":{"rendered":"<p><strong>Sobre la Regi\u00f3n<\/strong><\/p>\n<p><strong>La Denominaci\u00f3n de Origen Calificada Rioja es una de las zonas vitivin\u00edcolas m\u00e1s prestigiosas de Espa\u00f1a. Sus vinos se caracterizan por el uso predominante de la Tempranillo, una variedad que produce vinos equilibrados, arom\u00e1ticos y con excelente estructura.<\/strong><\/p>\n<p><strong>El clima influenciado por el Atl\u00e1ntico y el Mediterr\u00e1neo, junto con suelos arcillo-calc\u00e1reos y aluviales, permite elaborar vinos con gran expresi\u00f3n de fruta y elegancia.<\/strong><\/p>\n<p>&nbsp;<\/p>\n","protected":false},"excerpt":{"rendered":"<p><strong>Bodega: Criadores de Rioja, Espa\u00f1a.<\/strong><\/p>\n<p><strong>Regi\u00f3n: D.O.C.A Rioja<\/strong><\/p>\n<p><strong>Variedad: Tempranillo, Viura &amp; Garnacha<\/strong><\/p>\n<p><strong>Presentamos\u00a0Alegro Rosado, un delicioso vino rosado espa\u00f1ol perfecto para cualquier ocasi\u00f3n. <\/strong><\/p>\n<p><strong>Elaborado con las mejores uvas Tempranillo, este vino luce un hermoso color rosa y un vibrante aroma a frutos rojos y flores. Su sabor refrescante y equilibrado lo convierte en la opci\u00f3n ideal para maridar con tapas, mariscos o pastas ligeras. <\/strong><\/p>\n<p><strong>Ya sea que organices una barbacoa de verano o disfrutes de un picnic en el parque, el Alegro Rosado sin duda encantar\u00e1 a todos. <\/strong><\/p>\n<p><strong>Dale un toque de elegancia a tu pr\u00f3xima reuni\u00f3n con este excepcional rosado espa\u00f1ol. \u00a1Brindemos por los buenos momentos y el buen vino!<\/strong><\/p>\n<p><iframe loading=\"lazy\" title=\"YouTube video player\" src=\"https:\/\/www.youtube.com\/embed\/xiym9mxFiwk?si=soO8-3qxyxCLMSnC&amp;start=1210\" width=\"560\" height=\"315\" frameborder=\"0\" allowfullscreen=\"allowfullscreen\"><\/iframe><\/p>\n","protected":false},"featured_media":19815,"comment_status":"open","ping_status":"closed","template":"","meta":[],"product_brand":[],"product_cat":[421,29],"product_tag":[232,245,162,149,196,244],"class_list":{"0":"post-19814","1":"product","2":"type-product","3":"status-publish","4":"has-post-thumbnail","6":"product_cat-blanco-y-rosado","7":"product_cat-vinos","8":"product_tag-garnacha","9":"product_tag-rioja","10":"product_tag-tempranillo","11":"product_tag-vino-espanol","12":"product_tag-vino-rosado","13":"product_tag-viura","15":"first","16":"instock","17":"shipping-taxable","18":"purchasable","19":"product-type-simple"},"_links":{"self":[{"href":"https:\/\/lawhiskeria.cr\/index.php?rest_route=\/wp\/v2\/product\/19814","targetHints":{"allow":["GET"]}}],"collection":[{"href":"https:\/\/lawhiskeria.cr\/index.php?rest_route=\/wp\/v2\/product"}],"about":[{"href":"https:\/\/lawhiskeria.cr\/index.php?rest_route=\/wp\/v2\/types\/product"}],"replies":[{"embeddable":true,"href":"https:\/\/lawhiskeria.cr\/index.php?rest_route=%2Fwp%2Fv2%2Fcomments&post=19814"}],"version-history":[{"count":3,"href":"https:\/\/lawhiskeria.cr\/index.php?rest_route=\/wp\/v2\/product\/19814\/revisions"}],"predecessor-version":[{"id":19902,"href":"https:\/\/lawhiskeria.cr\/index.php?rest_route=\/wp\/v2\/product\/19814\/revisions\/19902"}],"wp:featuredmedia":[{"embeddable":true,"href":"https:\/\/lawhiskeria.cr\/index.php?rest_route=\/wp\/v2\/media\/19815"}],"wp:attachment":[{"href":"https:\/\/lawhiskeria.cr\/index.php?rest_route=%2Fwp%2Fv2%2Fmedia&parent=19814"}],"wp:term":[{"taxonomy":"product_brand","embeddable":true,"href":"https:\/\/lawhiskeria.cr\/index.php?rest_route=%2Fwp%2Fv2%2Fproduct_brand&post=19814"},{"taxonomy":"product_cat","embeddable":true,"href":"https:\/\/lawhiskeria.cr\/index.php?rest_route=%2Fwp%2Fv2%2Fproduct_cat&post=19814"},{"taxonomy":"product_tag","embeddable":true,"href":"https:\/\/lawhiskeria.cr\/index.php?rest_route=%2Fwp%2Fv2%2Fproduct_tag&post=19814"}],"curies":[{"name":"wp","href":"https:\/\/api.w.org\/{rel}","templated":true}]}}