{"id":19798,"date":"2026-03-05T20:43:05","date_gmt":"2026-03-05T20:43:05","guid":{"rendered":"https:\/\/lawhiskeria.cr\/?post_type=product&#038;p=19798"},"modified":"2026-04-05T23:09:11","modified_gmt":"2026-04-05T23:09:11","slug":"alegro-tempranillo-doca-rioja","status":"publish","type":"product","link":"https:\/\/lawhiskeria.cr\/?product=alegro-tempranillo-doca-rioja","title":{"rendered":"Alegro Tempranillo DOCA Rioja"},"content":{"rendered":"<p><strong>Sobre la Regi\u00f3n<\/strong><\/p>\n<p><strong>La Denominaci\u00f3n de Origen Calificada Rioja es una de las zonas vitivin\u00edcolas m\u00e1s prestigiosas de Espa\u00f1a. Sus vinos se caracterizan por el uso predominante de la Tempranillo, una variedad que produce vinos equilibrados, arom\u00e1ticos y con excelente estructura.<\/strong><\/p>\n<p><strong>El clima influenciado por el Atl\u00e1ntico y el Mediterr\u00e1neo, junto con suelos arcillo-calc\u00e1reos y aluviales, permite elaborar vinos con gran expresi\u00f3n de fruta y elegancia.<\/strong><\/p>\n<p><strong>Elaboraci\u00f3n:<\/strong><\/p>\n<p><strong>Alegro Tempranillo se elabora con uvas 100% Tempranillo, la variedad tinta m\u00e1s representativa de la regi\u00f3n de Rioja. Las uvas se seleccionan cuidadosamente y se fermentan a temperatura controlada para preservar la intensidad arom\u00e1tica de la fruta.<\/strong><\/p>\n<p><strong>Posteriormente el vino pasa por un breve periodo de afinamiento que permite integrar los taninos y redondear su perfil, manteniendo el protagonismo de la fruta fresca caracter\u00edstica del Tempranillo joven de Rioja.<\/strong><\/p>\n<p><strong>El resultado es un vino expresivo, equilibrado y f\u00e1cil de disfrutar.<\/strong><\/p>\n","protected":false},"excerpt":{"rendered":"<p><strong>Bodega: Criadores de Rioja, Espa\u00f1a.<\/strong><\/p>\n<p><strong>Regi\u00f3n: D.O.C.A Rioja<\/strong><\/p>\n<p><strong>Variedad: 100% Tempranillo<\/strong><\/p>\n<p><strong>Notas de Cata<\/strong><\/p>\n<p><strong>Vista: Color rojo cereza intenso con reflejos viol\u00e1ceos, brillante y atractivo.<\/strong><\/p>\n<p><strong>Nariz: Aromas expresivos dominados por: Frutos rojos maduros (cereza, frambuesa) Ciruelas Sutiles notas de vainilla. Ligeros matices especiados.<\/strong><\/p>\n<p><strong>Boca: Entrada suave y envolvente. Buena concentraci\u00f3n de fruta. Taninos equilibrados. Textura aterciopelada.<\/strong><\/p>\n<p><strong>Final persistente y elegante.<\/strong><\/p>\n<p><strong>Es un vino con buen cuerpo, pero f\u00e1cil de beber, donde la fruta madura es la protagonista.<\/strong><\/p>\n<p><strong>Maridaje. Muy vers\u00e1til en la mesa. Ideal para acompa\u00f1ar: Carnes a la parrilla. Filete de res. Tapas espa\u00f1olas. Embutidos. Pastas con salsa roja. Quesos semicurados.<\/strong><\/p>\n<p><strong>Tambi\u00e9n funciona muy bien como vino para disfrutar solo.<\/strong><\/p>\n<p><strong>Temperatura de Servicio: 16 \u2013 18 \u00b0C. Se recomienda abrir la botella unos minutos antes de servir para que el vino exprese mejor su perfil arom\u00e1tico.<\/strong><\/p>\n<p><strong>ABV 13.5% &#8211; 750 ml.<\/strong><\/p>\n<p><iframe loading=\"lazy\" title=\"YouTube video player\" src=\"https:\/\/www.youtube.com\/embed\/xiym9mxFiwk?si=fF0sD0lc78ieHhah&amp;start=1423\" width=\"560\" height=\"315\" frameborder=\"0\" allowfullscreen=\"allowfullscreen\"><\/iframe><\/p>\n","protected":false},"featured_media":19799,"comment_status":"open","ping_status":"closed","template":"","meta":[],"product_brand":[],"product_cat":[420,29],"product_tag":[245,162,149,247],"class_list":{"0":"post-19798","1":"product","2":"type-product","3":"status-publish","4":"has-post-thumbnail","6":"product_cat-tinto","7":"product_cat-vinos","8":"product_tag-rioja","9":"product_tag-tempranillo","10":"product_tag-vino-espanol","11":"product_tag-vino-tinto","13":"first","14":"instock","15":"shipping-taxable","16":"purchasable","17":"product-type-simple"},"_links":{"self":[{"href":"https:\/\/lawhiskeria.cr\/index.php?rest_route=\/wp\/v2\/product\/19798","targetHints":{"allow":["GET"]}}],"collection":[{"href":"https:\/\/lawhiskeria.cr\/index.php?rest_route=\/wp\/v2\/product"}],"about":[{"href":"https:\/\/lawhiskeria.cr\/index.php?rest_route=\/wp\/v2\/types\/product"}],"replies":[{"embeddable":true,"href":"https:\/\/lawhiskeria.cr\/index.php?rest_route=%2Fwp%2Fv2%2Fcomments&post=19798"}],"version-history":[{"count":3,"href":"https:\/\/lawhiskeria.cr\/index.php?rest_route=\/wp\/v2\/product\/19798\/revisions"}],"predecessor-version":[{"id":19903,"href":"https:\/\/lawhiskeria.cr\/index.php?rest_route=\/wp\/v2\/product\/19798\/revisions\/19903"}],"wp:featuredmedia":[{"embeddable":true,"href":"https:\/\/lawhiskeria.cr\/index.php?rest_route=\/wp\/v2\/media\/19799"}],"wp:attachment":[{"href":"https:\/\/lawhiskeria.cr\/index.php?rest_route=%2Fwp%2Fv2%2Fmedia&parent=19798"}],"wp:term":[{"taxonomy":"product_brand","embeddable":true,"href":"https:\/\/lawhiskeria.cr\/index.php?rest_route=%2Fwp%2Fv2%2Fproduct_brand&post=19798"},{"taxonomy":"product_cat","embeddable":true,"href":"https:\/\/lawhiskeria.cr\/index.php?rest_route=%2Fwp%2Fv2%2Fproduct_cat&post=19798"},{"taxonomy":"product_tag","embeddable":true,"href":"https:\/\/lawhiskeria.cr\/index.php?rest_route=%2Fwp%2Fv2%2Fproduct_tag&post=19798"}],"curies":[{"name":"wp","href":"https:\/\/api.w.org\/{rel}","templated":true}]}}