{"id":19795,"date":"2026-03-05T20:40:17","date_gmt":"2026-03-05T20:40:17","guid":{"rendered":"https:\/\/lawhiskeria.cr\/?post_type=product&#038;p=19795"},"modified":"2026-04-05T22:07:02","modified_gmt":"2026-04-05T22:07:02","slug":"alegro-crianza-doca-rioja","status":"publish","type":"product","link":"https:\/\/lawhiskeria.cr\/?product=alegro-crianza-doca-rioja","title":{"rendered":"Alegro Crianza DOCA Rioja"},"content":{"rendered":"<p><strong>Sobre la Regi\u00f3n<\/strong><\/p>\n<p><strong>La Denominaci\u00f3n de Origen Calificada Rioja es una de las zonas vin\u00edcolas m\u00e1s prestigiosas de Espa\u00f1a. Sus vinos tintos elaborados principalmente con Tempranillo destacan por su equilibrio entre fruta, estructura y crianza en barrica, lo que les permite desarrollar complejidad y capacidad de guarda.<\/strong><\/p>\n<p><strong>Elaboraci\u00f3n<\/strong><\/p>\n<p><strong>Alegro Crianza se elabora exclusivamente con uvas Tempranillo, la variedad emblem\u00e1tica de Rioja. Tras la fermentaci\u00f3n, el vino se somete a un proceso de crianza que combina madera y botella para lograr equilibrio y complejidad.<\/strong><\/p>\n","protected":false},"excerpt":{"rendered":"<p><strong>Bodega: Criadores de Rioja, Espa\u00f1a.<\/strong><\/p>\n<p><strong>Regi\u00f3n: Denominaci\u00f3n de Origen Calificada Rioja<\/strong><\/p>\n<p><strong>Variedad: 100% Tempranillo<\/strong><\/p>\n<p><strong>A\u00f1ada: 2020<\/strong><\/p>\n<p><strong>Crianza: M\u00ednimo 12 meses en barricas de roble. Posteriormente 12 meses de afinamiento en botella<\/strong><\/p>\n<p><strong>Este proceso permite integrar la fruta con los aportes arom\u00e1ticos de la madera, generando un vino redondo y elegante.<\/strong><\/p>\n<p><strong>Notas de Cata<\/strong><\/p>\n<p><strong>Vista: Color rojo rub\u00ed intenso, brillante y limpio, con buena profundidad.<\/strong><\/p>\n<p><strong>Nariz: Aromas complejos donde predominan: Frutos rojos maduros (cereza, frambuesa) Notas de vainilla y tostados provenientes de la barrica. Matices especiados y bals\u00e1micos<\/strong><\/p>\n<p><strong>Boca: Entrada suave y aterciopelada. Taninos bien integrados. Perfil equilibrado entre fruta y madera<\/strong><\/p>\n<p><strong>Final largo, elegante y persistente<\/strong><\/p>\n<p><strong>Este estilo es caracter\u00edstico de los vinos Crianza de Rioja, donde la fruta y la madera buscan mantenerse en armon\u00eda.<\/strong><\/p>\n<p><strong>Maridaje: Carnes a la parrilla. Cordero o carnes rojas. Guisos y estofados. Embutidos ib\u00e9ricos. Quesos curados o semicurados.<\/strong><\/p>\n<p><strong>Temperatura de Servicio: 16 \u2013 18 \u00b0C. Se recomienda abrir la botella unos minutos antes de servir para que el vino se oxigene y exprese mejor sus aromas.<\/strong><\/p>\n<p><strong>ABV 14% &#8211; 750 ml.<\/strong><\/p>\n<p><iframe loading=\"lazy\" title=\"YouTube video player\" src=\"https:\/\/www.youtube.com\/embed\/xiym9mxFiwk?si=caUZofTuDQpW9AKc&amp;start=1544\" width=\"560\" height=\"315\" frameborder=\"0\" allowfullscreen=\"allowfullscreen\"><\/iframe><\/p>\n","protected":false},"featured_media":19796,"comment_status":"open","ping_status":"closed","template":"","meta":[],"product_brand":[],"product_cat":[420,29],"product_tag":[220,245,162,149,247],"class_list":{"0":"post-19795","1":"product","2":"type-product","3":"status-publish","4":"has-post-thumbnail","6":"product_cat-tinto","7":"product_cat-vinos","8":"product_tag-crianza","9":"product_tag-rioja","10":"product_tag-tempranillo","11":"product_tag-vino-espanol","12":"product_tag-vino-tinto","14":"first","15":"instock","16":"shipping-taxable","17":"purchasable","18":"product-type-simple"},"_links":{"self":[{"href":"https:\/\/lawhiskeria.cr\/index.php?rest_route=\/wp\/v2\/product\/19795","targetHints":{"allow":["GET"]}}],"collection":[{"href":"https:\/\/lawhiskeria.cr\/index.php?rest_route=\/wp\/v2\/product"}],"about":[{"href":"https:\/\/lawhiskeria.cr\/index.php?rest_route=\/wp\/v2\/types\/product"}],"replies":[{"embeddable":true,"href":"https:\/\/lawhiskeria.cr\/index.php?rest_route=%2Fwp%2Fv2%2Fcomments&post=19795"}],"version-history":[{"count":3,"href":"https:\/\/lawhiskeria.cr\/index.php?rest_route=\/wp\/v2\/product\/19795\/revisions"}],"predecessor-version":[{"id":19901,"href":"https:\/\/lawhiskeria.cr\/index.php?rest_route=\/wp\/v2\/product\/19795\/revisions\/19901"}],"wp:featuredmedia":[{"embeddable":true,"href":"https:\/\/lawhiskeria.cr\/index.php?rest_route=\/wp\/v2\/media\/19796"}],"wp:attachment":[{"href":"https:\/\/lawhiskeria.cr\/index.php?rest_route=%2Fwp%2Fv2%2Fmedia&parent=19795"}],"wp:term":[{"taxonomy":"product_brand","embeddable":true,"href":"https:\/\/lawhiskeria.cr\/index.php?rest_route=%2Fwp%2Fv2%2Fproduct_brand&post=19795"},{"taxonomy":"product_cat","embeddable":true,"href":"https:\/\/lawhiskeria.cr\/index.php?rest_route=%2Fwp%2Fv2%2Fproduct_cat&post=19795"},{"taxonomy":"product_tag","embeddable":true,"href":"https:\/\/lawhiskeria.cr\/index.php?rest_route=%2Fwp%2Fv2%2Fproduct_tag&post=19795"}],"curies":[{"name":"wp","href":"https:\/\/api.w.org\/{rel}","templated":true}]}}