{"id":19702,"date":"2026-01-29T02:54:59","date_gmt":"2026-01-29T02:54:59","guid":{"rendered":"https:\/\/lawhiskeria.cr\/?post_type=product&#038;p=19702"},"modified":"2026-04-16T02:00:15","modified_gmt":"2026-04-16T02:00:15","slug":"togouchi-single-malt-japanese-whisky","status":"publish","type":"product","link":"https:\/\/lawhiskeria.cr\/?product=togouchi-single-malt-japanese-whisky","title":{"rendered":"Togouchi Single Malt Japanese Whisky"},"content":{"rendered":"<p><strong>Whisky de pura malta elaborado en nuestra ciudad natal de Sakurao.<\/strong><\/p>\n<p><strong>La destiler\u00eda Sakurao se fund\u00f3 en Sakurao, frente al famoso sitio declarado Patrimonio de la Humanidad por la UNESCO, Miyajima, en el coraz\u00f3n de la ciudad de Hatsukaichi, Hiroshima. <\/strong><strong>Fue aqu\u00ed donde nos propusimos crear nuestro propio whisky de malta. <\/strong><strong>Las caracter\u00edsticas \u00fanicas de nuestra regi\u00f3n realzan el sabor del whisky.<\/strong><\/p>\n<p><strong>Hiroshima cuenta con un entorno natural que combina zonas costeras y monta\u00f1osas, lo que la convierte en un lugar excelente para producir whisky que encarna a la perfecci\u00f3n las caracter\u00edsticas \u00fanicas de la regi\u00f3n.<\/strong><\/p>\n<p><strong>Varios a\u00f1os despu\u00e9s de la fundaci\u00f3n de la destiler\u00eda Sakurao, <\/strong><strong>nos enorgullece lanzar las marcas de whiskies de malta Sakurao y Togouchi.<\/strong><\/p>\n","protected":false},"excerpt":{"rendered":"<p><strong>Togouchi, en la ciudad de Akiota, es un lugar lleno de color y magn\u00edficos paisajes con frondosos bosques y arroyos cristalinos. En esta zona, se encuentra la impresionante garganta de Sandan-kyo, as\u00ed como los montes Osorakan y Shinnyu, los picos m\u00e1s altos de Hiroshima. Un antiguo t\u00fanel ferroviario que atraviesa las monta\u00f1as se ha reconvertido en almac\u00e9n en Togouchi. El whisky de malta sin a\u00f1ejar se envejece en barricas que absorben el sutil aroma de la exuberante naturaleza y luego se deja madurar en este oscuro almac\u00e9n que mantiene una temperatura fresca durante las cuatro estaciones.<\/strong><\/p>\n<p><strong>Este whisky ofrece aromas a vainilla, manzana, mermelada y mel\u00f3n, con una textura ligera y suave. Disfrute de su refrescante dulzor y su fresco regusto.<\/strong><\/p>\n<p><strong>Color: Dorado<\/strong><\/p>\n<p><strong>Nariz: Vainilla, manzanas, mermelada, melones.<\/strong><\/p>\n<p><strong>Paladar: Textura ligera y suave con dulzura refrescante.<\/strong><\/p>\n<p><strong>Final: Refrescante y moderado con un regusto fresco.<\/strong><\/p>\n<p><strong>ABV 43% &#8211; 700 ml<\/strong><\/p>\n<p><strong>Tipo de barril: Barrica de bourbon envejecida durante m\u00e1s de 3 a\u00f1os en el t\u00fanel de TOGOUCHI<\/strong><\/p>\n<p><iframe loading=\"lazy\" width=\"560\" height=\"315\" src=\"https:\/\/www.youtube.com\/embed\/zlR3r3BK0kE?si=Jav3ZuXmexbVmLTn&amp;start=1890\" title=\"YouTube video player\" frameborder=\"0\" allow=\"accelerometer; autoplay; clipboard-write; encrypted-media; gyroscope; picture-in-picture; web-share\" referrerpolicy=\"strict-origin-when-cross-origin\" allowfullscreen><\/iframe><\/p>\n","protected":false},"featured_media":19703,"comment_status":"open","ping_status":"closed","template":"","meta":[],"product_brand":[],"product_cat":[322,32,72],"product_tag":[451,257,107,450,108,186],"class_list":{"0":"post-19702","1":"product","2":"type-product","3":"status-publish","4":"has-post-thumbnail","6":"product_cat-promociones","7":"product_cat-whisky","8":"product_cat-single-malt","9":"product_tag-hiroshima","10":"product_tag-japanese-whisky","11":"product_tag-japon","12":"product_tag-sakurao","13":"product_tag-single-malt","14":"product_tag-whisky-japones","16":"first","17":"instock","18":"sale","19":"shipping-taxable","20":"purchasable","21":"product-type-simple"},"_links":{"self":[{"href":"https:\/\/lawhiskeria.cr\/index.php?rest_route=\/wp\/v2\/product\/19702","targetHints":{"allow":["GET"]}}],"collection":[{"href":"https:\/\/lawhiskeria.cr\/index.php?rest_route=\/wp\/v2\/product"}],"about":[{"href":"https:\/\/lawhiskeria.cr\/index.php?rest_route=\/wp\/v2\/types\/product"}],"replies":[{"embeddable":true,"href":"https:\/\/lawhiskeria.cr\/index.php?rest_route=%2Fwp%2Fv2%2Fcomments&post=19702"}],"version-history":[{"count":2,"href":"https:\/\/lawhiskeria.cr\/index.php?rest_route=\/wp\/v2\/product\/19702\/revisions"}],"predecessor-version":[{"id":19921,"href":"https:\/\/lawhiskeria.cr\/index.php?rest_route=\/wp\/v2\/product\/19702\/revisions\/19921"}],"wp:featuredmedia":[{"embeddable":true,"href":"https:\/\/lawhiskeria.cr\/index.php?rest_route=\/wp\/v2\/media\/19703"}],"wp:attachment":[{"href":"https:\/\/lawhiskeria.cr\/index.php?rest_route=%2Fwp%2Fv2%2Fmedia&parent=19702"}],"wp:term":[{"taxonomy":"product_brand","embeddable":true,"href":"https:\/\/lawhiskeria.cr\/index.php?rest_route=%2Fwp%2Fv2%2Fproduct_brand&post=19702"},{"taxonomy":"product_cat","embeddable":true,"href":"https:\/\/lawhiskeria.cr\/index.php?rest_route=%2Fwp%2Fv2%2Fproduct_cat&post=19702"},{"taxonomy":"product_tag","embeddable":true,"href":"https:\/\/lawhiskeria.cr\/index.php?rest_route=%2Fwp%2Fv2%2Fproduct_tag&post=19702"}],"curies":[{"name":"wp","href":"https:\/\/api.w.org\/{rel}","templated":true}]}}