{"id":19693,"date":"2026-01-29T01:24:17","date_gmt":"2026-01-29T01:24:17","guid":{"rendered":"https:\/\/lawhiskeria.cr\/?post_type=product&#038;p=19693"},"modified":"2026-01-29T01:24:18","modified_gmt":"2026-01-29T01:24:18","slug":"alegro-gran-reserva-doca-rioja","status":"publish","type":"product","link":"https:\/\/lawhiskeria.cr\/?product=alegro-gran-reserva-doca-rioja","title":{"rendered":"Alegro Gran Reserva DOCA Rioja"},"content":{"rendered":"","protected":false},"excerpt":{"rendered":"<p><strong>Presentamos la mejor selecci\u00f3n de vino tinto: Alegro Gran Reserva. Este excepcional vino se elabora cuidadosamente con las mejores uvas, lo que le da un sabor intenso y con cuerpo. A\u00f1ejado a la perfecci\u00f3n en barricas de roble, ofrece un aroma profundo y complejo a frutos negros, especias y toques de vainilla.<\/strong><\/p>\n<p><strong>Su textura aterciopelada y su suave final lo convierten en la opci\u00f3n ideal para una ocasi\u00f3n especial o una cena sofisticada. Del\u00e9itese con el exquisito sabor de Alegro Gran Reserva, una aut\u00e9ntica joya entre los vinos tintos.<\/strong><\/p>\n<p><strong>BODEGA: Criadores de Rioja<\/strong><\/p>\n<p><strong>PA\u00cdS: Espa\u00f1a<\/strong><\/p>\n<p><strong>REGI\u00d3N: D.O.C.A Rioja<\/strong><\/p>\n<p><strong>TIPO: Tinto<\/strong><\/p>\n<p><strong>VINO: Alegro Gran Reserva<\/strong><\/p>\n<p><strong>CEPA: Tempranillo<\/strong><\/p>\n","protected":false},"featured_media":19694,"comment_status":"open","ping_status":"closed","template":"","meta":[],"product_brand":[],"product_cat":[420,29],"product_tag":[245,162,149],"class_list":{"0":"post-19693","1":"product","2":"type-product","3":"status-publish","4":"has-post-thumbnail","6":"product_cat-tinto","7":"product_cat-vinos","8":"product_tag-rioja","9":"product_tag-tempranillo","10":"product_tag-vino-espanol","12":"first","13":"instock","14":"shipping-taxable","15":"purchasable","16":"product-type-simple"},"_links":{"self":[{"href":"https:\/\/lawhiskeria.cr\/index.php?rest_route=\/wp\/v2\/product\/19693","targetHints":{"allow":["GET"]}}],"collection":[{"href":"https:\/\/lawhiskeria.cr\/index.php?rest_route=\/wp\/v2\/product"}],"about":[{"href":"https:\/\/lawhiskeria.cr\/index.php?rest_route=\/wp\/v2\/types\/product"}],"replies":[{"embeddable":true,"href":"https:\/\/lawhiskeria.cr\/index.php?rest_route=%2Fwp%2Fv2%2Fcomments&post=19693"}],"version-history":[{"count":1,"href":"https:\/\/lawhiskeria.cr\/index.php?rest_route=\/wp\/v2\/product\/19693\/revisions"}],"predecessor-version":[{"id":19695,"href":"https:\/\/lawhiskeria.cr\/index.php?rest_route=\/wp\/v2\/product\/19693\/revisions\/19695"}],"wp:featuredmedia":[{"embeddable":true,"href":"https:\/\/lawhiskeria.cr\/index.php?rest_route=\/wp\/v2\/media\/19694"}],"wp:attachment":[{"href":"https:\/\/lawhiskeria.cr\/index.php?rest_route=%2Fwp%2Fv2%2Fmedia&parent=19693"}],"wp:term":[{"taxonomy":"product_brand","embeddable":true,"href":"https:\/\/lawhiskeria.cr\/index.php?rest_route=%2Fwp%2Fv2%2Fproduct_brand&post=19693"},{"taxonomy":"product_cat","embeddable":true,"href":"https:\/\/lawhiskeria.cr\/index.php?rest_route=%2Fwp%2Fv2%2Fproduct_cat&post=19693"},{"taxonomy":"product_tag","embeddable":true,"href":"https:\/\/lawhiskeria.cr\/index.php?rest_route=%2Fwp%2Fv2%2Fproduct_tag&post=19693"}],"curies":[{"name":"wp","href":"https:\/\/api.w.org\/{rel}","templated":true}]}}