{"id":19690,"date":"2026-01-29T01:10:12","date_gmt":"2026-01-29T01:10:12","guid":{"rendered":"https:\/\/lawhiskeria.cr\/?post_type=product&#038;p=19690"},"modified":"2026-01-29T01:10:13","modified_gmt":"2026-01-29T01:10:13","slug":"mazzei-fonterutoli-chianti-classico-docg","status":"publish","type":"product","link":"https:\/\/lawhiskeria.cr\/?product=mazzei-fonterutoli-chianti-classico-docg","title":{"rendered":"Mazzei Fonterutoli Chianti Classico DOCG"},"content":{"rendered":"","protected":false},"excerpt":{"rendered":"<p><strong>Presentamos el Mazzei Fonterutoli, un vino de lujo del coraz\u00f3n de la Toscana, Italia. Esta excepcional mezcla se elabora con una combinaci\u00f3n de Sangiovese, Merlot y Cabernet Sauvignon, lo que da como resultado un perfil de sabor armonioso y complejo.<\/strong><\/p>\n<p><strong>Con su color rojo intenso y aromas a frutos rojos maduros, regaliz y tabaco, este vino deleitar\u00e1 los sentidos. Su cuerpo bien estructurado y textura aterciopelada lo convierten en el acompa\u00f1amiento perfecto para platos de pasta o carnes a la parrilla. Disfrute de la mejor experiencia vin\u00edcola italiana con el Mazzei Fonterutoli.<\/strong><\/p>\n<p><strong>BODEGA: Mazzei<\/strong><\/p>\n<p><strong>PA\u00cdS: Italia<\/strong><\/p>\n<p><strong>REGI\u00d3N: Chianti Classico DOCG<\/strong><\/p>\n<p><strong>TIPO: Tinto<\/strong><\/p>\n<p><strong>VINO: Fonterutoli<\/strong><\/p>\n<p><strong>CEPA: Sangiovese, Malvesia Nera &amp; Colorino<\/strong><\/p>\n","protected":false},"featured_media":19691,"comment_status":"open","ping_status":"closed","template":"","meta":[],"product_brand":[],"product_cat":[420,29],"product_tag":[446,448,447,369,148],"class_list":{"0":"post-19690","1":"product","2":"type-product","3":"status-publish","4":"has-post-thumbnail","6":"product_cat-tinto","7":"product_cat-vinos","8":"product_tag-chianti-classico-docg","9":"product_tag-colorino","10":"product_tag-malvesia-nera","11":"product_tag-sangiovese","12":"product_tag-vino-italiano","14":"first","15":"instock","16":"shipping-taxable","17":"purchasable","18":"product-type-simple"},"_links":{"self":[{"href":"https:\/\/lawhiskeria.cr\/index.php?rest_route=\/wp\/v2\/product\/19690","targetHints":{"allow":["GET"]}}],"collection":[{"href":"https:\/\/lawhiskeria.cr\/index.php?rest_route=\/wp\/v2\/product"}],"about":[{"href":"https:\/\/lawhiskeria.cr\/index.php?rest_route=\/wp\/v2\/types\/product"}],"replies":[{"embeddable":true,"href":"https:\/\/lawhiskeria.cr\/index.php?rest_route=%2Fwp%2Fv2%2Fcomments&post=19690"}],"version-history":[{"count":1,"href":"https:\/\/lawhiskeria.cr\/index.php?rest_route=\/wp\/v2\/product\/19690\/revisions"}],"predecessor-version":[{"id":19692,"href":"https:\/\/lawhiskeria.cr\/index.php?rest_route=\/wp\/v2\/product\/19690\/revisions\/19692"}],"wp:featuredmedia":[{"embeddable":true,"href":"https:\/\/lawhiskeria.cr\/index.php?rest_route=\/wp\/v2\/media\/19691"}],"wp:attachment":[{"href":"https:\/\/lawhiskeria.cr\/index.php?rest_route=%2Fwp%2Fv2%2Fmedia&parent=19690"}],"wp:term":[{"taxonomy":"product_brand","embeddable":true,"href":"https:\/\/lawhiskeria.cr\/index.php?rest_route=%2Fwp%2Fv2%2Fproduct_brand&post=19690"},{"taxonomy":"product_cat","embeddable":true,"href":"https:\/\/lawhiskeria.cr\/index.php?rest_route=%2Fwp%2Fv2%2Fproduct_cat&post=19690"},{"taxonomy":"product_tag","embeddable":true,"href":"https:\/\/lawhiskeria.cr\/index.php?rest_route=%2Fwp%2Fv2%2Fproduct_tag&post=19690"}],"curies":[{"name":"wp","href":"https:\/\/api.w.org\/{rel}","templated":true}]}}