{"id":19684,"date":"2026-01-29T00:54:58","date_gmt":"2026-01-29T00:54:58","guid":{"rendered":"https:\/\/lawhiskeria.cr\/?post_type=product&#038;p=19684"},"modified":"2026-04-05T23:18:23","modified_gmt":"2026-04-05T23:18:23","slug":"los-poetas-malbec-ig","status":"publish","type":"product","link":"https:\/\/lawhiskeria.cr\/?product=los-poetas-malbec-ig","title":{"rendered":"Los Poetas Malbec IG"},"content":{"rendered":"<p><strong>Los Poetas Malbec es un vino tinto argentino elaborado por la bodega Altocedro, bajo la direcci\u00f3n del en\u00f3logo Karim Mussi Saffie. Se caracteriza por ser un Malbec puro (100%) proveniente de La Consulta, en el Valle de Uco, Mendoza, una zona con Indicaci\u00f3n Geogr\u00e1fica (IG) protegida.<\/strong><\/p>\n<p><strong>Perfil y Caracter\u00edsticas del Vino<\/strong><\/p>\n<p><strong>Este vino est\u00e1 dise\u00f1ado para resaltar la pureza de la fruta y la identidad del terru\u00f1o, evitando el uso de madera para mantener un perfil fresco y vibrante.<\/strong><\/p>\n<p><strong>Nota de Cata: Presenta un color p\u00farpura intenso con aromas a frutos negros maduros, ciruelas, pasas y violetas, acompa\u00f1ados de un toque especiado.<\/strong><\/p>\n<p><strong>Boca: Es descrito como un vino de cuerpo completo con taninos redondeados y un final sabroso. Vivino destaca notas adicionales de chocolate y toques florales en algunas a\u00f1adas.<\/strong><\/p>\n<p><strong>Especificaciones T\u00e9cnicas: Suele tener un grado alcoh\u00f3lico de entre 14% y 14.5% ABV. Su vinificaci\u00f3n incluye fermentaci\u00f3n en piletas de hormig\u00f3n y estabilizaci\u00f3n natural.<\/strong><\/p>\n<p><strong>Etiqueta: El nombre y la etiqueta rinden homenaje a poetas favoritos del en\u00f3logo, como Jorge Luis Borges, Walt Whitman, Edgar Allan Poe y William Shakespeare, presentados en un collage gr\u00e1fico.<\/strong><\/p>\n<p><strong>Maridaje y Servicio<\/strong><\/p>\n<p><strong>Maridaje: Ideal para carnes rojas a la parrilla (asado), cordero, guisos consistentes, hamburguesas y quesos maduros como el cheddar.<\/strong><\/p>\n<p><strong>Temperatura de servicio: Se recomienda servir entre 16\u00b0C y 18\u00b0C para apreciar mejor su complejidad arom\u00e1tica.<\/strong><\/p>\n<p><strong>Disponibilidad y Valoraci\u00f3n<\/strong><\/p>\n<p><strong>El vino es valorado por su excelente relaci\u00f3n calidad-precio, obteniendo frecuentemente puntajes de 90 puntos por cr\u00edticos como Tim Atkin o en gu\u00edas como Descorchados para ciertas a\u00f1adas.<\/strong><\/p>\n<p><strong>Puntaje promedio: En la plataforma Vivino, mantiene una calificaci\u00f3n promedio de 3.9 estrellas basada en m\u00faltiples rese\u00f1as de usuarios.<\/strong><\/p>\n","protected":false},"excerpt":{"rendered":"<p><strong>Los Poetas es un vino tinto intenso y audaz proveniente de la regi\u00f3n de Mendoza, Argentina, conocida por producir algunos de los mejores Malbec del mundo.<\/strong><\/p>\n<p><strong>Este vino, elaborado 100% con uvas Malbec, ofrece un color p\u00farpura intenso con aromas a frutos negros maduros, violetas y un toque especiado. En boca, es jugoso y con cuerpo, con sabores a mora, ciruela y un toque de vainilla, con un final suave y persistente.<\/strong><\/p>\n<p><strong>Este Malbec marida a la perfecci\u00f3n con carnes a la parrilla, guisos contundentes y quesos fuertes, lo que lo convierte en una adici\u00f3n vers\u00e1til y deliciosa a cualquier colecci\u00f3n de vinos. Tanto si es un experto en vinos como si es un aficionado ocasional, Los Poetas sin duda le impresionar\u00e1 por su excepcional calidad y sabor.<\/strong><\/p>\n<p><strong>BODEGA: Altocedro<\/strong><\/p>\n<p><strong>PA\u00cdS: Argentina<\/strong><\/p>\n<p><strong>REGI\u00d3N: Valle de Uco &#8211; La Consulta<\/strong><\/p>\n<p><strong>VINO: Los Poetas<\/strong><\/p>\n<p><strong>CEPA: Malbec<\/strong><\/p>\n<p><iframe loading=\"lazy\" title=\"YouTube video player\" src=\"https:\/\/www.youtube.com\/embed\/VY5DoCpjtI4?si=NBIf5Tan6887-GQe&amp;start=2174\" width=\"560\" height=\"315\" frameborder=\"0\" allowfullscreen=\"allowfullscreen\"><\/iframe><\/p>\n","protected":false},"featured_media":19685,"comment_status":"open","ping_status":"closed","template":"","meta":[],"product_brand":[],"product_cat":[420,29],"product_tag":[152,309,151],"class_list":{"0":"post-19684","1":"product","2":"type-product","3":"status-publish","4":"has-post-thumbnail","6":"product_cat-tinto","7":"product_cat-vinos","8":"product_tag-malbec","9":"product_tag-valle-de-uco","10":"product_tag-vino-argentino","12":"first","13":"instock","14":"shipping-taxable","15":"purchasable","16":"product-type-simple"},"_links":{"self":[{"href":"https:\/\/lawhiskeria.cr\/index.php?rest_route=\/wp\/v2\/product\/19684","targetHints":{"allow":["GET"]}}],"collection":[{"href":"https:\/\/lawhiskeria.cr\/index.php?rest_route=\/wp\/v2\/product"}],"about":[{"href":"https:\/\/lawhiskeria.cr\/index.php?rest_route=\/wp\/v2\/types\/product"}],"replies":[{"embeddable":true,"href":"https:\/\/lawhiskeria.cr\/index.php?rest_route=%2Fwp%2Fv2%2Fcomments&post=19684"}],"version-history":[{"count":4,"href":"https:\/\/lawhiskeria.cr\/index.php?rest_route=\/wp\/v2\/product\/19684\/revisions"}],"predecessor-version":[{"id":19906,"href":"https:\/\/lawhiskeria.cr\/index.php?rest_route=\/wp\/v2\/product\/19684\/revisions\/19906"}],"wp:featuredmedia":[{"embeddable":true,"href":"https:\/\/lawhiskeria.cr\/index.php?rest_route=\/wp\/v2\/media\/19685"}],"wp:attachment":[{"href":"https:\/\/lawhiskeria.cr\/index.php?rest_route=%2Fwp%2Fv2%2Fmedia&parent=19684"}],"wp:term":[{"taxonomy":"product_brand","embeddable":true,"href":"https:\/\/lawhiskeria.cr\/index.php?rest_route=%2Fwp%2Fv2%2Fproduct_brand&post=19684"},{"taxonomy":"product_cat","embeddable":true,"href":"https:\/\/lawhiskeria.cr\/index.php?rest_route=%2Fwp%2Fv2%2Fproduct_cat&post=19684"},{"taxonomy":"product_tag","embeddable":true,"href":"https:\/\/lawhiskeria.cr\/index.php?rest_route=%2Fwp%2Fv2%2Fproduct_tag&post=19684"}],"curies":[{"name":"wp","href":"https:\/\/api.w.org\/{rel}","templated":true}]}}