{"id":19672,"date":"2026-01-26T18:56:38","date_gmt":"2026-01-26T18:56:38","guid":{"rendered":"https:\/\/lawhiskeria.cr\/?post_type=product&#038;p=19672"},"modified":"2026-03-26T22:10:14","modified_gmt":"2026-03-26T22:10:14","slug":"bellevoye-set-3-pure-malt","status":"publish","type":"product","link":"https:\/\/lawhiskeria.cr\/?product=bellevoye-set-3-pure-malt","title":{"rendered":"Bellevoye Set 3 Pure Malt"},"content":{"rendered":"","protected":false},"excerpt":{"rendered":"<p><strong>Descubr\u00ed el universo de Bellevoye, el whisky Triple Malt franc\u00e9s, en un exclusivo set de degustaci\u00f3n con sus tres expresiones m\u00e1s representativas.<\/strong><\/p>\n<p><strong>BELLEVOYE &#8211; 3 x 200ml &#8211; SET<\/strong><\/p>\n<p><strong>Bellevoye Bleu \u2013 Finalizado en Grano Fino &#8211; 200 ml. \u200b\u200b- 40% alc. Elegante y equilibrado, con notas suaves de vainilla, frutas y madera fina.<\/strong><\/p>\n<p><strong>Bellevoye Blanc \u2013 Finalizado en Sauternes &#8211; 200 ml \u200b\u200b- 40% alc. Refinado y fresco, afinado en barricas de Sauternes, con perfil frutal y sedoso.<\/strong><\/p>\n<p><strong>Bellevoye Rouge \u2013 Finalizdo en Grand Cru &#8211; 200 ml \u200b\u200b- 43% alc. Intenso y especiado, terminado en barricas de vino tinto, con car\u00e1cter y profundidad.<\/strong><\/p>\n<p><strong>Regalo perfecto para entendidos y aficionados. Elegante presentaci\u00f3n para descubrir un aut\u00e9ntico whisky franc\u00e9s con 3 acabados de barrica diferentes.<\/strong><\/p>\n<p><strong>Siempre un TRIPLE MALTA con 3 whiskies franceses de pura malta diferentes, procedentes de 3 destiler\u00edas distintas y 3 tipos de alambiques distintos.<\/strong><\/p>\n<p><iframe loading=\"lazy\" title=\"YouTube video player\" src=\"https:\/\/www.youtube.com\/embed\/KeMVFyqlo5Q?si=DZyoUnIngAElkpMs&amp;start=4731\" width=\"560\" height=\"315\" frameborder=\"0\" allowfullscreen=\"allowfullscreen\"><\/iframe><\/p>\n","protected":false},"featured_media":19673,"comment_status":"open","ping_status":"closed","template":"","meta":[],"product_brand":[],"product_cat":[322,32,71],"product_tag":[442,482,443,483,223],"class_list":{"0":"post-19672","1":"product","2":"type-product","3":"status-publish","4":"has-post-thumbnail","6":"product_cat-promociones","7":"product_cat-whisky","8":"product_cat-blends","9":"product_tag-blended-malt","10":"product_tag-grand-cru","11":"product_tag-grano-fino","12":"product_tag-sauternes","13":"product_tag-whisky-frances","15":"first","16":"instock","17":"sale","18":"shipping-taxable","19":"purchasable","20":"product-type-simple"},"_links":{"self":[{"href":"https:\/\/lawhiskeria.cr\/index.php?rest_route=\/wp\/v2\/product\/19672","targetHints":{"allow":["GET"]}}],"collection":[{"href":"https:\/\/lawhiskeria.cr\/index.php?rest_route=\/wp\/v2\/product"}],"about":[{"href":"https:\/\/lawhiskeria.cr\/index.php?rest_route=\/wp\/v2\/types\/product"}],"replies":[{"embeddable":true,"href":"https:\/\/lawhiskeria.cr\/index.php?rest_route=%2Fwp%2Fv2%2Fcomments&post=19672"}],"version-history":[{"count":4,"href":"https:\/\/lawhiskeria.cr\/index.php?rest_route=\/wp\/v2\/product\/19672\/revisions"}],"predecessor-version":[{"id":19789,"href":"https:\/\/lawhiskeria.cr\/index.php?rest_route=\/wp\/v2\/product\/19672\/revisions\/19789"}],"wp:featuredmedia":[{"embeddable":true,"href":"https:\/\/lawhiskeria.cr\/index.php?rest_route=\/wp\/v2\/media\/19673"}],"wp:attachment":[{"href":"https:\/\/lawhiskeria.cr\/index.php?rest_route=%2Fwp%2Fv2%2Fmedia&parent=19672"}],"wp:term":[{"taxonomy":"product_brand","embeddable":true,"href":"https:\/\/lawhiskeria.cr\/index.php?rest_route=%2Fwp%2Fv2%2Fproduct_brand&post=19672"},{"taxonomy":"product_cat","embeddable":true,"href":"https:\/\/lawhiskeria.cr\/index.php?rest_route=%2Fwp%2Fv2%2Fproduct_cat&post=19672"},{"taxonomy":"product_tag","embeddable":true,"href":"https:\/\/lawhiskeria.cr\/index.php?rest_route=%2Fwp%2Fv2%2Fproduct_tag&post=19672"}],"curies":[{"name":"wp","href":"https:\/\/api.w.org\/{rel}","templated":true}]}}