{"id":19616,"date":"2026-01-06T22:56:58","date_gmt":"2026-01-06T22:56:58","guid":{"rendered":"https:\/\/lawhiskeria.cr\/?post_type=product&#038;p=19616"},"modified":"2026-04-05T23:11:41","modified_gmt":"2026-04-05T23:11:41","slug":"lui-wind-blend-sauvignon-blanc-torrontes-2024","status":"publish","type":"product","link":"https:\/\/lawhiskeria.cr\/?product=lui-wind-blend-sauvignon-blanc-torrontes-2024","title":{"rendered":"Lui Wind Blend Sauvignon Blanc &#8211; Torrontes 2024"},"content":{"rendered":"","protected":false},"excerpt":{"rendered":"<p><strong>Variedad de uva 50% Torrontes \u2013 50% Sauvignon Blanc<\/strong><\/p>\n<p><strong>Vi\u00f1edo Torront\u00e9s de Cafayate, Salta a 1750 metros s.n.m. Sauvignon Blanc de Los \u00c1rboles, Valle de Uco, Mendoza a 1200 metros s.n.m.<\/strong><\/p>\n<p><strong>Detalles de la cosecha Recolecci\u00f3n manual en la tercera semana de marzo.<\/strong><\/p>\n<p><strong>Despalillado de granos. 100% en contacto con orujos en fr\u00edo antes de la fermentaci\u00f3n por 12 hrs. 28 d\u00edas de fermentaci\u00f3n alcoh\u00f3lica a 15 \u00b0C.<\/strong><\/p>\n<p><strong>Maduraci\u00f3n en tanques de acero inoxidable, sobre l\u00edas finas durante 3 meses, con movimientos peri\u00f3dicos para mejorar untuosidad.<\/strong><\/p>\n<p><strong>NOTAS DE CATA<\/strong><\/p>\n<p><strong>Color Se presenta brillante, de color amarillo p\u00e1lido con destellos verdosos.<\/strong><\/p>\n<p><strong>Aromas Muy expresiva, con aromas de car\u00e1cter floral, predominando las flores blancas, ruda y mel\u00f3n.<\/strong><\/p>\n<p><strong>Boca Muy frutal debido a su elevada acidez natural, de gran intensidad.<\/strong><\/p>\n<p><iframe loading=\"lazy\" title=\"YouTube video player\" src=\"https:\/\/www.youtube.com\/embed\/W0RLmCR3xsw?si=1cq3V4F8AxGHo_-_&amp;start=4600\" width=\"560\" height=\"315\" frameborder=\"0\" allowfullscreen=\"allowfullscreen\"><\/iframe><\/p>\n","protected":false},"featured_media":19617,"comment_status":"open","ping_status":"closed","template":"","meta":[],"product_brand":[],"product_cat":[421,29],"product_tag":[437,310,170,163,309,151,159],"class_list":{"0":"post-19616","1":"product","2":"type-product","3":"status-publish","4":"has-post-thumbnail","6":"product_cat-blanco-y-rosado","7":"product_cat-vinos","8":"product_tag-cafayate","9":"product_tag-mendoza","10":"product_tag-sauvignon-blanc","11":"product_tag-torrontes","12":"product_tag-valle-de-uco","13":"product_tag-vino-argentino","14":"product_tag-vino-blanco","16":"first","17":"instock","18":"shipping-taxable","19":"purchasable","20":"product-type-simple"},"_links":{"self":[{"href":"https:\/\/lawhiskeria.cr\/index.php?rest_route=\/wp\/v2\/product\/19616","targetHints":{"allow":["GET"]}}],"collection":[{"href":"https:\/\/lawhiskeria.cr\/index.php?rest_route=\/wp\/v2\/product"}],"about":[{"href":"https:\/\/lawhiskeria.cr\/index.php?rest_route=\/wp\/v2\/types\/product"}],"replies":[{"embeddable":true,"href":"https:\/\/lawhiskeria.cr\/index.php?rest_route=%2Fwp%2Fv2%2Fcomments&post=19616"}],"version-history":[{"count":3,"href":"https:\/\/lawhiskeria.cr\/index.php?rest_route=\/wp\/v2\/product\/19616\/revisions"}],"predecessor-version":[{"id":19904,"href":"https:\/\/lawhiskeria.cr\/index.php?rest_route=\/wp\/v2\/product\/19616\/revisions\/19904"}],"wp:featuredmedia":[{"embeddable":true,"href":"https:\/\/lawhiskeria.cr\/index.php?rest_route=\/wp\/v2\/media\/19617"}],"wp:attachment":[{"href":"https:\/\/lawhiskeria.cr\/index.php?rest_route=%2Fwp%2Fv2%2Fmedia&parent=19616"}],"wp:term":[{"taxonomy":"product_brand","embeddable":true,"href":"https:\/\/lawhiskeria.cr\/index.php?rest_route=%2Fwp%2Fv2%2Fproduct_brand&post=19616"},{"taxonomy":"product_cat","embeddable":true,"href":"https:\/\/lawhiskeria.cr\/index.php?rest_route=%2Fwp%2Fv2%2Fproduct_cat&post=19616"},{"taxonomy":"product_tag","embeddable":true,"href":"https:\/\/lawhiskeria.cr\/index.php?rest_route=%2Fwp%2Fv2%2Fproduct_tag&post=19616"}],"curies":[{"name":"wp","href":"https:\/\/api.w.org\/{rel}","templated":true}]}}