{"id":19613,"date":"2026-01-06T22:53:20","date_gmt":"2026-01-06T22:53:20","guid":{"rendered":"https:\/\/lawhiskeria.cr\/?post_type=product&#038;p=19613"},"modified":"2026-03-10T19:11:05","modified_gmt":"2026-03-10T19:11:05","slug":"lui-wind-blend-malbec-bonarda-2024","status":"publish","type":"product","link":"https:\/\/lawhiskeria.cr\/?product=lui-wind-blend-malbec-bonarda-2024","title":{"rendered":"Lui Wind Blend Malbec \u2013 Bonarda 2024"},"content":{"rendered":"","protected":false},"excerpt":{"rendered":"<p><strong>Variedad de uva 50% Malbec \u2013 50% Bonarda <\/strong><\/p>\n<p><strong>Vi\u00f1edo Malbec de Vista Flores, Valle de Uco, Mendoza a 1120 metros s.n.m. Bonarda de Maip\u00fa, Mendoza a 850 metros s.n.m. Sistema de conducci\u00f3n Espaldero cordon bilateral.<\/strong><\/p>\n<p><strong>Detalles de la cosecha Recolecci\u00f3n manual en la tercera semana de marzo.<\/strong><\/p>\n<p><strong>VINIFICACI\u00d3N: Selecci\u00f3n de racimos y despalillado de granos. Maceraci\u00f3n pre fermentativa por 48 hrs. 14 d\u00edas de fermentaci\u00f3n alcoh\u00f3lica. Fermentaci\u00f3n malol\u00e1ctica natural. Maduraci\u00f3n en tanques de acero inoxidable durante 3 meses en contacto con sus borras.<\/strong><\/p>\n<p><strong>NOTAS DE CATA<\/strong><\/p>\n<p><strong>Color Este vino se presenta con color viol\u00e1ceo profundo. Aromas A la nariz es intenso y complejo donde se destacan en nariz notas a ciruela, violetas y frambuesa.<\/strong><\/p>\n<p><strong>Boca En boca es equilibrado y de taninos amables. Tiene un largo y persistente final.<\/strong><\/p>\n<p><strong>En\u00f3logo: Mauricio Vegetti Lui.<\/strong><\/p>\n<p><iframe loading=\"lazy\" title=\"YouTube video player\" src=\"https:\/\/www.youtube.com\/embed\/W0RLmCR3xsw?si=1cq3V4F8AxGHo_-_&amp;start=4600\" width=\"560\" height=\"315\" frameborder=\"0\" allowfullscreen=\"allowfullscreen\"><\/iframe><\/p>\n","protected":false},"featured_media":19614,"comment_status":"open","ping_status":"closed","template":"","meta":[],"product_brand":[],"product_cat":[420,29],"product_tag":[436,152,310,309,151],"class_list":{"0":"post-19613","1":"product","2":"type-product","3":"status-publish","4":"has-post-thumbnail","6":"product_cat-tinto","7":"product_cat-vinos","8":"product_tag-bonarda","9":"product_tag-malbec","10":"product_tag-mendoza","11":"product_tag-valle-de-uco","12":"product_tag-vino-argentino","14":"first","15":"instock","16":"shipping-taxable","17":"purchasable","18":"product-type-simple"},"_links":{"self":[{"href":"https:\/\/lawhiskeria.cr\/index.php?rest_route=\/wp\/v2\/product\/19613","targetHints":{"allow":["GET"]}}],"collection":[{"href":"https:\/\/lawhiskeria.cr\/index.php?rest_route=\/wp\/v2\/product"}],"about":[{"href":"https:\/\/lawhiskeria.cr\/index.php?rest_route=\/wp\/v2\/types\/product"}],"replies":[{"embeddable":true,"href":"https:\/\/lawhiskeria.cr\/index.php?rest_route=%2Fwp%2Fv2%2Fcomments&post=19613"}],"version-history":[{"count":3,"href":"https:\/\/lawhiskeria.cr\/index.php?rest_route=\/wp\/v2\/product\/19613\/revisions"}],"predecessor-version":[{"id":19812,"href":"https:\/\/lawhiskeria.cr\/index.php?rest_route=\/wp\/v2\/product\/19613\/revisions\/19812"}],"wp:featuredmedia":[{"embeddable":true,"href":"https:\/\/lawhiskeria.cr\/index.php?rest_route=\/wp\/v2\/media\/19614"}],"wp:attachment":[{"href":"https:\/\/lawhiskeria.cr\/index.php?rest_route=%2Fwp%2Fv2%2Fmedia&parent=19613"}],"wp:term":[{"taxonomy":"product_brand","embeddable":true,"href":"https:\/\/lawhiskeria.cr\/index.php?rest_route=%2Fwp%2Fv2%2Fproduct_brand&post=19613"},{"taxonomy":"product_cat","embeddable":true,"href":"https:\/\/lawhiskeria.cr\/index.php?rest_route=%2Fwp%2Fv2%2Fproduct_cat&post=19613"},{"taxonomy":"product_tag","embeddable":true,"href":"https:\/\/lawhiskeria.cr\/index.php?rest_route=%2Fwp%2Fv2%2Fproduct_tag&post=19613"}],"curies":[{"name":"wp","href":"https:\/\/api.w.org\/{rel}","templated":true}]}}