{"id":19597,"date":"2025-12-28T20:47:54","date_gmt":"2025-12-28T20:47:54","guid":{"rendered":"https:\/\/lawhiskeria.cr\/?post_type=product&#038;p=19597"},"modified":"2026-01-11T04:10:02","modified_gmt":"2026-01-11T04:10:02","slug":"baron-de-ley-blanco","status":"publish","type":"product","link":"https:\/\/lawhiskeria.cr\/?product=baron-de-ley-blanco","title":{"rendered":"Bar\u00f3n de Ley Blanco"},"content":{"rendered":"<p><strong>Vi\u00f1edo: Tempranillo blanco procedente de vi\u00f1edos situados a gran altitud y con suelos arenosos muy permeables que proporcionan condiciones \u00f3ptimas para la elaboraci\u00f3n de blancos frescos y con una elegante acidez.<\/strong><\/p>\n<p><strong>Garnacha blanca procedente de nuestra finca \u201cLos Almendros\u201d con suelos poco profundos arenosos con abundantes gravas calc\u00e1reas.<\/strong><\/p>\n<p><strong>Viura de la zona de Arenzana en Rioja Alta, un lugar perfecto para el cultivo de esta uva blanca caracter\u00edstica de Rioja.<\/strong><\/p>\n<p><strong>Elaboraci\u00f3n<\/strong><\/p>\n<p><strong>Tempranillo blanco y Garnacha blanca fermentan por separado en dep\u00f3sitos de hormig\u00f3n, mientras que la Viura lo hace en dep\u00f3sitos de acero inoxidable. Cada variedad se trabaja un m\u00ednimo de 3 meses en l\u00edas. El ensamblaje se realiza en dep\u00f3sitos de acero inoxidable hasta el embotellado.<\/strong><\/p>\n","protected":false},"excerpt":{"rendered":"<p><strong>La singularidad de las\u00a0<em>variedades blancas de Rioja<\/em><\/strong><\/p>\n<p><strong>Variedades: Viura, Garnacha blanca y Tempranillo blanco.<\/strong><\/p>\n<p><strong>Color amarillo p\u00e1lido de reflejos verdosos.<\/strong><\/p>\n<p><strong>Aroma: En nariz sorprende por su gran expresividad, con una atractiva gama de aromas ex\u00f3ticos y hierbas arom\u00e1ticas, como el eneldo y el cilantro.<\/strong><\/p>\n<p><strong>En boca: Fresco, equilibrado, untuoso y largo. Sobresalen sabores c\u00edtricos y de fruta blanca con fondo floral.<\/strong><\/p>\n<p><strong>Maridaje gastron\u00f3mico: Vino ideal para mariscos y pescados. Marida perfectamente con comidas picantes, como la cocina tailandesa, mexicana o hind\u00fa.<\/strong><\/p>\n<p><strong>Temperatura de servicio: 5\u00b0C &#8211; 8\u00b0C<\/strong><\/p>\n<p><iframe loading=\"lazy\" width=\"560\" height=\"315\" src=\"https:\/\/www.youtube.com\/embed\/GaHyVJI4VHw?si=BKZ_xQCISqmVpyZt&amp;start=1535\" title=\"YouTube video player\" frameborder=\"0\" allow=\"accelerometer; autoplay; clipboard-write; encrypted-media; gyroscope; picture-in-picture; web-share\" referrerpolicy=\"strict-origin-when-cross-origin\" allowfullscreen><\/iframe><\/p>\n","protected":false},"featured_media":19598,"comment_status":"open","ping_status":"closed","template":"","meta":[],"product_brand":[],"product_cat":[421,29],"product_tag":[153,171,245,242,159,149,244],"class_list":{"0":"post-19597","1":"product","2":"type-product","3":"status-publish","4":"has-post-thumbnail","6":"product_cat-blanco-y-rosado","7":"product_cat-vinos","8":"product_tag-blend","9":"product_tag-garnacha-blanca","10":"product_tag-rioja","11":"product_tag-tempranillo-blanco","12":"product_tag-vino-blanco","13":"product_tag-vino-espanol","14":"product_tag-viura","16":"first","17":"instock","18":"shipping-taxable","19":"purchasable","20":"product-type-simple"},"_links":{"self":[{"href":"https:\/\/lawhiskeria.cr\/index.php?rest_route=\/wp\/v2\/product\/19597","targetHints":{"allow":["GET"]}}],"collection":[{"href":"https:\/\/lawhiskeria.cr\/index.php?rest_route=\/wp\/v2\/product"}],"about":[{"href":"https:\/\/lawhiskeria.cr\/index.php?rest_route=\/wp\/v2\/types\/product"}],"replies":[{"embeddable":true,"href":"https:\/\/lawhiskeria.cr\/index.php?rest_route=%2Fwp%2Fv2%2Fcomments&post=19597"}],"version-history":[{"count":2,"href":"https:\/\/lawhiskeria.cr\/index.php?rest_route=\/wp\/v2\/product\/19597\/revisions"}],"predecessor-version":[{"id":19620,"href":"https:\/\/lawhiskeria.cr\/index.php?rest_route=\/wp\/v2\/product\/19597\/revisions\/19620"}],"wp:featuredmedia":[{"embeddable":true,"href":"https:\/\/lawhiskeria.cr\/index.php?rest_route=\/wp\/v2\/media\/19598"}],"wp:attachment":[{"href":"https:\/\/lawhiskeria.cr\/index.php?rest_route=%2Fwp%2Fv2%2Fmedia&parent=19597"}],"wp:term":[{"taxonomy":"product_brand","embeddable":true,"href":"https:\/\/lawhiskeria.cr\/index.php?rest_route=%2Fwp%2Fv2%2Fproduct_brand&post=19597"},{"taxonomy":"product_cat","embeddable":true,"href":"https:\/\/lawhiskeria.cr\/index.php?rest_route=%2Fwp%2Fv2%2Fproduct_cat&post=19597"},{"taxonomy":"product_tag","embeddable":true,"href":"https:\/\/lawhiskeria.cr\/index.php?rest_route=%2Fwp%2Fv2%2Fproduct_tag&post=19597"}],"curies":[{"name":"wp","href":"https:\/\/api.w.org\/{rel}","templated":true}]}}