{"id":19494,"date":"2025-11-26T20:25:42","date_gmt":"2025-11-26T20:25:42","guid":{"rendered":"https:\/\/lawhiskeria.cr\/?post_type=product&#038;p=19494"},"modified":"2025-11-26T20:31:22","modified_gmt":"2025-11-26T20:31:22","slug":"glenmorangie-the-infinita-18-anos","status":"publish","type":"product","link":"https:\/\/lawhiskeria.cr\/?product=glenmorangie-the-infinita-18-anos","title":{"rendered":"Glenmorangie \u201cThe Infinita\u201d 18 a\u00f1os"},"content":{"rendered":"","protected":false},"excerpt":{"rendered":"<p>INFINITAMENTE DELICIOSO<\/p>\n<p>El mundo de Glenmorangie abarca un interminable caleidoscopio de sabores y aromas. Maravilloso y siempre sorprendente, The Infinita los encarna todos.<\/p>\n<p>Cada gota deslumbrante de esta expresi\u00f3n de 18 a\u00f1os muestra la infinita imaginaci\u00f3n de Dr Bill Lumsden, el galardonado creador de whisky de Glenmorangie.<\/p>\n<p>Con cada sorbo, te recibe un sabor diferente. Encuentra notas melosas que se deslizan sobre charcos de naranja caramelizada. O jardines de jazm\u00edn y flor de lim\u00f3n, acariciados por la brisa. O una rapsodia de riqueza c\u00e1lida de higo y profundidad de mermelada de naranja, tocada por susurros de humo de fogata&#8230;<\/p>\n<p>Un trago solo de esta expresi\u00f3n es indudablemente delicioso.<\/p>\n<p>Para descubrir nuevos y sorprendentes sabores, agrega hielo de gran calidad o unas gotas de agua.<\/p>\n<p>Nos encanta The Infinita mezclado en un Old Fashioned. No tengas miedo de experimentar con diferentes sabores y preparaciones, para una deliciosa experiencia sin fin.<\/p>\n<p>ABV: 43.0% | 750 ml.<\/p>\n","protected":false},"featured_media":19495,"comment_status":"open","ping_status":"closed","template":"","meta":[],"product_brand":[],"product_cat":[32,72],"product_tag":[108,110],"class_list":{"0":"post-19494","1":"product","2":"type-product","3":"status-publish","4":"has-post-thumbnail","6":"product_cat-whisky","7":"product_cat-single-malt","8":"product_tag-single-malt","9":"product_tag-whisky-escoces","11":"first","12":"instock","13":"shipping-taxable","14":"purchasable","15":"product-type-simple"},"_links":{"self":[{"href":"https:\/\/lawhiskeria.cr\/index.php?rest_route=\/wp\/v2\/product\/19494","targetHints":{"allow":["GET"]}}],"collection":[{"href":"https:\/\/lawhiskeria.cr\/index.php?rest_route=\/wp\/v2\/product"}],"about":[{"href":"https:\/\/lawhiskeria.cr\/index.php?rest_route=\/wp\/v2\/types\/product"}],"replies":[{"embeddable":true,"href":"https:\/\/lawhiskeria.cr\/index.php?rest_route=%2Fwp%2Fv2%2Fcomments&post=19494"}],"version-history":[{"count":1,"href":"https:\/\/lawhiskeria.cr\/index.php?rest_route=\/wp\/v2\/product\/19494\/revisions"}],"predecessor-version":[{"id":19496,"href":"https:\/\/lawhiskeria.cr\/index.php?rest_route=\/wp\/v2\/product\/19494\/revisions\/19496"}],"wp:featuredmedia":[{"embeddable":true,"href":"https:\/\/lawhiskeria.cr\/index.php?rest_route=\/wp\/v2\/media\/19495"}],"wp:attachment":[{"href":"https:\/\/lawhiskeria.cr\/index.php?rest_route=%2Fwp%2Fv2%2Fmedia&parent=19494"}],"wp:term":[{"taxonomy":"product_brand","embeddable":true,"href":"https:\/\/lawhiskeria.cr\/index.php?rest_route=%2Fwp%2Fv2%2Fproduct_brand&post=19494"},{"taxonomy":"product_cat","embeddable":true,"href":"https:\/\/lawhiskeria.cr\/index.php?rest_route=%2Fwp%2Fv2%2Fproduct_cat&post=19494"},{"taxonomy":"product_tag","embeddable":true,"href":"https:\/\/lawhiskeria.cr\/index.php?rest_route=%2Fwp%2Fv2%2Fproduct_tag&post=19494"}],"curies":[{"name":"wp","href":"https:\/\/api.w.org\/{rel}","templated":true}]}}