{"id":19449,"date":"2025-11-12T23:02:30","date_gmt":"2025-11-12T23:02:30","guid":{"rendered":"https:\/\/lawhiskeria.cr\/?post_type=product&#038;p=19449"},"modified":"2025-11-12T23:02:31","modified_gmt":"2025-11-12T23:02:31","slug":"ruffino-riserva-ducale-oro-chianti-classico","status":"publish","type":"product","link":"https:\/\/lawhiskeria.cr\/?product=ruffino-riserva-ducale-oro-chianti-classico","title":{"rendered":"Ruffino Riserva Ducale Oro Chianti Classico"},"content":{"rendered":"","protected":false},"excerpt":{"rendered":"<p><strong>Ruffino Riserva Ducale Oro Chianti Classico Gran Selezione 2020<\/strong><\/p>\n<p><strong>Chianti Classico Gran Selecci\u00f3n DOCG<\/strong><\/p>\n<p><strong>En 1927, se elabor\u00f3 \u200b\u200bla primera a\u00f1ada de Riserva Ducale como homenaje al duque de Aosta, un gran amante del vino. Dos d\u00e9cadas despu\u00e9s, en 1947, Ruffino conmemor\u00f3 esta a\u00f1ada excepcional con la presentaci\u00f3n de la primera Riserva Ducale Oro, adelantando el concepto de Gran Selecci\u00f3n a su tiempo. Su potencial de guarda durante d\u00e9cadas solo es comparable a su importancia hist\u00f3rica.<\/strong><\/p>\n<p><strong>Variedades de uva: 80% Sangiovese, 20% Merlot, Cabernet Sauvignon y otras uvas complementarias<\/strong><\/p>\n<p><strong>Caracter\u00edsticas del vi\u00f1edo<\/strong><\/p>\n<p><strong>Vi\u00f1edos selectos de Gretole y Santedame, enclavados en el coraz\u00f3n de Castellina in Chianti.<\/strong><\/p>\n<p><strong>Envejecimiento: 12 meses en hormig\u00f3n, 12 meses en barricas de segundo uso,12 meses en grandes barricas de roble de Eslavonia.<\/strong><\/p>\n<p><strong>Notas del en\u00f3logo: <\/strong><strong>Rojo rub\u00ed con reflejos granate. Este vino expresa un distintivo bouquet toscano de violeta, cereza y ciruela, con aromas de chocolate y especias. Intensos aromas de violeta, mora, cereza y ciruela madura con intrigantes notas de canela y clavo. Elegancia y estructura cl\u00e1sicas donde la fruta, los taninos y las especias forman un equilibrio perfecto, con un final persistente de chocolate y caf\u00e9.<\/strong><\/p>\n<p><strong>Temperatura de servicio: 18 \u00b0C \/ 64 \u00b0F<\/strong><\/p>\n<p><strong>ABV 14,5% &#8211; 750 ml.<\/strong><\/p>\n","protected":false},"featured_media":19450,"comment_status":"open","ping_status":"closed","template":"","meta":[],"product_brand":[],"product_cat":[420,29],"product_tag":[153,158,431,168,369,148],"class_list":{"0":"post-19449","1":"product","2":"type-product","3":"status-publish","4":"has-post-thumbnail","6":"product_cat-tinto","7":"product_cat-vinos","8":"product_tag-blend","9":"product_tag-cabernet-sauvignon","10":"product_tag-chianti-classico-gran-seleccion-docg","11":"product_tag-merlot","12":"product_tag-sangiovese","13":"product_tag-vino-italiano","15":"first","16":"instock","17":"shipping-taxable","18":"purchasable","19":"product-type-simple"},"_links":{"self":[{"href":"https:\/\/lawhiskeria.cr\/index.php?rest_route=\/wp\/v2\/product\/19449","targetHints":{"allow":["GET"]}}],"collection":[{"href":"https:\/\/lawhiskeria.cr\/index.php?rest_route=\/wp\/v2\/product"}],"about":[{"href":"https:\/\/lawhiskeria.cr\/index.php?rest_route=\/wp\/v2\/types\/product"}],"replies":[{"embeddable":true,"href":"https:\/\/lawhiskeria.cr\/index.php?rest_route=%2Fwp%2Fv2%2Fcomments&post=19449"}],"version-history":[{"count":1,"href":"https:\/\/lawhiskeria.cr\/index.php?rest_route=\/wp\/v2\/product\/19449\/revisions"}],"predecessor-version":[{"id":19451,"href":"https:\/\/lawhiskeria.cr\/index.php?rest_route=\/wp\/v2\/product\/19449\/revisions\/19451"}],"wp:featuredmedia":[{"embeddable":true,"href":"https:\/\/lawhiskeria.cr\/index.php?rest_route=\/wp\/v2\/media\/19450"}],"wp:attachment":[{"href":"https:\/\/lawhiskeria.cr\/index.php?rest_route=%2Fwp%2Fv2%2Fmedia&parent=19449"}],"wp:term":[{"taxonomy":"product_brand","embeddable":true,"href":"https:\/\/lawhiskeria.cr\/index.php?rest_route=%2Fwp%2Fv2%2Fproduct_brand&post=19449"},{"taxonomy":"product_cat","embeddable":true,"href":"https:\/\/lawhiskeria.cr\/index.php?rest_route=%2Fwp%2Fv2%2Fproduct_cat&post=19449"},{"taxonomy":"product_tag","embeddable":true,"href":"https:\/\/lawhiskeria.cr\/index.php?rest_route=%2Fwp%2Fv2%2Fproduct_tag&post=19449"}],"curies":[{"name":"wp","href":"https:\/\/api.w.org\/{rel}","templated":true}]}}