{"id":19434,"date":"2025-11-09T22:46:08","date_gmt":"2025-11-09T22:46:08","guid":{"rendered":"https:\/\/lawhiskeria.cr\/?post_type=product&#038;p=19434"},"modified":"2025-11-09T22:50:40","modified_gmt":"2025-11-09T22:50:40","slug":"rhum-jm-agricola-x-o","status":"publish","type":"product","link":"https:\/\/lawhiskeria.cr\/?product=rhum-jm-agricola-x-o","title":{"rendered":"Rhum JM Agr\u00edcola X.O"},"content":{"rendered":"<p><strong>AOC Martinique Rhum JM nace en 1845, luego de que Jean-Marie Martin, tras comprar la propiedad crea la marca utilizando las iniciales de su nombre \u201cJM\u201d.<\/strong><\/p>\n<p><strong>Ubicado en el peque\u00f1o pueblo norte\u00f1o de Macouba, Martinica, en la base del ic\u00f3nico volc\u00e1n Monte Pel\u00e9e, la destiler\u00eda &#8220;Fonds-Pr\u00e9ville&#8221;, nombrada as\u00ed por su segundo due\u00f1o Antoine\u00a0 Leroux-Pr\u00e9ville quien comprara la finca en 1790. Es aqu\u00ed que Rhum J.M produce el mejor Rhum Agricole AOC a partir de ca\u00f1a de az\u00facar cultivada en la finca. <\/strong><\/p>\n<p><strong>Acreditada como la primera destiler\u00eda registrada en producir Rhum Agricole, no existe un triturado de ca\u00f1a de az\u00facar m\u00e1s fresco en el mundo, y la ca\u00f1a de az\u00facar tarda menos de una hora en pasar del campo al tanque de fermentaci\u00f3n. <\/strong><\/p>\n<p><strong>En la actualidad la destiler\u00eda es propiedad de Bernard Hayot quienes reinventan la marca para preservar su estatus como una de las mejores marcas de ron del mundo. Desde el 2006 se hicieron grandes esfuerzos para convertirla en una destiler\u00eda sin desperdicios, incluida una caldera sin escape, la conversi\u00f3n al 100% de reutilizaci\u00f3n del bagazo y enormes estanques de lirios para neutralizar todo el desperdicio de agua.<\/strong><\/p>\n","protected":false},"excerpt":{"rendered":"<p><strong>AOC Martinique<\/strong><\/p>\n<p><strong>Origen: Martinique, Francia.<\/strong><\/p>\n<p><strong>Terroir: Suelos volc\u00e1nicos.<\/strong><\/p>\n<p><strong>Crianza: 6 a\u00f1os en barricas de roble americano, previamente usadas para bourbon.<\/strong><\/p>\n<p><strong>PROCESO DE PRODUCCI\u00d3N<\/strong><\/p>\n<p><strong>Materia prima: Jugos frescos de ca\u00f1a de az\u00facar.<\/strong><\/p>\n<p><strong>Destilaci\u00f3n: Realizada en columnas de cobre criollas.<\/strong><\/p>\n<p><strong>A\u00f1ejamiento: Re-carbonizaci\u00f3n en barricas, que permite una extracci\u00f3n compleja de sabores.<\/strong><\/p>\n<p><strong>Color: dorado.<\/strong><\/p>\n<p><strong>Aroma: notas frutales, fruta caramelizada, mermelada y especias.<\/strong><\/p>\n<p><strong>Sabor: complejo y redondo, pimienta, canela, mango y maracuy\u00e1.<\/strong><\/p>\n<p><strong>45% ABV &#8211; 700 ml.<\/strong><\/p>\n","protected":false},"featured_media":19435,"comment_status":"open","ping_status":"closed","template":"","meta":[],"product_brand":[],"product_cat":[427,20],"product_tag":[429,428],"class_list":{"0":"post-19434","1":"product","2":"type-product","3":"status-publish","4":"has-post-thumbnail","6":"product_cat-ron","7":"product_cat-lpremium","8":"product_tag-martinica","9":"product_tag-ron-agricola","11":"first","12":"instock","13":"shipping-taxable","14":"purchasable","15":"product-type-simple"},"_links":{"self":[{"href":"https:\/\/lawhiskeria.cr\/index.php?rest_route=\/wp\/v2\/product\/19434","targetHints":{"allow":["GET"]}}],"collection":[{"href":"https:\/\/lawhiskeria.cr\/index.php?rest_route=\/wp\/v2\/product"}],"about":[{"href":"https:\/\/lawhiskeria.cr\/index.php?rest_route=\/wp\/v2\/types\/product"}],"replies":[{"embeddable":true,"href":"https:\/\/lawhiskeria.cr\/index.php?rest_route=%2Fwp%2Fv2%2Fcomments&post=19434"}],"version-history":[{"count":1,"href":"https:\/\/lawhiskeria.cr\/index.php?rest_route=\/wp\/v2\/product\/19434\/revisions"}],"predecessor-version":[{"id":19436,"href":"https:\/\/lawhiskeria.cr\/index.php?rest_route=\/wp\/v2\/product\/19434\/revisions\/19436"}],"wp:featuredmedia":[{"embeddable":true,"href":"https:\/\/lawhiskeria.cr\/index.php?rest_route=\/wp\/v2\/media\/19435"}],"wp:attachment":[{"href":"https:\/\/lawhiskeria.cr\/index.php?rest_route=%2Fwp%2Fv2%2Fmedia&parent=19434"}],"wp:term":[{"taxonomy":"product_brand","embeddable":true,"href":"https:\/\/lawhiskeria.cr\/index.php?rest_route=%2Fwp%2Fv2%2Fproduct_brand&post=19434"},{"taxonomy":"product_cat","embeddable":true,"href":"https:\/\/lawhiskeria.cr\/index.php?rest_route=%2Fwp%2Fv2%2Fproduct_cat&post=19434"},{"taxonomy":"product_tag","embeddable":true,"href":"https:\/\/lawhiskeria.cr\/index.php?rest_route=%2Fwp%2Fv2%2Fproduct_tag&post=19434"}],"curies":[{"name":"wp","href":"https:\/\/api.w.org\/{rel}","templated":true}]}}