{"id":19389,"date":"2025-10-30T20:58:48","date_gmt":"2025-10-30T20:58:48","guid":{"rendered":"https:\/\/lawhiskeria.cr\/?post_type=product&#038;p=19389"},"modified":"2026-04-13T21:46:49","modified_gmt":"2026-04-13T21:46:49","slug":"corazon-spumante","status":"publish","type":"product","link":"https:\/\/lawhiskeria.cr\/?product=corazon-spumante","title":{"rendered":"Coraz\u00f3n Spumante Moscatel"},"content":{"rendered":"","protected":false},"excerpt":{"rendered":"<p><strong>Bodega Iniesta<\/strong><\/p>\n<p><strong>Mosto de uva parcialmente fermentado a partir de la variedad de uva Moscatel. Alcohol: 7% vol. Fuentealbilla.<\/strong><\/p>\n<ul>\n<li><strong> Vista: color amarillo p\u00e1lido. Burbuja fina y persistente debida a la lenta fermentaci\u00f3n y a la larga crianza sobre l\u00edas.<\/strong><\/li>\n<li><strong> Nariz: aromas caracter\u00edsticos de la variedad Moscatel, con recuerdos a flores blancas como el jazm\u00edn y notas c\u00edtricas de gran complejidad.<\/strong><\/li>\n<li><strong> Boca: excelente equilibrio entre el dulzor de los az\u00facares de la uva con la acidez y la tensi\u00f3n de las burbujas.<\/strong><\/li>\n<\/ul>\n<p><strong>Maridaje: Perfecto acompa\u00f1amiento para cualquier momento de las comidas, especialmente para todo tipo de postres con la fruta como protagonista.<\/strong><\/p>\n<p><strong>Conservar: En oscuridad a temperatura constante inferior a 16\u00baC y humedad de 70-75%.<\/strong><\/p>\n","protected":false},"featured_media":19390,"comment_status":"open","ping_status":"closed","template":"","meta":[],"product_brand":[],"product_cat":[422,29],"product_tag":[426,330,149,147],"class_list":{"0":"post-19389","1":"product","2":"type-product","3":"status-publish","4":"has-post-thumbnail","6":"product_cat-espumosos","7":"product_cat-vinos","8":"product_tag-fuentealbilla","9":"product_tag-moscatel","10":"product_tag-vino-espanol","11":"product_tag-vino-espumoso","13":"first","14":"instock","15":"shipping-taxable","16":"purchasable","17":"product-type-simple"},"_links":{"self":[{"href":"https:\/\/lawhiskeria.cr\/index.php?rest_route=\/wp\/v2\/product\/19389","targetHints":{"allow":["GET"]}}],"collection":[{"href":"https:\/\/lawhiskeria.cr\/index.php?rest_route=\/wp\/v2\/product"}],"about":[{"href":"https:\/\/lawhiskeria.cr\/index.php?rest_route=\/wp\/v2\/types\/product"}],"replies":[{"embeddable":true,"href":"https:\/\/lawhiskeria.cr\/index.php?rest_route=%2Fwp%2Fv2%2Fcomments&post=19389"}],"version-history":[{"count":2,"href":"https:\/\/lawhiskeria.cr\/index.php?rest_route=\/wp\/v2\/product\/19389\/revisions"}],"predecessor-version":[{"id":19512,"href":"https:\/\/lawhiskeria.cr\/index.php?rest_route=\/wp\/v2\/product\/19389\/revisions\/19512"}],"wp:featuredmedia":[{"embeddable":true,"href":"https:\/\/lawhiskeria.cr\/index.php?rest_route=\/wp\/v2\/media\/19390"}],"wp:attachment":[{"href":"https:\/\/lawhiskeria.cr\/index.php?rest_route=%2Fwp%2Fv2%2Fmedia&parent=19389"}],"wp:term":[{"taxonomy":"product_brand","embeddable":true,"href":"https:\/\/lawhiskeria.cr\/index.php?rest_route=%2Fwp%2Fv2%2Fproduct_brand&post=19389"},{"taxonomy":"product_cat","embeddable":true,"href":"https:\/\/lawhiskeria.cr\/index.php?rest_route=%2Fwp%2Fv2%2Fproduct_cat&post=19389"},{"taxonomy":"product_tag","embeddable":true,"href":"https:\/\/lawhiskeria.cr\/index.php?rest_route=%2Fwp%2Fv2%2Fproduct_tag&post=19389"}],"curies":[{"name":"wp","href":"https:\/\/api.w.org\/{rel}","templated":true}]}}