{"id":19386,"date":"2025-10-30T20:52:27","date_gmt":"2025-10-30T20:52:27","guid":{"rendered":"https:\/\/lawhiskeria.cr\/?post_type=product&#038;p=19386"},"modified":"2026-04-13T21:48:27","modified_gmt":"2026-04-13T21:48:27","slug":"corazon-spumante-blanco","status":"publish","type":"product","link":"https:\/\/lawhiskeria.cr\/?product=corazon-spumante-blanco","title":{"rendered":"Coraz\u00f3n Spumante Blanco"},"content":{"rendered":"","protected":false},"excerpt":{"rendered":"<p><strong>Bodega Iniesta<\/strong><\/p>\n<p><strong>Vino espumoso blanco a partir de la variedad de uva Macabeo. Alcohol: 11,5% vol. D.O. Manchuela (Fuentealbilla).<\/strong><\/p>\n<ul>\n<li><strong> Vista: color amarillo p\u00e1lido con reflejos verdosos. Burbuja fina y persistente debida a la lenta fermentaci\u00f3n y la larga crianza sobre l\u00edas.<\/strong><\/li>\n<li><strong> Nariz: aromas a flores blancas, t\u00edpicos de la variedad Macabeo.<\/strong><\/li>\n<li><strong> Boca: una fina burbuja que nos acaricia el paladar, nos aporta cremosidad y equilibra las sensaciones de dulzor debidas a los az\u00facares residuales.<\/strong><\/li>\n<\/ul>\n<p><strong>Maridaje: Amplia gama de alimentos, como ensaladas, todo tipo de arroces, mariscos y pescados. Ideal para acompa\u00f1ar durante el aperitivo, en el desarrollo de la comida e incluso con el postre.<\/strong><\/p>\n<p><strong>Conservar: En oscuridad a temperatura constante inferior a 16\u00baC y humedad de 70-75%.<\/strong><\/p>\n","protected":false},"featured_media":19387,"comment_status":"open","ping_status":"closed","template":"","meta":[],"product_brand":[],"product_cat":[421,422,29],"product_tag":[425,426,174,159,149,147],"class_list":{"0":"post-19386","1":"product","2":"type-product","3":"status-publish","4":"has-post-thumbnail","6":"product_cat-blanco-y-rosado","7":"product_cat-espumosos","8":"product_cat-vinos","9":"product_tag-d-o-manchuela","10":"product_tag-fuentealbilla","11":"product_tag-macabeo","12":"product_tag-vino-blanco","13":"product_tag-vino-espanol","14":"product_tag-vino-espumoso","16":"first","17":"instock","18":"shipping-taxable","19":"purchasable","20":"product-type-simple"},"_links":{"self":[{"href":"https:\/\/lawhiskeria.cr\/index.php?rest_route=\/wp\/v2\/product\/19386","targetHints":{"allow":["GET"]}}],"collection":[{"href":"https:\/\/lawhiskeria.cr\/index.php?rest_route=\/wp\/v2\/product"}],"about":[{"href":"https:\/\/lawhiskeria.cr\/index.php?rest_route=\/wp\/v2\/types\/product"}],"replies":[{"embeddable":true,"href":"https:\/\/lawhiskeria.cr\/index.php?rest_route=%2Fwp%2Fv2%2Fcomments&post=19386"}],"version-history":[{"count":2,"href":"https:\/\/lawhiskeria.cr\/index.php?rest_route=\/wp\/v2\/product\/19386\/revisions"}],"predecessor-version":[{"id":19392,"href":"https:\/\/lawhiskeria.cr\/index.php?rest_route=\/wp\/v2\/product\/19386\/revisions\/19392"}],"wp:featuredmedia":[{"embeddable":true,"href":"https:\/\/lawhiskeria.cr\/index.php?rest_route=\/wp\/v2\/media\/19387"}],"wp:attachment":[{"href":"https:\/\/lawhiskeria.cr\/index.php?rest_route=%2Fwp%2Fv2%2Fmedia&parent=19386"}],"wp:term":[{"taxonomy":"product_brand","embeddable":true,"href":"https:\/\/lawhiskeria.cr\/index.php?rest_route=%2Fwp%2Fv2%2Fproduct_brand&post=19386"},{"taxonomy":"product_cat","embeddable":true,"href":"https:\/\/lawhiskeria.cr\/index.php?rest_route=%2Fwp%2Fv2%2Fproduct_cat&post=19386"},{"taxonomy":"product_tag","embeddable":true,"href":"https:\/\/lawhiskeria.cr\/index.php?rest_route=%2Fwp%2Fv2%2Fproduct_tag&post=19386"}],"curies":[{"name":"wp","href":"https:\/\/api.w.org\/{rel}","templated":true}]}}