{"id":19383,"date":"2025-10-30T20:47:10","date_gmt":"2025-10-30T20:47:10","guid":{"rendered":"https:\/\/lawhiskeria.cr\/?post_type=product&#038;p=19383"},"modified":"2026-04-01T00:31:42","modified_gmt":"2026-04-01T00:31:42","slug":"finca-el-carril-paolo-andrea","status":"publish","type":"product","link":"https:\/\/lawhiskeria.cr\/?product=finca-el-carril-paolo-andrea","title":{"rendered":"Finca El Carril Paolo Andrea"},"content":{"rendered":"","protected":false},"excerpt":{"rendered":"<p><strong>Vino tinto crianza del 2016 a partir de la variedad de uva Bobal. 12 meses en barrica de roble franc\u00e9s nueva y 12 meses en botellero en bodega. Alcohol: 14% vol. D.O. Manchuela (Fuentealbilla).<\/strong><\/p>\n<ul>\n<li><strong> Vista: color rojo intenso, muy concentrado, con reflejos vivos y viol\u00e1ceos<\/strong><\/li>\n<li><strong> Nariz: destaca una fruta roja muy n\u00edtida (frambuesa y ar\u00e1ndano) que se adorna con elegantes tostados, toffees y un recuerdo final de regaliz.<\/strong><\/li>\n<li><strong> Boca: potente, mostrando de entrada una buena acidez. Vemos un tanino potente, buen ejemplo de la rusticidad de la Bobal que progresivamente se nos va alargando en la boca, dando en la retronasal toda la expresi\u00f3n brutal de la fruta, mucha longitud y postgusto que nos lleva a los recuerdos de la hoja de higuera de los r\u00edos mediterr\u00e1neos, en definitiva, una a\u00f1ada muy concentrada y expresiva.<\/strong><\/li>\n<\/ul>\n<p><strong>*La posible aparici\u00f3n de precipitados es natural ya que no est\u00e1 sometido a filtraci\u00f3n indicando la calidad y pureza de este vino.<\/strong><\/p>\n<p><strong>Maridaje: Quesos curados, carnes rojas, cocidos, guisos y caza.<\/strong><\/p>\n<p><strong>Conservar: En oscuridad a temperatura constante inferior a 16\u00baC y humedad de 70-75%.<\/strong><\/p>\n","protected":false},"featured_media":19384,"comment_status":"open","ping_status":"closed","template":"","meta":[],"product_brand":[],"product_cat":[420,29],"product_tag":[270,220,425,426,149],"class_list":{"0":"post-19383","1":"product","2":"type-product","3":"status-publish","4":"has-post-thumbnail","6":"product_cat-tinto","7":"product_cat-vinos","8":"product_tag-bobal","9":"product_tag-crianza","10":"product_tag-d-o-manchuela","11":"product_tag-fuentealbilla","12":"product_tag-vino-espanol","14":"first","15":"instock","16":"shipping-taxable","17":"purchasable","18":"product-type-simple"},"_links":{"self":[{"href":"https:\/\/lawhiskeria.cr\/index.php?rest_route=\/wp\/v2\/product\/19383","targetHints":{"allow":["GET"]}}],"collection":[{"href":"https:\/\/lawhiskeria.cr\/index.php?rest_route=\/wp\/v2\/product"}],"about":[{"href":"https:\/\/lawhiskeria.cr\/index.php?rest_route=\/wp\/v2\/types\/product"}],"replies":[{"embeddable":true,"href":"https:\/\/lawhiskeria.cr\/index.php?rest_route=%2Fwp%2Fv2%2Fcomments&post=19383"}],"version-history":[{"count":1,"href":"https:\/\/lawhiskeria.cr\/index.php?rest_route=\/wp\/v2\/product\/19383\/revisions"}],"predecessor-version":[{"id":19385,"href":"https:\/\/lawhiskeria.cr\/index.php?rest_route=\/wp\/v2\/product\/19383\/revisions\/19385"}],"wp:featuredmedia":[{"embeddable":true,"href":"https:\/\/lawhiskeria.cr\/index.php?rest_route=\/wp\/v2\/media\/19384"}],"wp:attachment":[{"href":"https:\/\/lawhiskeria.cr\/index.php?rest_route=%2Fwp%2Fv2%2Fmedia&parent=19383"}],"wp:term":[{"taxonomy":"product_brand","embeddable":true,"href":"https:\/\/lawhiskeria.cr\/index.php?rest_route=%2Fwp%2Fv2%2Fproduct_brand&post=19383"},{"taxonomy":"product_cat","embeddable":true,"href":"https:\/\/lawhiskeria.cr\/index.php?rest_route=%2Fwp%2Fv2%2Fproduct_cat&post=19383"},{"taxonomy":"product_tag","embeddable":true,"href":"https:\/\/lawhiskeria.cr\/index.php?rest_route=%2Fwp%2Fv2%2Fproduct_tag&post=19383"}],"curies":[{"name":"wp","href":"https:\/\/api.w.org\/{rel}","templated":true}]}}