{"id":19377,"date":"2025-10-30T19:22:23","date_gmt":"2025-10-30T19:22:23","guid":{"rendered":"https:\/\/lawhiskeria.cr\/?post_type=product&#038;p=19377"},"modified":"2025-10-30T19:22:24","modified_gmt":"2025-10-30T19:22:24","slug":"floralis-moscatel-oro","status":"publish","type":"product","link":"https:\/\/lawhiskeria.cr\/?product=floralis-moscatel-oro","title":{"rendered":"Floralis Moscatel Oro"},"content":{"rendered":"<p><strong>PREMIOS:<\/strong><\/p>\n<ul>\n<li><strong> Medalla de Oro, Muscats du Monde 2017 (Francia)<\/strong><\/li>\n<li><strong> Medalla de Plata, Muscats du Monde 2012 (Francia)<\/strong><\/li>\n<li><strong> Medalla de Oro, Muscats du Monde 2011 (Francia)<\/strong><\/li>\n<li><strong> Medalla de Oro, Muscats du Monde 2010 (Francia)<\/strong><\/li>\n<li><strong> Medalla de Plata, Muscats du Monde 2008 (Francia)<\/strong><\/li>\n<\/ul>\n","protected":false},"excerpt":{"rendered":"<p><strong>Desde 1946 la familia Torres elabora Floralis-Moscatel Oro, uno de los m\u00e1s caracter\u00edsticos vinos de postre del Mediterr\u00e1neo, n\u00e9ctar de perfume floral inconfundible y paladar voluptuoso y sensual.<\/strong><\/p>\n<p><strong>TIPO DE VINO: Vino dulce. VARIEDAD: Muscat de Alejandr\u00eda<\/strong><\/p>\n<p><strong>ELABORACI\u00d3N: Vino fortificado. Tiempo de maceraci\u00f3n: 6 horas. Tipo de fermentaci\u00f3n: No fermenta Crianza: Durante 6 meses en dep\u00f3sitos de acero inoxidable. Tiempo envejecimiento en botella: 2-4 meses.<\/strong><\/p>\n<p><strong>DATOS T\u00c9CNICOS: pH: 3,77. Acidez total: 2,6 g\/L (\u00e1. tart\u00e1rico). Informaci\u00f3n sobre al\u00e9rgenos: Contiene sulfitos<\/strong><\/p>\n<p><strong>NOTA DE CATA: Este vino dulce natural procede de una de las cepas m\u00e1s cl\u00e1sicas del Mediterr\u00e1neo. Los griegos llamaron a estas perfumadas uvas &#8220;Anathelicon Moschaton&#8221;, y los romanos la denominaron &#8220;Apianae&#8221;; porque atra\u00edan a las abejas que elaboraban con el moscatel, el delicioso n\u00e9ctar de su miel.<\/strong><\/p>\n<p><strong>El moscatel tiene una perspectiva arom\u00e1tica inconfundible muy caracter\u00edstica de su variedad, con seductores perfumes florales (rosa, geranio, hierba luisa). Su paladar es voluptuoso, concentrado pero ligero, amplio y de delicada sensualidad.<\/strong><\/p>\n<p><strong>GASTRONOM\u00cdA: Ideal como aperitivo fr\u00edo o como vino de postre.<\/strong><\/p>\n<p><strong>ABV 15% &#8211; 500 ml.<\/strong><\/p>\n","protected":false},"featured_media":19378,"comment_status":"open","ping_status":"closed","template":"","meta":[],"product_brand":[],"product_cat":[423,29],"product_tag":[424,318],"class_list":{"0":"post-19377","1":"product","2":"type-product","3":"status-publish","4":"has-post-thumbnail","6":"product_cat-fortificado","7":"product_cat-vinos","8":"product_tag-muscat-de-alejandria","9":"product_tag-vino-fortificado","11":"first","12":"instock","13":"shipping-taxable","14":"purchasable","15":"product-type-simple"},"_links":{"self":[{"href":"https:\/\/lawhiskeria.cr\/index.php?rest_route=\/wp\/v2\/product\/19377","targetHints":{"allow":["GET"]}}],"collection":[{"href":"https:\/\/lawhiskeria.cr\/index.php?rest_route=\/wp\/v2\/product"}],"about":[{"href":"https:\/\/lawhiskeria.cr\/index.php?rest_route=\/wp\/v2\/types\/product"}],"replies":[{"embeddable":true,"href":"https:\/\/lawhiskeria.cr\/index.php?rest_route=%2Fwp%2Fv2%2Fcomments&post=19377"}],"version-history":[{"count":1,"href":"https:\/\/lawhiskeria.cr\/index.php?rest_route=\/wp\/v2\/product\/19377\/revisions"}],"predecessor-version":[{"id":19379,"href":"https:\/\/lawhiskeria.cr\/index.php?rest_route=\/wp\/v2\/product\/19377\/revisions\/19379"}],"wp:featuredmedia":[{"embeddable":true,"href":"https:\/\/lawhiskeria.cr\/index.php?rest_route=\/wp\/v2\/media\/19378"}],"wp:attachment":[{"href":"https:\/\/lawhiskeria.cr\/index.php?rest_route=%2Fwp%2Fv2%2Fmedia&parent=19377"}],"wp:term":[{"taxonomy":"product_brand","embeddable":true,"href":"https:\/\/lawhiskeria.cr\/index.php?rest_route=%2Fwp%2Fv2%2Fproduct_brand&post=19377"},{"taxonomy":"product_cat","embeddable":true,"href":"https:\/\/lawhiskeria.cr\/index.php?rest_route=%2Fwp%2Fv2%2Fproduct_cat&post=19377"},{"taxonomy":"product_tag","embeddable":true,"href":"https:\/\/lawhiskeria.cr\/index.php?rest_route=%2Fwp%2Fv2%2Fproduct_tag&post=19377"}],"curies":[{"name":"wp","href":"https:\/\/api.w.org\/{rel}","templated":true}]}}