{"id":19284,"date":"2025-10-15T20:45:42","date_gmt":"2025-10-15T20:45:42","guid":{"rendered":"https:\/\/lawhiskeria.cr\/?post_type=product&#038;p=19284"},"modified":"2026-03-01T04:27:40","modified_gmt":"2026-03-01T04:27:40","slug":"convento-oreja-crianza-2021","status":"publish","type":"product","link":"https:\/\/lawhiskeria.cr\/?product=convento-oreja-crianza-2021","title":{"rendered":"Convento Oreja Crianza 2021"},"content":{"rendered":"<p><iframe loading=\"lazy\" title=\"YouTube video player\" src=\"https:\/\/www.youtube.com\/embed\/Q_16qsGhNck?si=plvgM8VEKKHoz_RI&amp;start=2208\" width=\"560\" height=\"315\" frameborder=\"0\" allowfullscreen=\"allowfullscreen\"><\/iframe><\/p>\n","protected":false},"excerpt":{"rendered":"<p><strong>Tempranillo Crianza 2021.<\/strong><\/p>\n<p><strong>Uva 96% tinta del pa\u00eds (tempranillo) y 4% Cabernet Sauvignon. <\/strong><\/p>\n<p><strong>Edad del vi\u00f1edo 20 a\u00f1os.\u00a0 Vi\u00f1edos en altitud a 900 m.<\/strong><\/p>\n<p><strong>Elaborado en dep\u00f3sitos de acero inoxidable de 20.000L de <\/strong><strong>capacidad con control autom\u00e1tico de la temperatura. <\/strong><\/p>\n<p><strong>Fermentaci\u00f3n: 8 d\u00edas a 26 grados de temperatura. <\/strong><strong>Maceraci\u00f3n: 24 d\u00edas. <\/strong><strong>12 meses de crianza en barricas de roble franc\u00e9s con tostado medio y bajo. <\/strong><strong>Embotellado mayo 2023 <\/strong><\/p>\n<p><strong>Nota de cata <\/strong><\/p>\n<p><strong>Color rojo picota de buena capa, limpio y cristalino. <\/strong><\/p>\n<p><strong>En nariz es elegante y de muy buena intensidad. Destacan los aromas a frutas rojas (ar\u00e1ndanos, frambuesa) junto con la fruta negra (moras). Agradables aromas a pasteler\u00eda y tonos ligeramente tostados. Tambi\u00e9n aparecen toques bals\u00e1micos y recuerdos de cacao. <\/strong><\/p>\n<p><strong>En boca se distinguen taninos suaves y redondos que aportan finura y persistencia en perfecto equilibrio con la acidez. Amplio y sedoso.<\/strong><\/p>\n<p><strong>Doble Medalla de Oro 2024: San Francisco International Wine Competition. 97 pts.<\/strong><\/p>\n<p><strong>Medalla de Oro 2024: S\u00e9lections Mondiales des Vins, Canad\u00e1.<\/strong><\/p>\n<p><strong>92 puntos de James Suckling.<\/strong><\/p>\n<p><strong>Antonio Galloni Vinous 92 pts.<\/strong><\/p>\n","protected":false},"featured_media":19285,"comment_status":"open","ping_status":"closed","template":"","meta":[],"product_brand":[],"product_cat":[420,29],"product_tag":[158,220,249,162,316],"class_list":{"0":"post-19284","1":"product","2":"type-product","3":"status-publish","4":"has-post-thumbnail","6":"product_cat-tinto","7":"product_cat-vinos","8":"product_tag-cabernet-sauvignon","9":"product_tag-crianza","10":"product_tag-ribera-del-duero","11":"product_tag-tempranillo","12":"product_tag-tinta-pais","14":"first","15":"instock","16":"shipping-taxable","17":"purchasable","18":"product-type-simple"},"_links":{"self":[{"href":"https:\/\/lawhiskeria.cr\/index.php?rest_route=\/wp\/v2\/product\/19284","targetHints":{"allow":["GET"]}}],"collection":[{"href":"https:\/\/lawhiskeria.cr\/index.php?rest_route=\/wp\/v2\/product"}],"about":[{"href":"https:\/\/lawhiskeria.cr\/index.php?rest_route=\/wp\/v2\/types\/product"}],"replies":[{"embeddable":true,"href":"https:\/\/lawhiskeria.cr\/index.php?rest_route=%2Fwp%2Fv2%2Fcomments&post=19284"}],"version-history":[{"count":5,"href":"https:\/\/lawhiskeria.cr\/index.php?rest_route=\/wp\/v2\/product\/19284\/revisions"}],"predecessor-version":[{"id":19342,"href":"https:\/\/lawhiskeria.cr\/index.php?rest_route=\/wp\/v2\/product\/19284\/revisions\/19342"}],"wp:featuredmedia":[{"embeddable":true,"href":"https:\/\/lawhiskeria.cr\/index.php?rest_route=\/wp\/v2\/media\/19285"}],"wp:attachment":[{"href":"https:\/\/lawhiskeria.cr\/index.php?rest_route=%2Fwp%2Fv2%2Fmedia&parent=19284"}],"wp:term":[{"taxonomy":"product_brand","embeddable":true,"href":"https:\/\/lawhiskeria.cr\/index.php?rest_route=%2Fwp%2Fv2%2Fproduct_brand&post=19284"},{"taxonomy":"product_cat","embeddable":true,"href":"https:\/\/lawhiskeria.cr\/index.php?rest_route=%2Fwp%2Fv2%2Fproduct_cat&post=19284"},{"taxonomy":"product_tag","embeddable":true,"href":"https:\/\/lawhiskeria.cr\/index.php?rest_route=%2Fwp%2Fv2%2Fproduct_tag&post=19284"}],"curies":[{"name":"wp","href":"https:\/\/api.w.org\/{rel}","templated":true}]}}