{"id":19258,"date":"2025-10-10T01:51:20","date_gmt":"2025-10-10T01:51:20","guid":{"rendered":"https:\/\/lawhiskeria.cr\/?post_type=product&#038;p=19258"},"modified":"2025-10-10T02:00:27","modified_gmt":"2025-10-10T02:00:27","slug":"la-milnueve-1906-reserva-especial-6pack","status":"publish","type":"product","link":"https:\/\/lawhiskeria.cr\/?product=la-milnueve-1906-reserva-especial-6pack","title":{"rendered":"La Milnueve -1906 Reserva Especial (6Pack)"},"content":{"rendered":"<p><strong>Maduraci\u00f3n Lenta:<\/strong><\/p>\n<p><strong>Con un Extracto Seco Primitivo de 15\u00ba Plato y un volumen de alcohol del 6,5% esta cerveza se elabora a partir de agua de la ciudad de A Coru\u00f1a y una cuidada selecci\u00f3n de maltas Pilsen y tostadas y l\u00fapulos de la variedad \u201cPerle Hallertau\u201d.<\/strong><\/p>\n<p><strong>Tradici\u00f3n cervecera, car\u00e1cter \u00fanico y las mejores materias primas se unen para dar lugar a una elegante lager extra con agradables notas tostadas.<\/strong><\/p>\n<p><strong>Agua de la ciudad de A Coru\u00f1a, maltas de dos carreras (pilsen y tostada), ma\u00edz y l\u00fapulo Perle Hallertau. Levadura seleccionada Hijos de Rivera.<\/strong><\/p>\n","protected":false},"excerpt":{"rendered":"<p><strong>Toda nuestra herencia resumida en una cerveza extraordinaria. Maltas tostadas, l\u00fapulo arom\u00e1tico y una guarda prolongada para crear un sabor y aroma con car\u00e1cter \u00fanico.<\/strong><\/p>\n<p><strong>AROMA: Aromas a malta tostada con suaves notas de caramelo y caf\u00e9. El l\u00fapulo aparece en nariz con ligeros matices florales y herbales.<\/strong><\/p>\n<p><strong>SABOR: En boca predominan las sensaciones tostadas, percibi\u00e9ndose con cada trago una calidez amable y bien integrada.<\/strong><\/p>\n<p><strong>APARIENCIA: De bonito color \u00e1mbar brillante.<\/strong><\/p>\n<p><strong>MARIDAJE: <\/strong><\/p>\n<p><strong>QUESOS: Ahumados, como el San Sim\u00f3n da Costa, el Idiazabal ahumado, queso ahumado de Pr\u00eda,\u2026<\/strong><\/p>\n<p><strong>VERDURAS Y HORTALIZAS: En forma de ensaladas templadas aderezadas con frutos secos y frutos del mar.<\/strong><\/p>\n<p><strong>PESCADOS: preferiblemente pescados azules (pescados grasos) con elaboraciones muy variadas como cocas, escabeches y brasas. Sushi y salazones.<\/strong><\/p>\n<p><strong>CARNES: Permite el maridaje con carnes rotundas como el lechazo. Carnes cocinadas preferiblemente en horno de le\u00f1a o al calor de las brasas.<\/strong><\/p>\n<p><strong>CARACTER\u00cdSTICAS (POR 100ML)<\/strong><\/p>\n<p><strong>Vol. Alcohol 6,5% &#8211; 330 ml.<\/strong><\/p>\n<p><strong>Color 16.5 EBC<\/strong><\/p>\n<p><strong>Amargor 25 EBU<\/strong><\/p>\n<p><strong>ESP 15\u00b0P<\/strong><\/p>\n<p><strong>Temperatura de consumo 5-6<\/strong><\/p>\n<p><strong>Pack 6 unidades.<\/strong><\/p>\n","protected":false},"featured_media":19259,"comment_status":"open","ping_status":"closed","template":"","meta":[],"product_brand":[],"product_cat":[403],"product_tag":[413,302,418,419],"class_list":{"0":"post-19258","1":"product","2":"type-product","3":"status-publish","4":"has-post-thumbnail","6":"product_cat-cerveza","7":"product_tag-cerveza","8":"product_tag-espana","9":"product_tag-perle-hallertau","10":"product_tag-pilsen","12":"first","13":"instock","14":"shipping-taxable","15":"purchasable","16":"product-type-simple"},"_links":{"self":[{"href":"https:\/\/lawhiskeria.cr\/index.php?rest_route=\/wp\/v2\/product\/19258","targetHints":{"allow":["GET"]}}],"collection":[{"href":"https:\/\/lawhiskeria.cr\/index.php?rest_route=\/wp\/v2\/product"}],"about":[{"href":"https:\/\/lawhiskeria.cr\/index.php?rest_route=\/wp\/v2\/types\/product"}],"replies":[{"embeddable":true,"href":"https:\/\/lawhiskeria.cr\/index.php?rest_route=%2Fwp%2Fv2%2Fcomments&post=19258"}],"version-history":[{"count":1,"href":"https:\/\/lawhiskeria.cr\/index.php?rest_route=\/wp\/v2\/product\/19258\/revisions"}],"predecessor-version":[{"id":19260,"href":"https:\/\/lawhiskeria.cr\/index.php?rest_route=\/wp\/v2\/product\/19258\/revisions\/19260"}],"wp:featuredmedia":[{"embeddable":true,"href":"https:\/\/lawhiskeria.cr\/index.php?rest_route=\/wp\/v2\/media\/19259"}],"wp:attachment":[{"href":"https:\/\/lawhiskeria.cr\/index.php?rest_route=%2Fwp%2Fv2%2Fmedia&parent=19258"}],"wp:term":[{"taxonomy":"product_brand","embeddable":true,"href":"https:\/\/lawhiskeria.cr\/index.php?rest_route=%2Fwp%2Fv2%2Fproduct_brand&post=19258"},{"taxonomy":"product_cat","embeddable":true,"href":"https:\/\/lawhiskeria.cr\/index.php?rest_route=%2Fwp%2Fv2%2Fproduct_cat&post=19258"},{"taxonomy":"product_tag","embeddable":true,"href":"https:\/\/lawhiskeria.cr\/index.php?rest_route=%2Fwp%2Fv2%2Fproduct_tag&post=19258"}],"curies":[{"name":"wp","href":"https:\/\/api.w.org\/{rel}","templated":true}]}}