{"id":19252,"date":"2025-10-10T01:37:04","date_gmt":"2025-10-10T01:37:04","guid":{"rendered":"https:\/\/lawhiskeria.cr\/?post_type=product&#038;p=19252"},"modified":"2025-10-10T01:37:05","modified_gmt":"2025-10-10T01:37:05","slug":"kunstmann-amber-ale-torobayo-4pack","status":"publish","type":"product","link":"https:\/\/lawhiskeria.cr\/?product=kunstmann-amber-ale-torobayo-4pack","title":{"rendered":"Kunstmann Amber Ale Torobayo (4Pack)"},"content":{"rendered":"<p><strong>Tradici\u00f3n e innovaci\u00f3n<\/strong><\/p>\n<p><strong>Nuestras ra\u00edces chileno-alemanas est\u00e1n presentes en cada cerveza, combinando tradici\u00f3n, creatividad e innovaci\u00f3n, manteniendo nuestra identidad y experimentando con nuevas recetas para llegar a las cervezas perfectas.<\/strong><\/p>\n<p><strong>Valdivia, capital cervecera<\/strong><\/p>\n<p><strong>Valdivia es una de las ciudades ma\u0301s especiales de Chile. Sus tradiciones, cultura, naturaleza u\u0301nica y clima destacan en nuestro pa\u00eds, donde gracias a la pureza de sus aguas blandas, logramos la elaboraci\u00f3n de cerveza craft de primer nivel.<\/strong><\/p>\n<p><strong>En 1991 le devolvimos a Valdivia la tradici\u00f3n cervecera, reforzando la identidad propia y local que desapareci\u00f3 en el gran terremoto de 1960. A la fecha, el ecosistema cervecero de la regi\u00f3n es enorme, lo que ha posicionado a esta ciudad como la capital cervecera de Chile.<\/strong><\/p>\n","protected":false},"excerpt":{"rendered":"<p><strong>Icono de la cerveza craft, Torobayo es una cerveza Ale de color \u00e1mbar brillante y espuma blanca, con aromas frutales a durazno y notas a caramelo que permiten disfrutar su amargor balanceado.<\/strong><\/p>\n<p><strong>MARIDAJE: carnes asadas de baja grasitud y hamburguesas.<\/strong><\/p>\n<p><strong>Ficha t\u00e9cnica<\/strong><\/p>\n<p><strong>Maltas: Rubia y Caramelo<\/strong><\/p>\n<p><strong>L\u00fapulos: Hallertauer Tradition<\/strong><\/p>\n<p><strong>Levaduras: Ale<\/strong><\/p>\n<p><strong>Amargor: 12 IBU<\/strong><\/p>\n<p><strong>Color: 28 EBC<\/strong><\/p>\n<p><strong>Calor\u00edas: 40 Kcal \/ 100ml<\/strong><\/p>\n<p><strong>Temperatura de Servido: 8 &#8211; 12 \u00b0C<\/strong><\/p>\n<p><strong>5.0 ABV \u2013 330 ml.<\/strong><\/p>\n<p><strong>Pack 4 unidades.<\/strong><\/p>\n","protected":false},"featured_media":19253,"comment_status":"open","ping_status":"closed","template":"","meta":[],"product_brand":[],"product_cat":[403],"product_tag":[411,413,414,412,415],"class_list":{"0":"post-19252","1":"product","2":"type-product","3":"status-publish","4":"has-post-thumbnail","6":"product_cat-cerveza","7":"product_tag-ale","8":"product_tag-cerveza","9":"product_tag-chile","10":"product_tag-rubia","11":"product_tag-torobayo","13":"first","14":"instock","15":"shipping-taxable","16":"purchasable","17":"product-type-simple"},"_links":{"self":[{"href":"https:\/\/lawhiskeria.cr\/index.php?rest_route=\/wp\/v2\/product\/19252","targetHints":{"allow":["GET"]}}],"collection":[{"href":"https:\/\/lawhiskeria.cr\/index.php?rest_route=\/wp\/v2\/product"}],"about":[{"href":"https:\/\/lawhiskeria.cr\/index.php?rest_route=\/wp\/v2\/types\/product"}],"replies":[{"embeddable":true,"href":"https:\/\/lawhiskeria.cr\/index.php?rest_route=%2Fwp%2Fv2%2Fcomments&post=19252"}],"version-history":[{"count":1,"href":"https:\/\/lawhiskeria.cr\/index.php?rest_route=\/wp\/v2\/product\/19252\/revisions"}],"predecessor-version":[{"id":19254,"href":"https:\/\/lawhiskeria.cr\/index.php?rest_route=\/wp\/v2\/product\/19252\/revisions\/19254"}],"wp:featuredmedia":[{"embeddable":true,"href":"https:\/\/lawhiskeria.cr\/index.php?rest_route=\/wp\/v2\/media\/19253"}],"wp:attachment":[{"href":"https:\/\/lawhiskeria.cr\/index.php?rest_route=%2Fwp%2Fv2%2Fmedia&parent=19252"}],"wp:term":[{"taxonomy":"product_brand","embeddable":true,"href":"https:\/\/lawhiskeria.cr\/index.php?rest_route=%2Fwp%2Fv2%2Fproduct_brand&post=19252"},{"taxonomy":"product_cat","embeddable":true,"href":"https:\/\/lawhiskeria.cr\/index.php?rest_route=%2Fwp%2Fv2%2Fproduct_cat&post=19252"},{"taxonomy":"product_tag","embeddable":true,"href":"https:\/\/lawhiskeria.cr\/index.php?rest_route=%2Fwp%2Fv2%2Fproduct_tag&post=19252"}],"curies":[{"name":"wp","href":"https:\/\/api.w.org\/{rel}","templated":true}]}}