{"id":19222,"date":"2025-10-02T03:05:09","date_gmt":"2025-10-02T03:05:09","guid":{"rendered":"https:\/\/lawhiskeria.cr\/?post_type=product&#038;p=19222"},"modified":"2026-02-20T01:52:04","modified_gmt":"2026-02-20T01:52:04","slug":"john-barr-black-label-1l","status":"publish","type":"product","link":"https:\/\/lawhiskeria.cr\/?product=john-barr-black-label-1l","title":{"rendered":"John Barr Reserve &#8211; 1L"},"content":{"rendered":"","protected":false},"excerpt":{"rendered":"<p><strong>Tipo: Blended Scotch Whisky<\/strong><\/p>\n<p><strong>Propietario \/ Embotellador: Whyte &amp; Mackay Ltd.<\/strong><\/p>\n<p><strong>Origen: Escocia<\/strong><\/p>\n<p><strong>Edad: NAS (aunque fuentes independientes afirman \u201ccon maltas de hasta 15 a\u00f1os\u201d).<\/strong><\/p>\n<p><strong>Composici\u00f3n: Mezcla de m\u00e1s de 40 whiskies (maltas de Speyside y Highland + grain whisky).<\/strong><\/p>\n<p><strong>Enfocado en mayor proporci\u00f3n de malta que la versi\u00f3n Red.<\/strong><\/p>\n<p><strong>Maduraci\u00f3n: Primera fase en barricas ex-bourbon. Finalizaci\u00f3n en \u201csherry butts\u201d para dar notas dulces y especiadas.<\/strong><\/p>\n<p><strong>Color: \u00c1mbar medio \/ dorado intenso.<\/strong><\/p>\n<p><strong>Nariz: Biscuit, miel, lim\u00f3n, cera\/lanolina. Frutos secos y leve toque de madera.<\/strong><\/p>\n<p><strong>Boca: Cuerpo: medio.<\/strong><\/p>\n<p><strong>Sabores: higos, pasas, melaza, toffee, especias suaves.<\/strong><\/p>\n<p><strong>Final: medio, con dulzor y leve recuerdo de jerez.<\/strong><\/p>\n<p><strong>Perfil: Blend m\u00e1s robusto que el Red; apto para consumo solo, con hielo grande o c\u00f3cteles que buscan mayor car\u00e1cter.<\/strong><\/p>\n<p><strong>Premios: Ha recibido medallas en cert\u00e1menes como el International Spirits Challenge y IWSC (seg\u00fan Wine-Searcher).<\/strong><\/p>\n<p><strong>Maridaje: <\/strong><b>Chocolate negro. <\/b><b>Carnes ahumadas. <\/b><b>Quesos maduros. <\/b><b>Frutas secas. <\/b><b>Platos dulce-especiados.<\/b><\/p>\n<p><strong>ABV 40% &#8211; 1000 ml.<\/strong><\/p>\n<p><iframe loading=\"lazy\" width=\"560\" height=\"315\" src=\"https:\/\/www.youtube.com\/embed\/uUDPHK0lGjI?si=c73lr_lE9PEOEb-s&amp;start=2702\" title=\"YouTube video player\" frameborder=\"0\" allow=\"accelerometer; autoplay; clipboard-write; encrypted-media; gyroscope; picture-in-picture; web-share\" referrerpolicy=\"strict-origin-when-cross-origin\" allowfullscreen><\/iframe><\/p>\n","protected":false},"featured_media":19223,"comment_status":"open","ping_status":"closed","template":"","meta":[],"product_brand":[],"product_cat":[322,32,71],"product_tag":[331,271,226,110],"class_list":{"0":"post-19222","1":"product","2":"type-product","3":"status-publish","4":"has-post-thumbnail","6":"product_cat-promociones","7":"product_cat-whisky","8":"product_cat-blends","9":"product_tag-blended","10":"product_tag-highlands","11":"product_tag-speyside","12":"product_tag-whisky-escoces","14":"first","15":"instock","16":"sale","17":"shipping-taxable","18":"purchasable","19":"product-type-simple"},"_links":{"self":[{"href":"https:\/\/lawhiskeria.cr\/index.php?rest_route=\/wp\/v2\/product\/19222","targetHints":{"allow":["GET"]}}],"collection":[{"href":"https:\/\/lawhiskeria.cr\/index.php?rest_route=\/wp\/v2\/product"}],"about":[{"href":"https:\/\/lawhiskeria.cr\/index.php?rest_route=\/wp\/v2\/types\/product"}],"replies":[{"embeddable":true,"href":"https:\/\/lawhiskeria.cr\/index.php?rest_route=%2Fwp%2Fv2%2Fcomments&post=19222"}],"version-history":[{"count":5,"href":"https:\/\/lawhiskeria.cr\/index.php?rest_route=\/wp\/v2\/product\/19222\/revisions"}],"predecessor-version":[{"id":19767,"href":"https:\/\/lawhiskeria.cr\/index.php?rest_route=\/wp\/v2\/product\/19222\/revisions\/19767"}],"wp:featuredmedia":[{"embeddable":true,"href":"https:\/\/lawhiskeria.cr\/index.php?rest_route=\/wp\/v2\/media\/19223"}],"wp:attachment":[{"href":"https:\/\/lawhiskeria.cr\/index.php?rest_route=%2Fwp%2Fv2%2Fmedia&parent=19222"}],"wp:term":[{"taxonomy":"product_brand","embeddable":true,"href":"https:\/\/lawhiskeria.cr\/index.php?rest_route=%2Fwp%2Fv2%2Fproduct_brand&post=19222"},{"taxonomy":"product_cat","embeddable":true,"href":"https:\/\/lawhiskeria.cr\/index.php?rest_route=%2Fwp%2Fv2%2Fproduct_cat&post=19222"},{"taxonomy":"product_tag","embeddable":true,"href":"https:\/\/lawhiskeria.cr\/index.php?rest_route=%2Fwp%2Fv2%2Fproduct_tag&post=19222"}],"curies":[{"name":"wp","href":"https:\/\/api.w.org\/{rel}","templated":true}]}}