{"id":19193,"date":"2025-09-27T01:48:18","date_gmt":"2025-09-27T01:48:18","guid":{"rendered":"https:\/\/lawhiskeria.cr\/?post_type=product&#038;p=19193"},"modified":"2025-10-28T02:44:34","modified_gmt":"2025-10-28T02:44:34","slug":"riporta-pinot-grigio","status":"publish","type":"product","link":"https:\/\/lawhiskeria.cr\/?product=riporta-pinot-grigio","title":{"rendered":"Riporta Pinot Grigio"},"content":{"rendered":"","protected":false},"excerpt":{"rendered":"<p><strong>Variedad: Pinot Grigio <\/strong><\/p>\n<p><strong>\u00c1rea de producci\u00f3n: Sicilia <\/strong><\/p>\n<p><strong>Vi\u00f1edos: Las uvas son seleccionadas de la parte norte del vi\u00f1edo en la provincia de Agrigento. El microclima crea las condiciones perfectas para madurar la uva y crea una concentraci\u00f3n de aromas balanceados con acidez crujiente. <\/strong><\/p>\n<p><strong>Vinificaci\u00f3n: Las uvas pasan un proceso de trituraci\u00f3n, despalillaci\u00f3n y decantaci\u00f3n est\u00e1tica. Despu\u00e9s son fermentadas a 12-14\u00b0C. Al final de la fermentaci\u00f3n las l\u00edas se dejan reposando entre 3-5 meses y luego el vino es transferido y sulfitado. <\/strong><\/p>\n<p><strong>Caracter\u00edsticas sensoriales: <\/strong><\/p>\n<p><strong>Tiene un color amarillo p\u00e1lido con dorado. <\/strong><\/p>\n<p><strong>Es frutal con aromas de hierbas, roble, vainilla y nuez moscada y sabores de durazno, toronja, lima lim\u00f3n y minerales. Tiene un cuerpo mediano y es placentero con un buen balance con un final largo, limpio y ligeramente picante. <\/strong><\/p>\n<p><strong>Maridaje: Es f\u00e1cil de tomar con pastas, carnes blancas y quesos. Sabe delicioso con cremas y pescado a la plancha. <\/strong><\/p>\n<p><strong>En\u00f3logos: Rino Santeusanio &amp; Francesco De Santis <\/strong><\/p>\n<p><strong>Temperatura para servir: 10-12\u00b0C. <\/strong><\/p>\n<p><strong>Premios: -Berliner Wine Trophy 2021: Medalla de oro<\/strong><\/p>\n","protected":false},"featured_media":19194,"comment_status":"open","ping_status":"closed","template":"","meta":[],"product_brand":[],"product_cat":[421,29],"product_tag":[246,398,159,148],"class_list":{"0":"post-19193","1":"product","2":"type-product","3":"status-publish","4":"has-post-thumbnail","6":"product_cat-blanco-y-rosado","7":"product_cat-vinos","8":"product_tag-pinot-grigio","9":"product_tag-sicilia","10":"product_tag-vino-blanco","11":"product_tag-vino-italiano","13":"first","14":"instock","15":"shipping-taxable","16":"purchasable","17":"product-type-simple"},"_links":{"self":[{"href":"https:\/\/lawhiskeria.cr\/index.php?rest_route=\/wp\/v2\/product\/19193","targetHints":{"allow":["GET"]}}],"collection":[{"href":"https:\/\/lawhiskeria.cr\/index.php?rest_route=\/wp\/v2\/product"}],"about":[{"href":"https:\/\/lawhiskeria.cr\/index.php?rest_route=\/wp\/v2\/types\/product"}],"replies":[{"embeddable":true,"href":"https:\/\/lawhiskeria.cr\/index.php?rest_route=%2Fwp%2Fv2%2Fcomments&post=19193"}],"version-history":[{"count":1,"href":"https:\/\/lawhiskeria.cr\/index.php?rest_route=\/wp\/v2\/product\/19193\/revisions"}],"predecessor-version":[{"id":19195,"href":"https:\/\/lawhiskeria.cr\/index.php?rest_route=\/wp\/v2\/product\/19193\/revisions\/19195"}],"wp:featuredmedia":[{"embeddable":true,"href":"https:\/\/lawhiskeria.cr\/index.php?rest_route=\/wp\/v2\/media\/19194"}],"wp:attachment":[{"href":"https:\/\/lawhiskeria.cr\/index.php?rest_route=%2Fwp%2Fv2%2Fmedia&parent=19193"}],"wp:term":[{"taxonomy":"product_brand","embeddable":true,"href":"https:\/\/lawhiskeria.cr\/index.php?rest_route=%2Fwp%2Fv2%2Fproduct_brand&post=19193"},{"taxonomy":"product_cat","embeddable":true,"href":"https:\/\/lawhiskeria.cr\/index.php?rest_route=%2Fwp%2Fv2%2Fproduct_cat&post=19193"},{"taxonomy":"product_tag","embeddable":true,"href":"https:\/\/lawhiskeria.cr\/index.php?rest_route=%2Fwp%2Fv2%2Fproduct_tag&post=19193"}],"curies":[{"name":"wp","href":"https:\/\/api.w.org\/{rel}","templated":true}]}}