{"id":19187,"date":"2025-09-27T01:37:26","date_gmt":"2025-09-27T01:37:26","guid":{"rendered":"https:\/\/lawhiskeria.cr\/?post_type=product&#038;p=19187"},"modified":"2025-10-28T02:46:07","modified_gmt":"2025-10-28T02:46:07","slug":"riporta-zinfandel","status":"publish","type":"product","link":"https:\/\/lawhiskeria.cr\/?product=riporta-zinfandel","title":{"rendered":"Riporta Zinfandel"},"content":{"rendered":"","protected":false},"excerpt":{"rendered":"<p><strong>Variedad: Zinfandel <\/strong><\/p>\n<p><strong>Zona de producci\u00f3n: Salento, Puglia <\/strong><\/p>\n<p><strong>Vi\u00f1edos: La zona de Puglia ofrece el entorno perfecto para la maduraci\u00f3n de las uvas, as\u00ed como de olivos y campos de trigo que coexisten con los vi\u00f1edos en este centro agr\u00edcola. Suelos arenosos y arcillosos, sol brillante y brisas marinas frescas se combinan para una maduraci\u00f3n temprana y un tiempo de cosecha prolongado. El resultado es un Primitivo sofisticado con aromas intensos y una acidez vibrante. <\/strong><\/p>\n<p><strong>Vinificaci\u00f3n: Despalillado y trituraci\u00f3n de las uvas, maceraci\u00f3n a temperatura controlada durante 8-10 d\u00edas con remontados regulares. Descube y fermentaci\u00f3n malol\u00e1ctica en tanques de acero inoxidable. Breve envejecimiento en roble (4 meses). <\/strong><\/p>\n<p><strong>Caracter\u00edsticas sensoriales: <\/strong><\/p>\n<p><strong>Color rojo rub\u00ed intenso con reflejos violetas; intenso y afrutado (frutas rojas). Un vino con mucho cuerpo, suave, bastante t\u00e1nico y armonioso. Listo para beber. <\/strong><\/p>\n<p><strong>Maridaje: Excelente con platos ricos, carnes rojas, caza y quesos de curaci\u00f3n media. <\/strong><\/p>\n<p><strong>En\u00f3logo: Danilo Gizzi.<\/strong><\/p>\n<p><strong>Temperatura de servicio: 16-18\u00b0C.<\/strong><\/p>\n","protected":false},"featured_media":19188,"comment_status":"open","ping_status":"closed","template":"","meta":[],"product_brand":[],"product_cat":[420,29],"product_tag":[399,400,148,247,401],"class_list":{"0":"post-19187","1":"product","2":"type-product","3":"status-publish","4":"has-post-thumbnail","6":"product_cat-tinto","7":"product_cat-vinos","8":"product_tag-puglia","9":"product_tag-salento","10":"product_tag-vino-italiano","11":"product_tag-vino-tinto","12":"product_tag-zinfandel","14":"first","15":"instock","16":"shipping-taxable","17":"purchasable","18":"product-type-simple"},"_links":{"self":[{"href":"https:\/\/lawhiskeria.cr\/index.php?rest_route=\/wp\/v2\/product\/19187","targetHints":{"allow":["GET"]}}],"collection":[{"href":"https:\/\/lawhiskeria.cr\/index.php?rest_route=\/wp\/v2\/product"}],"about":[{"href":"https:\/\/lawhiskeria.cr\/index.php?rest_route=\/wp\/v2\/types\/product"}],"replies":[{"embeddable":true,"href":"https:\/\/lawhiskeria.cr\/index.php?rest_route=%2Fwp%2Fv2%2Fcomments&post=19187"}],"version-history":[{"count":1,"href":"https:\/\/lawhiskeria.cr\/index.php?rest_route=\/wp\/v2\/product\/19187\/revisions"}],"predecessor-version":[{"id":19189,"href":"https:\/\/lawhiskeria.cr\/index.php?rest_route=\/wp\/v2\/product\/19187\/revisions\/19189"}],"wp:featuredmedia":[{"embeddable":true,"href":"https:\/\/lawhiskeria.cr\/index.php?rest_route=\/wp\/v2\/media\/19188"}],"wp:attachment":[{"href":"https:\/\/lawhiskeria.cr\/index.php?rest_route=%2Fwp%2Fv2%2Fmedia&parent=19187"}],"wp:term":[{"taxonomy":"product_brand","embeddable":true,"href":"https:\/\/lawhiskeria.cr\/index.php?rest_route=%2Fwp%2Fv2%2Fproduct_brand&post=19187"},{"taxonomy":"product_cat","embeddable":true,"href":"https:\/\/lawhiskeria.cr\/index.php?rest_route=%2Fwp%2Fv2%2Fproduct_cat&post=19187"},{"taxonomy":"product_tag","embeddable":true,"href":"https:\/\/lawhiskeria.cr\/index.php?rest_route=%2Fwp%2Fv2%2Fproduct_tag&post=19187"}],"curies":[{"name":"wp","href":"https:\/\/api.w.org\/{rel}","templated":true}]}}