{"id":19184,"date":"2025-09-27T01:37:09","date_gmt":"2025-09-27T01:37:09","guid":{"rendered":"https:\/\/lawhiskeria.cr\/?post_type=product&#038;p=19184"},"modified":"2025-10-28T02:46:55","modified_gmt":"2025-10-28T02:46:55","slug":"riporta-nero-davola","status":"publish","type":"product","link":"https:\/\/lawhiskeria.cr\/?product=riporta-nero-davola","title":{"rendered":"Riporta Nero D\u2019Avola"},"content":{"rendered":"","protected":false},"excerpt":{"rendered":"<p><strong>Variedad: Nero D\u2019Avola <\/strong><\/p>\n<p><strong>\u00c1rea de producci\u00f3n: Sambucadi, Sicilia <\/strong><\/p>\n<p><strong>Vi\u00f1edos: Este Nero D\u2019Avola crece a 350 metros sobre el nivel del mar en tierra fresca con buena cantidad de piedra caliza y arcilla. As\u00ed se consigue un Nero D&#8217;Avola frondoso con jugosas bayas violetas sombreadas. El lago Arancio ayuda con el acceso a nutrientes y agua durante las temporadas de sequ\u00eda y le da un aroma fresco y frutal con acidez balanceada. <\/strong><\/p>\n<p><strong>Vinificaci\u00f3n: Las uvas son ligeramente presionadas para evitar taninos verdes. Despu\u00e9s son fermentadas a una temperatura controlada con contacto con la piel por 10-12 d\u00edas. Son remontadas cada 4 horas y luego a\u00f1ejadas 4 meses en barricas de roble. <\/strong><\/p>\n<p><strong>Caracter\u00edsticas sensoriales: Este vino es rojo oscuro y brillante con reflejos viol\u00e1ceos. <\/strong><\/p>\n<p><strong>Sus aromas son elaborados con toques de especias (como regaliz y clavo de olor), ciruela pasa, cereza, mora y grosella negra. <\/strong><\/p>\n<p><strong>Maridaje: Barbecue, carnes asadas, aves y quesos.\u00a0 <\/strong><\/p>\n<p><strong>En\u00f3logo: Giuseppe Burruano <\/strong><\/p>\n<p><strong>Temperatura para servir: 16-18\u00b0C <\/strong><\/p>\n<p><strong>Premios: Mundus Vini 2021: Medalla de plata. Frankfurt International Trophy 2021: Medalla de oro. Berliner Wine Trophy 2021: Medalla de oro.<\/strong><\/p>\n","protected":false},"featured_media":19185,"comment_status":"open","ping_status":"closed","template":"","meta":[],"product_brand":[],"product_cat":[420,29],"product_tag":[397,398,148,247],"class_list":{"0":"post-19184","1":"product","2":"type-product","3":"status-publish","4":"has-post-thumbnail","6":"product_cat-tinto","7":"product_cat-vinos","8":"product_tag-nero-davola","9":"product_tag-sicilia","10":"product_tag-vino-italiano","11":"product_tag-vino-tinto","13":"first","14":"instock","15":"shipping-taxable","16":"purchasable","17":"product-type-simple"},"_links":{"self":[{"href":"https:\/\/lawhiskeria.cr\/index.php?rest_route=\/wp\/v2\/product\/19184","targetHints":{"allow":["GET"]}}],"collection":[{"href":"https:\/\/lawhiskeria.cr\/index.php?rest_route=\/wp\/v2\/product"}],"about":[{"href":"https:\/\/lawhiskeria.cr\/index.php?rest_route=\/wp\/v2\/types\/product"}],"replies":[{"embeddable":true,"href":"https:\/\/lawhiskeria.cr\/index.php?rest_route=%2Fwp%2Fv2%2Fcomments&post=19184"}],"version-history":[{"count":1,"href":"https:\/\/lawhiskeria.cr\/index.php?rest_route=\/wp\/v2\/product\/19184\/revisions"}],"predecessor-version":[{"id":19186,"href":"https:\/\/lawhiskeria.cr\/index.php?rest_route=\/wp\/v2\/product\/19184\/revisions\/19186"}],"wp:featuredmedia":[{"embeddable":true,"href":"https:\/\/lawhiskeria.cr\/index.php?rest_route=\/wp\/v2\/media\/19185"}],"wp:attachment":[{"href":"https:\/\/lawhiskeria.cr\/index.php?rest_route=%2Fwp%2Fv2%2Fmedia&parent=19184"}],"wp:term":[{"taxonomy":"product_brand","embeddable":true,"href":"https:\/\/lawhiskeria.cr\/index.php?rest_route=%2Fwp%2Fv2%2Fproduct_brand&post=19184"},{"taxonomy":"product_cat","embeddable":true,"href":"https:\/\/lawhiskeria.cr\/index.php?rest_route=%2Fwp%2Fv2%2Fproduct_cat&post=19184"},{"taxonomy":"product_tag","embeddable":true,"href":"https:\/\/lawhiskeria.cr\/index.php?rest_route=%2Fwp%2Fv2%2Fproduct_tag&post=19184"}],"curies":[{"name":"wp","href":"https:\/\/api.w.org\/{rel}","templated":true}]}}