{"id":19160,"date":"2025-09-20T01:48:18","date_gmt":"2025-09-20T01:48:18","guid":{"rendered":"https:\/\/lawhiskeria.cr\/?post_type=product&#038;p=19160"},"modified":"2025-11-30T20:49:40","modified_gmt":"2025-11-30T20:49:40","slug":"pezat-bordeaux-superieur-tinto","status":"publish","type":"product","link":"https:\/\/lawhiskeria.cr\/?product=pezat-bordeaux-superieur-tinto","title":{"rendered":"Pezat Bordeaux Superieur Tinto"},"content":{"rendered":"<p><strong>Descubra la magia de &#8216;Pezat Bordeaux Superieur Tinto&#8217;, una joya vin\u00edcola de la regi\u00f3n de Bordeaux que captura la esencia de la tradici\u00f3n y la calidad. Proveniente de la renombrada bodega Pezat en Francia, este vino tinto te invita a un viaje sensorial \u00fanico.<\/strong><\/p>\n<p><strong>Su sabor refinado y equilibrado, junto con su aroma cautivador, hacen de este vino una experiencia inolvidable. Con un cuerpo elegante y notas que deleitan el paladar, cada sorbo es una celebraci\u00f3n de la artesan\u00eda vin\u00edcola.<\/strong><\/p>\n<p><strong>Perfecto para maridar con platos sofisticados o una cena relajada, &#8216;Pezat Bordeaux Superieur Tinto&#8217; complementa a la perfecci\u00f3n carnes rojas, quesos maduros y platos de caza. Este vino ha sido reconocido con prestigiosos premios y altas calificaciones, destacando su excelencia en cada botella.<\/strong><\/p>\n<p><strong>No pierda la oportunidad de disfrutar de este tesoro enol\u00f3gico. A\u00f1ada &#8216;Pezat Bordeaux Superieur Tinto&#8217; a su carrito y deleite su paladar hoy mismo.<\/strong><\/p>\n<p><strong>DESCRIPCI\u00d3N<\/strong><\/p>\n<p><strong>Pezat Bordeaux Superieur Tinto 2018, es un vino 85% Merlot y 15% Cabernet Franc. La idea de Pezat inici\u00f3 cuando a Jonathan Maltus sinti\u00f3 que pod\u00eda hacer un excelente vino m\u00e1s all\u00e1 que los aburridos Bordeaux Superieur, proveniente de un vi\u00f1edo justo afuera de la denominaci\u00f3n de Saint Emilion si aplicaban los est\u00e1ndares de Saint Emilion al vi\u00f1edo y la elaboraci\u00f3n. Para este vino se utiliza la misma bodega, equipo y m\u00e9todos utilizados en los vinos de Chateau Teyssier Grand Cru. Pezat proviene de un vi\u00f1edo llamado \u201cLa Plagnolle\u201d. La densidad del vi\u00f1edo fue duplicada y la altura de las plantas fue reducida a la mitad para enfocarse en la calidad de la fruta m\u00e1s que en la cantidad. El vi\u00f1edo est\u00e1 literalmente a unos pasos de Saint Emilion.<\/strong><\/p>\n","protected":false},"excerpt":{"rendered":"<p><strong> Bodega: Pezat<\/strong><\/p>\n<p><strong> Regi\u00f3n: Bordeaux, Francia.<\/strong><\/p>\n<p><strong>Variedades de Uvas: Merlot 90%, Cabernet Franc 10%.<\/strong><\/p>\n<p><strong>Descubra la magia de &#8216;Pezat Bordeaux Superieur Tinto&#8217;, un vino refinado de la regi\u00f3n de Bordeaux con cuerpo elegante y notas cautivadoras. Perfecto para maridar con platos sofisticados.<\/strong><\/p>\n<p><strong>Es un vino delicioso, delicado y muy agradable para disfrutar solo o con una gran variedad de platos. Es muy vers\u00e1til.<\/strong><\/p>\n<p><strong>Notas de Cata:<\/strong><\/p>\n<p><strong>Apariencia: Color rojo, brillante y limpio.<\/strong><\/p>\n<p><strong>Nariz: Aromas a frutas rojas, notas de especias y toques de vainilla.<\/strong><\/p>\n<p><strong>Paladar: Sabores a frutas maduras, textura suave, equilibrado y final persistente.<\/strong><\/p>\n<p><strong>Maridajes Recomendados: Carnes rojas a la parrilla, quesos maduros y cenas elegantes.<\/strong><\/p>\n<p><strong>JAMES SUCKLING: 90 Puntos<\/strong><\/p>\n<p><strong>ABV 14% &#8211; 750 ml.<\/strong><\/p>\n<p><iframe loading=\"lazy\" title=\"YouTube video player\" src=\"https:\/\/www.youtube.com\/embed\/wNcIm0OsxNM?si=OgHDS6QEs7R11d58&amp;start=1806\" width=\"560\" height=\"315\" frameborder=\"0\" allowfullscreen=\"allowfullscreen\"><\/iframe><\/p>\n","protected":false},"featured_media":19171,"comment_status":"open","ping_status":"closed","template":"","meta":[],"product_brand":[],"product_cat":[420,29],"product_tag":[394,160,168,198,155],"class_list":{"0":"post-19160","1":"product","2":"type-product","3":"status-publish","4":"has-post-thumbnail","6":"product_cat-tinto","7":"product_cat-vinos","8":"product_tag-bordeaux","9":"product_tag-cabernet-franc","10":"product_tag-merlot","11":"product_tag-tinto","12":"product_tag-vino-frances","14":"first","15":"instock","16":"shipping-taxable","17":"purchasable","18":"product-type-simple"},"_links":{"self":[{"href":"https:\/\/lawhiskeria.cr\/index.php?rest_route=\/wp\/v2\/product\/19160","targetHints":{"allow":["GET"]}}],"collection":[{"href":"https:\/\/lawhiskeria.cr\/index.php?rest_route=\/wp\/v2\/product"}],"about":[{"href":"https:\/\/lawhiskeria.cr\/index.php?rest_route=\/wp\/v2\/types\/product"}],"replies":[{"embeddable":true,"href":"https:\/\/lawhiskeria.cr\/index.php?rest_route=%2Fwp%2Fv2%2Fcomments&post=19160"}],"version-history":[{"count":4,"href":"https:\/\/lawhiskeria.cr\/index.php?rest_route=\/wp\/v2\/product\/19160\/revisions"}],"predecessor-version":[{"id":19246,"href":"https:\/\/lawhiskeria.cr\/index.php?rest_route=\/wp\/v2\/product\/19160\/revisions\/19246"}],"wp:featuredmedia":[{"embeddable":true,"href":"https:\/\/lawhiskeria.cr\/index.php?rest_route=\/wp\/v2\/media\/19171"}],"wp:attachment":[{"href":"https:\/\/lawhiskeria.cr\/index.php?rest_route=%2Fwp%2Fv2%2Fmedia&parent=19160"}],"wp:term":[{"taxonomy":"product_brand","embeddable":true,"href":"https:\/\/lawhiskeria.cr\/index.php?rest_route=%2Fwp%2Fv2%2Fproduct_brand&post=19160"},{"taxonomy":"product_cat","embeddable":true,"href":"https:\/\/lawhiskeria.cr\/index.php?rest_route=%2Fwp%2Fv2%2Fproduct_cat&post=19160"},{"taxonomy":"product_tag","embeddable":true,"href":"https:\/\/lawhiskeria.cr\/index.php?rest_route=%2Fwp%2Fv2%2Fproduct_tag&post=19160"}],"curies":[{"name":"wp","href":"https:\/\/api.w.org\/{rel}","templated":true}]}}