{"id":19145,"date":"2025-09-13T01:42:15","date_gmt":"2025-09-13T01:42:15","guid":{"rendered":"https:\/\/lawhiskeria.cr\/?post_type=product&#038;p=19145"},"modified":"2025-10-28T02:42:21","modified_gmt":"2025-10-28T02:42:21","slug":"pruno-nero-dry","status":"publish","type":"product","link":"https:\/\/lawhiskeria.cr\/?product=pruno-nero-dry","title":{"rendered":"Pruno Nero Dry"},"content":{"rendered":"","protected":false},"excerpt":{"rendered":"<p><strong>Lambrusco di Modena<\/strong><\/p>\n<p><strong>Notas Organol\u00e9pticas:<\/strong><\/p>\n<p><strong>Color rojo intenso con destellos viol\u00e1ceos, caracter\u00edstico de los Lambruscos, con burbujas finas y persistentes que denotan su efervescencia. Aromas vibrantes de frutas rojas como cerezas, fresas y moras, acompa\u00f1ados de notas florales y un leve toque especiado que a\u00f1ade complejidad. En el paladar, es seco y fresco, con una acidez bien equilibrada. La efervescencia es suave y cremoso, resaltando los sabores frutales y dejando un final limpio y persistente.<\/strong><\/p>\n<p><strong>Principalmente de Lambrusco Grasparossa y\/o Lambrusco di Sorbara, que aportan estructura y frescura, respectivamente.<\/strong><\/p>\n<p><strong>Emilia-Romagna, en la zona de Modena, famosa por sus Lambruscos de calidad.<\/strong><\/p>\n<p><strong>Vinificaci\u00f3n: Fermentaci\u00f3n en acero inoxidable para conservar la frescura y los aromas. Se realiza una segunda fermentaci\u00f3n, t\u00edpica de los espumosos, para desarrollar las burbujas. Este proceso puede incluir un m\u00e9todo Charmat para obtener un burbujeo m\u00e1s delicado.<\/strong><\/p>\n<p><strong>Grado Alcoh\u00f3lico: Alrededor del 11% vol, lo que lo hace ligero y f\u00e1cil de<\/strong><\/p>\n<p><strong>Maridaje: Ideal para acompa\u00f1ar embutidos, quesos curados, pizzas, pastas con salsas ligeras y platos de cocina mediterr\u00e1nea. Tambi\u00e9n es excelente como aperitivo o para disfrutar con postres de<\/strong><\/p>\n<p><strong>C\u00f3mo Servirlo: Servir entre 6-8\u00b0C para realzar su frescura y las burbujas.<\/strong><\/p>\n<p><strong>Utilizar copas de vino espumoso o flautas, que permiten apreciar la efervescencia y los aromas.<\/strong><\/p>\n<p><strong>El \u201cPrunonero Dry\u201d es un Lambrusco que captura la esencia de la regi\u00f3n, siendo perfecto para celebraciones o simplemente para disfrutar en buena compa\u00f1\u00eda.<\/strong><\/p>\n<p><iframe loading=\"lazy\" title=\"YouTube video player\" src=\"https:\/\/www.youtube.com\/embed\/2sE59kwRYT0?si=XEHHUuz4VE63B3qX&amp;start=3414\" width=\"560\" height=\"315\" frameborder=\"0\" allowfullscreen=\"allowfullscreen\"><\/iframe><\/p>\n","protected":false},"featured_media":19237,"comment_status":"open","ping_status":"closed","template":"","meta":[],"product_brand":[],"product_cat":[422,420,29],"product_tag":[384,392,391,393,147,148],"class_list":{"0":"post-19145","1":"product","2":"type-product","3":"status-publish","4":"has-post-thumbnail","6":"product_cat-espumosos","7":"product_cat-tinto","8":"product_cat-vinos","9":"product_tag-emilia-romagna","10":"product_tag-lambrusco-di-modena","11":"product_tag-lambrusco-di-sorbara","12":"product_tag-lambrusco-grasparossa","13":"product_tag-vino-espumoso","14":"product_tag-vino-italiano","16":"first","17":"instock","18":"shipping-taxable","19":"purchasable","20":"product-type-simple"},"_links":{"self":[{"href":"https:\/\/lawhiskeria.cr\/index.php?rest_route=\/wp\/v2\/product\/19145","targetHints":{"allow":["GET"]}}],"collection":[{"href":"https:\/\/lawhiskeria.cr\/index.php?rest_route=\/wp\/v2\/product"}],"about":[{"href":"https:\/\/lawhiskeria.cr\/index.php?rest_route=\/wp\/v2\/types\/product"}],"replies":[{"embeddable":true,"href":"https:\/\/lawhiskeria.cr\/index.php?rest_route=%2Fwp%2Fv2%2Fcomments&post=19145"}],"version-history":[{"count":3,"href":"https:\/\/lawhiskeria.cr\/index.php?rest_route=\/wp\/v2\/product\/19145\/revisions"}],"predecessor-version":[{"id":19366,"href":"https:\/\/lawhiskeria.cr\/index.php?rest_route=\/wp\/v2\/product\/19145\/revisions\/19366"}],"wp:featuredmedia":[{"embeddable":true,"href":"https:\/\/lawhiskeria.cr\/index.php?rest_route=\/wp\/v2\/media\/19237"}],"wp:attachment":[{"href":"https:\/\/lawhiskeria.cr\/index.php?rest_route=%2Fwp%2Fv2%2Fmedia&parent=19145"}],"wp:term":[{"taxonomy":"product_brand","embeddable":true,"href":"https:\/\/lawhiskeria.cr\/index.php?rest_route=%2Fwp%2Fv2%2Fproduct_brand&post=19145"},{"taxonomy":"product_cat","embeddable":true,"href":"https:\/\/lawhiskeria.cr\/index.php?rest_route=%2Fwp%2Fv2%2Fproduct_cat&post=19145"},{"taxonomy":"product_tag","embeddable":true,"href":"https:\/\/lawhiskeria.cr\/index.php?rest_route=%2Fwp%2Fv2%2Fproduct_tag&post=19145"}],"curies":[{"name":"wp","href":"https:\/\/api.w.org\/{rel}","templated":true}]}}