{"id":19142,"date":"2025-09-13T01:35:38","date_gmt":"2025-09-13T01:35:38","guid":{"rendered":"https:\/\/lawhiskeria.cr\/?post_type=product&#038;p=19142"},"modified":"2025-10-28T03:02:35","modified_gmt":"2025-10-28T03:02:35","slug":"vecchia-modena-lambrusco-doc","status":"publish","type":"product","link":"https:\/\/lawhiskeria.cr\/?product=vecchia-modena-lambrusco-doc","title":{"rendered":"Vecchia Modena Lambrusco DOC"},"content":{"rendered":"","protected":false},"excerpt":{"rendered":"<p><strong>Bodega Chiarli<\/strong><\/p>\n<p><strong>Notas Organol\u00e9pticas:<\/strong><\/p>\n<p><strong>Color rosado p\u00e1lido a rub\u00ed, con una burbuja fina y persistente que refleja su naturaleza efervescente. Aromas frescos y frutales, con notas de fresas, cerezas y un toque floral de violetas, que son caracter\u00edsticas t\u00edpicas de la variedad Sorbara. En el paladar, es ligero y refrescante, con un dulzor sutil que equilibra la acidez. La efervescencia es suave, lo que proporciona una textura agradable. El final es limpio y afrutado.<\/strong><\/p>\n<p><strong>100% Lambrusco di Sorbara, conocido por su elegancia y frescura.<\/strong><\/p>\n<p><strong>Emilia-Romagna, espec\u00edficamente en la zona de Sorbara, reconocida por la calidad de sus vinos espumosos.<\/strong><\/p>\n<p><strong>Vinificaci\u00f3n: La vinificaci\u00f3n incluye una fermentaci\u00f3n en acero inoxidable para preservar los aromas frescos y frutales. Luego se realiza una segunda fermentaci\u00f3n para obtener las burbujas, manteniendo el car\u00e1cter ligero del vino.<\/strong><\/p>\n<p><strong>Grado Alcoh\u00f3lico: Aproximadamente 11% vol, ideal para un vino ligero y f\u00e1cil de disfrutar.<\/strong><\/p>\n<p><strong>Maridaje: Este Lambrusco es vers\u00e1til y se puede maridar con embutidos, quesos frescos, antipasti, pastas con salsas ligeras, y platos t\u00edpicos de la cocina Tambi\u00e9n es excelente como aperitivo y con postres de frutas.<\/strong><\/p>\n<p><strong>C\u00f3mo Servirlo: Servir entre 6-8\u00b0C para resaltar su frescura y burbujas.<\/strong><\/p>\n<p><strong>Utilizar copas de vino espumoso o flautas, que permiten apreciar la efervescencia y los aromas del vino.<\/strong><\/p>\n<p><iframe loading=\"lazy\" title=\"YouTube video player\" src=\"https:\/\/www.youtube.com\/embed\/2sE59kwRYT0?si=Rb2UNs-D7qUdO5AZ&amp;start=2503\" width=\"560\" height=\"315\" frameborder=\"0\" allowfullscreen=\"allowfullscreen\"><\/iframe><\/p>\n","protected":false},"featured_media":19238,"comment_status":"open","ping_status":"closed","template":"","meta":[],"product_brand":[],"product_cat":[422,29],"product_tag":[384,388,391,147,148,196],"class_list":{"0":"post-19142","1":"product","2":"type-product","3":"status-publish","4":"has-post-thumbnail","6":"product_cat-espumosos","7":"product_cat-vinos","8":"product_tag-emilia-romagna","9":"product_tag-lambrusco","10":"product_tag-lambrusco-di-sorbara","11":"product_tag-vino-espumoso","12":"product_tag-vino-italiano","13":"product_tag-vino-rosado","15":"first","16":"instock","17":"shipping-taxable","18":"purchasable","19":"product-type-simple"},"_links":{"self":[{"href":"https:\/\/lawhiskeria.cr\/index.php?rest_route=\/wp\/v2\/product\/19142","targetHints":{"allow":["GET"]}}],"collection":[{"href":"https:\/\/lawhiskeria.cr\/index.php?rest_route=\/wp\/v2\/product"}],"about":[{"href":"https:\/\/lawhiskeria.cr\/index.php?rest_route=\/wp\/v2\/types\/product"}],"replies":[{"embeddable":true,"href":"https:\/\/lawhiskeria.cr\/index.php?rest_route=%2Fwp%2Fv2%2Fcomments&post=19142"}],"version-history":[{"count":4,"href":"https:\/\/lawhiskeria.cr\/index.php?rest_route=\/wp\/v2\/product\/19142\/revisions"}],"predecessor-version":[{"id":19368,"href":"https:\/\/lawhiskeria.cr\/index.php?rest_route=\/wp\/v2\/product\/19142\/revisions\/19368"}],"wp:featuredmedia":[{"embeddable":true,"href":"https:\/\/lawhiskeria.cr\/index.php?rest_route=\/wp\/v2\/media\/19238"}],"wp:attachment":[{"href":"https:\/\/lawhiskeria.cr\/index.php?rest_route=%2Fwp%2Fv2%2Fmedia&parent=19142"}],"wp:term":[{"taxonomy":"product_brand","embeddable":true,"href":"https:\/\/lawhiskeria.cr\/index.php?rest_route=%2Fwp%2Fv2%2Fproduct_brand&post=19142"},{"taxonomy":"product_cat","embeddable":true,"href":"https:\/\/lawhiskeria.cr\/index.php?rest_route=%2Fwp%2Fv2%2Fproduct_cat&post=19142"},{"taxonomy":"product_tag","embeddable":true,"href":"https:\/\/lawhiskeria.cr\/index.php?rest_route=%2Fwp%2Fv2%2Fproduct_tag&post=19142"}],"curies":[{"name":"wp","href":"https:\/\/api.w.org\/{rel}","templated":true}]}}