{"id":19139,"date":"2025-09-13T01:30:11","date_gmt":"2025-09-13T01:30:11","guid":{"rendered":"https:\/\/lawhiskeria.cr\/?post_type=product&#038;p=19139"},"modified":"2025-10-28T02:02:20","modified_gmt":"2025-10-28T02:02:20","slug":"il-mio-roso","status":"publish","type":"product","link":"https:\/\/lawhiskeria.cr\/?product=il-mio-roso","title":{"rendered":"Il Mio Rosso"},"content":{"rendered":"","protected":false},"excerpt":{"rendered":"<p><strong>IGT amabile<\/strong><\/p>\n<p><strong>Lambrusco dell\u2019Emilia<\/strong><\/p>\n<p><strong>Notas Organol\u00e9pticas:<\/strong><\/p>\n<p><strong>Color rojo rub\u00ed brillante, con burbujas finas y persistentes que evidencian su car\u00e1cter efervescente. Aromas intensos de frutas rojas como cerezas, fresas y moras, con notas florales que recuerdan a violetas y un ligero toque herb\u00e1ceo. En el paladar, es un vino semi-dulce con una burbuja suave que lo hace muy agradable. La acidez equilibrada resalta los sabores frutales, ofreciendo un final fresco y ligero.<\/strong><\/p>\n<p><strong>Principalmente de Lambrusco, una variedad aut\u00f3ctona de la regi\u00f3n que aporta frescura y vivacidad. Emilia-Romagna, conocida por su tradici\u00f3n en la producci\u00f3n de Lambrusco y su diversidad de estilos.<\/strong><\/p>\n<p><strong>Vinificaci\u00f3n: Fermentaci\u00f3n en tanque de acero inoxidable, seguida de una segunda fermentaci\u00f3n para obtener las burbujas. El vino se estabiliza para preservar su dulzura natural.<\/strong><\/p>\n<p><strong>Grado Alcoh\u00f3lico: Aproximadamente 5% vol, lo que lo hace ligero y f\u00e1cil de beber, ideal para diversas ocasiones.<\/strong><\/p>\n<p><strong>Maridaje: Perfecto para acompa\u00f1ar embutidos, quesos suaves, pastas con salsas ligeras, pizzas y postres de Tambi\u00e9n es ideal como aperitivo o para disfrutar en una tarde de verano.<\/strong><\/p>\n<p><strong>C\u00f3mo Servirlo: Servir entre 8-10\u00b0C, lo que resalta su frescura y burbujas.<\/strong><\/p>\n<p><strong>Utilizar copas de vino espumoso o flautas, que permiten apreciar la efervescencia y los aromas del vino. Es una opci\u00f3n vers\u00e1til y divertida que captura la esencia de la regi\u00f3n y es perfecto para compartir en ocasiones festivas.<\/strong><\/p>\n","protected":false},"featured_media":19140,"comment_status":"open","ping_status":"closed","template":"","meta":[],"product_brand":[],"product_cat":[422,420,29],"product_tag":[384,390,388,389,147,148],"class_list":{"0":"post-19139","1":"product","2":"type-product","3":"status-publish","4":"has-post-thumbnail","6":"product_cat-espumosos","7":"product_cat-tinto","8":"product_cat-vinos","9":"product_tag-emilia-romagna","10":"product_tag-igt-amabile","11":"product_tag-lambrusco","12":"product_tag-lambrusco-dellemilia","13":"product_tag-vino-espumoso","14":"product_tag-vino-italiano","16":"first","17":"instock","18":"shipping-taxable","19":"purchasable","20":"product-type-simple"},"_links":{"self":[{"href":"https:\/\/lawhiskeria.cr\/index.php?rest_route=\/wp\/v2\/product\/19139","targetHints":{"allow":["GET"]}}],"collection":[{"href":"https:\/\/lawhiskeria.cr\/index.php?rest_route=\/wp\/v2\/product"}],"about":[{"href":"https:\/\/lawhiskeria.cr\/index.php?rest_route=\/wp\/v2\/types\/product"}],"replies":[{"embeddable":true,"href":"https:\/\/lawhiskeria.cr\/index.php?rest_route=%2Fwp%2Fv2%2Fcomments&post=19139"}],"version-history":[{"count":2,"href":"https:\/\/lawhiskeria.cr\/index.php?rest_route=\/wp\/v2\/product\/19139\/revisions"}],"predecessor-version":[{"id":19234,"href":"https:\/\/lawhiskeria.cr\/index.php?rest_route=\/wp\/v2\/product\/19139\/revisions\/19234"}],"wp:featuredmedia":[{"embeddable":true,"href":"https:\/\/lawhiskeria.cr\/index.php?rest_route=\/wp\/v2\/media\/19140"}],"wp:attachment":[{"href":"https:\/\/lawhiskeria.cr\/index.php?rest_route=%2Fwp%2Fv2%2Fmedia&parent=19139"}],"wp:term":[{"taxonomy":"product_brand","embeddable":true,"href":"https:\/\/lawhiskeria.cr\/index.php?rest_route=%2Fwp%2Fv2%2Fproduct_brand&post=19139"},{"taxonomy":"product_cat","embeddable":true,"href":"https:\/\/lawhiskeria.cr\/index.php?rest_route=%2Fwp%2Fv2%2Fproduct_cat&post=19139"},{"taxonomy":"product_tag","embeddable":true,"href":"https:\/\/lawhiskeria.cr\/index.php?rest_route=%2Fwp%2Fv2%2Fproduct_tag&post=19139"}],"curies":[{"name":"wp","href":"https:\/\/api.w.org\/{rel}","templated":true}]}}