{"id":19130,"date":"2025-09-13T00:59:14","date_gmt":"2025-09-13T00:59:14","guid":{"rendered":"https:\/\/lawhiskeria.cr\/?post_type=product&#038;p=19130"},"modified":"2025-10-28T00:31:26","modified_gmt":"2025-10-28T00:31:26","slug":"durano-sargiovese-superiore","status":"publish","type":"product","link":"https:\/\/lawhiskeria.cr\/?product=durano-sargiovese-superiore","title":{"rendered":"Durano Sargiovese Superiore"},"content":{"rendered":"","protected":false},"excerpt":{"rendered":"<p><strong>Bodega Campo del Sole<\/strong><\/p>\n<p><strong>Notas Organol\u00e9pticas:<\/strong><\/p>\n<p><strong>Color rojo rub\u00ed intenso, con matices viol\u00e1ceos que indican su juventud. Aromas complejos que combinan notas de frutas rojas como cerezas y frambuesas, con toques de especias y un leve matiz floral. En boca, es fresco y equilibrado, con una buena acidez y taninos suaves. Presenta sabores de fruta madura y un final persistente con notas de regaliz y un toque terroso.<\/strong><\/p>\n<p><strong>Variedad: 100% Sangiovese. Romagna DOP.<\/strong><\/p>\n<p><strong>Var\u00eda seg\u00fan la cosecha, pero generalmente se elige un a\u00f1o reciente para resaltar la frescura del vino.<\/strong><\/p>\n<p><strong>Vinificaci\u00f3n:Fermentaci\u00f3n a temperaturas controladas para preservar los aromas frutales. Posterior maceraci\u00f3n con las pieles para extraer color y taninos. Puede madurar en barricas de roble durante un periodo que oscila entre 6 meses y 1 a\u00f1o, dependiendo del productor y del estilo deseado.<\/strong><\/p>\n<p><strong>Grado Alcoh\u00f3lico: Alrededor del 13% a 14% de alcohol por volumen.<\/strong><\/p>\n<p><strong>Maridaje: Este vino es vers\u00e1til y marida bien con: Carnes rojas: A la parrilla o guisadas.<\/strong><\/p>\n<p><strong>Platos de pasta: Con salsas a base de tomate o rag\u00fa. Quesos: Curados y semicurados. Ensaladas: Con prote\u00ednas como pollo o pato.<\/strong><\/p>\n<p><strong>C\u00f3mo Servirlo: Servir a una temperatura entre 16\u00b0C y 18\u00b0C.<\/strong><\/p>\n","protected":false},"featured_media":19131,"comment_status":"open","ping_status":"closed","template":"","meta":[],"product_brand":[],"product_cat":[420,29],"product_tag":[386,369,148,247],"class_list":{"0":"post-19130","1":"product","2":"type-product","3":"status-publish","4":"has-post-thumbnail","6":"product_cat-tinto","7":"product_cat-vinos","8":"product_tag-romagna-dop","9":"product_tag-sangiovese","10":"product_tag-vino-italiano","11":"product_tag-vino-tinto","13":"first","14":"instock","15":"shipping-taxable","16":"purchasable","17":"product-type-simple"},"_links":{"self":[{"href":"https:\/\/lawhiskeria.cr\/index.php?rest_route=\/wp\/v2\/product\/19130","targetHints":{"allow":["GET"]}}],"collection":[{"href":"https:\/\/lawhiskeria.cr\/index.php?rest_route=\/wp\/v2\/product"}],"about":[{"href":"https:\/\/lawhiskeria.cr\/index.php?rest_route=\/wp\/v2\/types\/product"}],"replies":[{"embeddable":true,"href":"https:\/\/lawhiskeria.cr\/index.php?rest_route=%2Fwp%2Fv2%2Fcomments&post=19130"}],"version-history":[{"count":1,"href":"https:\/\/lawhiskeria.cr\/index.php?rest_route=\/wp\/v2\/product\/19130\/revisions"}],"predecessor-version":[{"id":19132,"href":"https:\/\/lawhiskeria.cr\/index.php?rest_route=\/wp\/v2\/product\/19130\/revisions\/19132"}],"wp:featuredmedia":[{"embeddable":true,"href":"https:\/\/lawhiskeria.cr\/index.php?rest_route=\/wp\/v2\/media\/19131"}],"wp:attachment":[{"href":"https:\/\/lawhiskeria.cr\/index.php?rest_route=%2Fwp%2Fv2%2Fmedia&parent=19130"}],"wp:term":[{"taxonomy":"product_brand","embeddable":true,"href":"https:\/\/lawhiskeria.cr\/index.php?rest_route=%2Fwp%2Fv2%2Fproduct_brand&post=19130"},{"taxonomy":"product_cat","embeddable":true,"href":"https:\/\/lawhiskeria.cr\/index.php?rest_route=%2Fwp%2Fv2%2Fproduct_cat&post=19130"},{"taxonomy":"product_tag","embeddable":true,"href":"https:\/\/lawhiskeria.cr\/index.php?rest_route=%2Fwp%2Fv2%2Fproduct_tag&post=19130"}],"curies":[{"name":"wp","href":"https:\/\/api.w.org\/{rel}","templated":true}]}}