{"id":19127,"date":"2025-09-13T00:49:53","date_gmt":"2025-09-13T00:49:53","guid":{"rendered":"https:\/\/lawhiskeria.cr\/?post_type=product&#038;p=19127"},"modified":"2025-11-27T04:17:26","modified_gmt":"2025-11-27T04:17:26","slug":"selva-albana-docg","status":"publish","type":"product","link":"https:\/\/lawhiskeria.cr\/?product=selva-albana-docg","title":{"rendered":"Selva Albana DOCG"},"content":{"rendered":"","protected":false},"excerpt":{"rendered":"<p><strong>Bodega Campo del Sole<\/strong><\/p>\n<p><strong>Notas Organol\u00e9pticas:<\/strong><\/p>\n<p><strong>Color amarillo p\u00e1lido con reflejos dorados, mostrando una buena luminosidad. Aromas frescos y florales, con notas de manzana verde, pera y un toque de c\u00edtricos. Tambi\u00e9n pueden aparecer matices de almendra y hierbas secas. En el paladar, es un vino seco y equilibrado, con una acidez vibrante que le da frescura. Los sabores frutales se complementan con una textura ligeramente mineral y un final persistente.<\/strong><\/p>\n<p><strong>100% Albana, una variedad aut\u00f3ctona de la regi\u00f3n que produce vinos con gran personalidad.<\/strong><\/p>\n<p><strong>Selva Romagna, en Emilia-Romagna, reconocida por su diversidad vitivin\u00edcola y la calidad de sus albana.<\/strong><\/p>\n<p><strong>Vinificaci\u00f3n: Fermentaci\u00f3n en dep\u00f3sitos de acero inoxidable para conservar la frescura y los aromas. Puede tener una corta crianza en l\u00edas, lo que a\u00f1ade complejidad y untuosidad al vino.<\/strong><\/p>\n<p><strong>Grado Alcoh\u00f3lico: Aproximadamente 13% vol, lo que es t\u00edpico para los vinos blancos de calidad de esta regi\u00f3n.<\/strong><\/p>\n<p><strong>Maridaje: Ideal para acompa\u00f1ar platos de pescado, mariscos, ensaladas frescas y platos de cocina mediterr\u00e1nea. Tambi\u00e9n va bien con quesos suaves y risottos.<\/strong><\/p>\n<p><strong>C\u00f3mo Servirlo: Servir entre 10-12\u00b0C para resaltar su frescura y aromas.<\/strong><\/p>\n<p><strong>Utilizar copas de vino blanco, que permitan apreciar los aromas delicados y la frescura del vino.El Selva Romagna DOCG Albana Secco es una excelente elecci\u00f3n para aquellos que buscan un vino blanco con car\u00e1cter y frescura.<\/strong><\/p>\n<p><iframe loading=\"lazy\" width=\"560\" height=\"315\" src=\"https:\/\/www.youtube.com\/embed\/tqgL8WtC3d8?si=czp40pLVppcs-kBN&amp;start=1422\" title=\"YouTube video player\" frameborder=\"0\" allow=\"accelerometer; autoplay; clipboard-write; encrypted-media; gyroscope; picture-in-picture; web-share\" referrerpolicy=\"strict-origin-when-cross-origin\" allowfullscreen><\/iframe><\/p>\n","protected":false},"featured_media":19128,"comment_status":"open","ping_status":"closed","template":"","meta":[],"product_brand":[],"product_cat":[421,29],"product_tag":[385,384,159,148],"class_list":{"0":"post-19127","1":"product","2":"type-product","3":"status-publish","4":"has-post-thumbnail","6":"product_cat-blanco-y-rosado","7":"product_cat-vinos","8":"product_tag-albana","9":"product_tag-emilia-romagna","10":"product_tag-vino-blanco","11":"product_tag-vino-italiano","13":"first","14":"instock","15":"shipping-taxable","16":"purchasable","17":"product-type-simple"},"_links":{"self":[{"href":"https:\/\/lawhiskeria.cr\/index.php?rest_route=\/wp\/v2\/product\/19127","targetHints":{"allow":["GET"]}}],"collection":[{"href":"https:\/\/lawhiskeria.cr\/index.php?rest_route=\/wp\/v2\/product"}],"about":[{"href":"https:\/\/lawhiskeria.cr\/index.php?rest_route=\/wp\/v2\/types\/product"}],"replies":[{"embeddable":true,"href":"https:\/\/lawhiskeria.cr\/index.php?rest_route=%2Fwp%2Fv2%2Fcomments&post=19127"}],"version-history":[{"count":2,"href":"https:\/\/lawhiskeria.cr\/index.php?rest_route=\/wp\/v2\/product\/19127\/revisions"}],"predecessor-version":[{"id":19499,"href":"https:\/\/lawhiskeria.cr\/index.php?rest_route=\/wp\/v2\/product\/19127\/revisions\/19499"}],"wp:featuredmedia":[{"embeddable":true,"href":"https:\/\/lawhiskeria.cr\/index.php?rest_route=\/wp\/v2\/media\/19128"}],"wp:attachment":[{"href":"https:\/\/lawhiskeria.cr\/index.php?rest_route=%2Fwp%2Fv2%2Fmedia&parent=19127"}],"wp:term":[{"taxonomy":"product_brand","embeddable":true,"href":"https:\/\/lawhiskeria.cr\/index.php?rest_route=%2Fwp%2Fv2%2Fproduct_brand&post=19127"},{"taxonomy":"product_cat","embeddable":true,"href":"https:\/\/lawhiskeria.cr\/index.php?rest_route=%2Fwp%2Fv2%2Fproduct_cat&post=19127"},{"taxonomy":"product_tag","embeddable":true,"href":"https:\/\/lawhiskeria.cr\/index.php?rest_route=%2Fwp%2Fv2%2Fproduct_tag&post=19127"}],"curies":[{"name":"wp","href":"https:\/\/api.w.org\/{rel}","templated":true}]}}