{"id":19119,"date":"2025-09-10T22:54:25","date_gmt":"2025-09-10T22:54:25","guid":{"rendered":"https:\/\/lawhiskeria.cr\/?post_type=product&#038;p=19119"},"modified":"2025-10-28T02:10:53","modified_gmt":"2025-10-28T02:10:53","slug":"linda-flor-malbec","status":"publish","type":"product","link":"https:\/\/lawhiskeria.cr\/?product=linda-flor-malbec","title":{"rendered":"Linda Flor Malbec"},"content":{"rendered":"<p><strong>Artesan\u00eda y excelencia se fusionan en cada botella de Lindaflor, para expresar el aut\u00e9ntico terru\u00f1o. Lindaflor representa nuestra l\u00ednea de vinos de guarda. Meticulosamente elaborados a partir de parcelas seleccionadas conocidas por su excepcional calidad de fruta son el producto de una microvinificaci\u00f3n precisa en barricas de 225 litros, lo que resulta en un perfil complejo, frutado y bien redondeado con taninos suaves.<\/strong><\/p>\n<p><strong>Su excepcional potencial de guarda y producci\u00f3n limitada lo convierten en una elecci\u00f3n preciada para coleccionistas y aquellos que valoran la evoluci\u00f3n de un vino con el paso\u00a0 del tiempo.<\/strong><\/p>\n<p><strong>CARACTER\u00cdSTICAS DE LA A\u00d1ADA<\/strong><\/p>\n<p><strong>La cosecha del 2017 fue escasa debido a heladas tard\u00edas y clima seco. Aunque las nevadas invernales en la Cordillera de Los Andes cargaron los suelos, las heladas primaverales redujeron los rendimientos en un 30%. La temporada de cosecha fue breve y anticipada, con menor producci\u00f3n. Las lluvias escasas contribuyeron a mantener la sanidad de las uvas.<\/strong><\/p>\n","protected":false},"excerpt":{"rendered":"<p><strong>\u00cdcono de Monteviejo: Malbec puro, potente y sedoso, con frutos negros, cedro y mineralidad.<\/strong><\/p>\n<p><strong>Bodega: Bodega Monteviejo.<\/strong><\/p>\n<p><strong>Regi\u00f3n: Valle de Uco. Pa\u00eds: Argentina.<\/strong><\/p>\n<p><strong>Variedades de Uva: 100% Malbec<\/strong><\/p>\n<p><strong>A\u00f1ejamiento: 18\u201320 meses en barricas francesas (60 % nuevas)<\/strong><\/p>\n<p><strong>Calificaciones Profesionales: 94 puntos por James Suckling<\/strong><\/p>\n<p><strong>Notas de Cata: El vino presenta profundidad en su color y tonos viol\u00e1ceos. Tiene buena concentraci\u00f3n debido a los bajos rendimientos naturales de los vi\u00f1edos. Sus a\u00f1os de guarda complejizan los aromas, teniendo una madera bien integrada y tipicidad propia de nuestros malbec que recuerdan a ciruelas frescas, y sutiles notas florales. Es un vino con entrada dulce debido al equilibrio en el vi\u00f1edo. Los taninos maduros complementan la elegancia de la nariz del vino logrando gran balance.<\/strong><\/p>\n<p><strong>Apariencia: Rub\u00ed profundo con destellos violeta.<\/strong><\/p>\n<p><strong>Nariz: Violetas, ciruelas, roble fino.<\/strong><\/p>\n<p><strong>Paladar: Fruta madura, especias, taninos aterciopelados, final persistente.<\/strong><\/p>\n<p><strong>Maridaje Ideal: Ojo de bife madurado. Rag\u00fa de cordero con hierbas.<\/strong><\/p>\n<p><strong>Guarda en cava (10+ a\u00f1os).<\/strong><\/p>\n<p><strong>14.9% ABV \u2013 750 ml.<\/strong><\/p>\n","protected":false},"featured_media":19120,"comment_status":"open","ping_status":"closed","template":"","meta":[],"product_brand":[],"product_cat":[420,29],"product_tag":[152,309,151,247],"class_list":{"0":"post-19119","1":"product","2":"type-product","3":"status-publish","4":"has-post-thumbnail","6":"product_cat-tinto","7":"product_cat-vinos","8":"product_tag-malbec","9":"product_tag-valle-de-uco","10":"product_tag-vino-argentino","11":"product_tag-vino-tinto","13":"first","14":"instock","15":"shipping-taxable","16":"purchasable","17":"product-type-simple"},"_links":{"self":[{"href":"https:\/\/lawhiskeria.cr\/index.php?rest_route=\/wp\/v2\/product\/19119","targetHints":{"allow":["GET"]}}],"collection":[{"href":"https:\/\/lawhiskeria.cr\/index.php?rest_route=\/wp\/v2\/product"}],"about":[{"href":"https:\/\/lawhiskeria.cr\/index.php?rest_route=\/wp\/v2\/types\/product"}],"replies":[{"embeddable":true,"href":"https:\/\/lawhiskeria.cr\/index.php?rest_route=%2Fwp%2Fv2%2Fcomments&post=19119"}],"version-history":[{"count":1,"href":"https:\/\/lawhiskeria.cr\/index.php?rest_route=\/wp\/v2\/product\/19119\/revisions"}],"predecessor-version":[{"id":19121,"href":"https:\/\/lawhiskeria.cr\/index.php?rest_route=\/wp\/v2\/product\/19119\/revisions\/19121"}],"wp:featuredmedia":[{"embeddable":true,"href":"https:\/\/lawhiskeria.cr\/index.php?rest_route=\/wp\/v2\/media\/19120"}],"wp:attachment":[{"href":"https:\/\/lawhiskeria.cr\/index.php?rest_route=%2Fwp%2Fv2%2Fmedia&parent=19119"}],"wp:term":[{"taxonomy":"product_brand","embeddable":true,"href":"https:\/\/lawhiskeria.cr\/index.php?rest_route=%2Fwp%2Fv2%2Fproduct_brand&post=19119"},{"taxonomy":"product_cat","embeddable":true,"href":"https:\/\/lawhiskeria.cr\/index.php?rest_route=%2Fwp%2Fv2%2Fproduct_cat&post=19119"},{"taxonomy":"product_tag","embeddable":true,"href":"https:\/\/lawhiskeria.cr\/index.php?rest_route=%2Fwp%2Fv2%2Fproduct_tag&post=19119"}],"curies":[{"name":"wp","href":"https:\/\/api.w.org\/{rel}","templated":true}]}}