{"id":19116,"date":"2025-09-10T22:30:09","date_gmt":"2025-09-10T22:30:09","guid":{"rendered":"https:\/\/lawhiskeria.cr\/?post_type=product&#038;p=19116"},"modified":"2025-10-28T02:26:55","modified_gmt":"2025-10-28T02:26:55","slug":"petite-fleur-cabernet-franc","status":"publish","type":"product","link":"https:\/\/lawhiskeria.cr\/?product=petite-fleur-cabernet-franc","title":{"rendered":"Petite Fleur Cabernet Franc"},"content":{"rendered":"<p><strong>Vinificado con maceraci\u00f3n en fr\u00edo y fermentaci\u00f3n controlada para resaltar su perfil vegetal elegante, exhibe el lado m\u00e1s refinado del Cabernet Franc andino: frescura arom\u00e1tica, estructura media y mineralidad calc\u00e1rea propia de los suelos aluviales de Vista Flores.<\/strong><\/p>\n<p><strong>&#8220;L&#8217;Art de Transcender; trascender en el tiempo a trav\u00e9s de nuestros vinos: por nuestros hijos, por nuestra cultura\u00a0 de trabajo, por nuestra tierra y por nuestros origenes. La sutil elegancia francesa y el cara\u0301cter u\u0301nico del terroir de Vista Flores, en el corazo\u0301n del Valle de Uco, se unen en la nueva imagen de Petite Fleur para revelar sus rai\u0301ces ma\u0301s profundas.<\/strong><\/p>\n<p><strong>La esencia de esta li\u0301nea nos habla del respeto por la tierra y por la naturaleza; y de la paciencia para lograr vinos de gran calidad. Trascender en el tiempo a trave\u0301s de nuestros vinos: por nuestros hijos, por nuestra cultura de trabajo, por nuestra tierra, por nuestros ori\u0301genes.&#8221;<\/strong><\/p>\n","protected":false},"excerpt":{"rendered":"<p><strong>Variedades de Uva: 100% Cabernet Franc<\/strong><\/p>\n<p><strong>A\u00f1ejamiento: 70 % del vino en barricas francesas de 2\u00ba\/3\u00ba uso durante 12 meses + 6 meses en botella.<\/strong><\/p>\n<p><strong>93 puntos por Tim Atkin &#8211; Destaca su intensidad frutal, taninos sedosos y final persistente.<\/strong><\/p>\n<p><strong>Notas de Cata: Especias, moras, pimiento rojo asado; boca expresiva y equilibrada. Es un vino con centro de boca expresivo, gran equilibrio y complejidad provenientes de la guarda. Es profundo y elegante, por lo que persiste en boca, tiene un final largo.<\/strong><\/p>\n<p><strong>Apariencia: Rojo viol\u00e1ceo brillante.<\/strong><\/p>\n<p><strong>Nariz: Fruta negra, hierbas frescas, pimienta.<\/strong><\/p>\n<p><strong>Paladar: Taninos firmes pero pulidos, acidez vivaz y persistencia especiada.<\/strong><\/p>\n<p><strong>Maridaje Ideal: Costillas de Cerdo al BBQ. Guisos especiales de invierno. Tabla de quesos de pasta dura (emmental, gouda a\u00f1ejo).<\/strong><\/p>\n<p><strong>14.8% ABV \u2013 750 ml.<\/strong><\/p>\n","protected":false},"featured_media":19117,"comment_status":"open","ping_status":"closed","template":"","meta":[],"product_brand":[],"product_cat":[420,29],"product_tag":[160,310,309,151,247],"class_list":{"0":"post-19116","1":"product","2":"type-product","3":"status-publish","4":"has-post-thumbnail","6":"product_cat-tinto","7":"product_cat-vinos","8":"product_tag-cabernet-franc","9":"product_tag-mendoza","10":"product_tag-valle-de-uco","11":"product_tag-vino-argentino","12":"product_tag-vino-tinto","14":"first","15":"instock","16":"shipping-taxable","17":"purchasable","18":"product-type-simple"},"_links":{"self":[{"href":"https:\/\/lawhiskeria.cr\/index.php?rest_route=\/wp\/v2\/product\/19116","targetHints":{"allow":["GET"]}}],"collection":[{"href":"https:\/\/lawhiskeria.cr\/index.php?rest_route=\/wp\/v2\/product"}],"about":[{"href":"https:\/\/lawhiskeria.cr\/index.php?rest_route=\/wp\/v2\/types\/product"}],"replies":[{"embeddable":true,"href":"https:\/\/lawhiskeria.cr\/index.php?rest_route=%2Fwp%2Fv2%2Fcomments&post=19116"}],"version-history":[{"count":1,"href":"https:\/\/lawhiskeria.cr\/index.php?rest_route=\/wp\/v2\/product\/19116\/revisions"}],"predecessor-version":[{"id":19118,"href":"https:\/\/lawhiskeria.cr\/index.php?rest_route=\/wp\/v2\/product\/19116\/revisions\/19118"}],"wp:featuredmedia":[{"embeddable":true,"href":"https:\/\/lawhiskeria.cr\/index.php?rest_route=\/wp\/v2\/media\/19117"}],"wp:attachment":[{"href":"https:\/\/lawhiskeria.cr\/index.php?rest_route=%2Fwp%2Fv2%2Fmedia&parent=19116"}],"wp:term":[{"taxonomy":"product_brand","embeddable":true,"href":"https:\/\/lawhiskeria.cr\/index.php?rest_route=%2Fwp%2Fv2%2Fproduct_brand&post=19116"},{"taxonomy":"product_cat","embeddable":true,"href":"https:\/\/lawhiskeria.cr\/index.php?rest_route=%2Fwp%2Fv2%2Fproduct_cat&post=19116"},{"taxonomy":"product_tag","embeddable":true,"href":"https:\/\/lawhiskeria.cr\/index.php?rest_route=%2Fwp%2Fv2%2Fproduct_tag&post=19116"}],"curies":[{"name":"wp","href":"https:\/\/api.w.org\/{rel}","templated":true}]}}