{"id":19098,"date":"2025-09-06T21:42:34","date_gmt":"2025-09-06T21:42:34","guid":{"rendered":"https:\/\/lawhiskeria.cr\/?post_type=product&#038;p=19098"},"modified":"2025-10-28T02:28:37","modified_gmt":"2025-10-28T02:28:37","slug":"petite-fleur-malbec","status":"publish","type":"product","link":"https:\/\/lawhiskeria.cr\/?product=petite-fleur-malbec","title":{"rendered":"Petite Fleur Malbec"},"content":{"rendered":"<p><strong>Vi\u00f1edo y cosecha<\/strong><\/p>\n<p><strong>Vi\u00f1edo:<\/strong> Ubicado a 1.000 m s. n. m. en Vista Flores (Tunuy\u00e1n). Suelos franco limosos de origen aluvional, con gravas y sedimentos calc\u00e1reos.<\/p>\n<p><strong>Cosecha:<\/strong> Manual en cajas de 12 kg, con doble selecci\u00f3n de racimos y bayas.<\/p>\n<p><strong>Vinificaci\u00f3n y Crianza<\/strong><\/p>\n<p>Maceraci\u00f3n en fr\u00edo a 7 \u00b0C por 5 d\u00edas. Fermentaci\u00f3n alcoh\u00f3lica en tanques de acero inoxidable con temperatura controlada. Fermentaci\u00f3n malol\u00e1ctica en barricas de roble franc\u00e9s.<\/p>\n","protected":false},"excerpt":{"rendered":"<p><strong>Origen:<\/strong> Valle de Uco (Vista Flores, Tunuy\u00e1n), Mendoza \u2013 Argentina<\/p>\n<p><strong>Bodega:<\/strong> Monteviejo<\/p>\n<p><strong>Varietal:<\/strong> 100% Malbec<\/p>\n<p><strong>Crianza:<\/strong> 80% del vino reposa 12 meses en barricas de roble franc\u00e9s (segundo y tercer uso), seguido de 6 meses de estiba en botella.<\/p>\n<p><strong>Notas de Cata<\/strong><\/p>\n<p><strong>Color:<\/strong> Rojo p\u00farpura intenso.<\/p>\n<p><strong>Aromas:<\/strong> Frutos rojos y negros (cereza, ciruela), con notas especiadas y sutil aporte de vainilla y chocolate por la crianza en roble.<\/p>\n<p><strong>Boca:<\/strong> Vino afrutado, de taninos redondos, con buena complejidad y final persistente.<\/p>\n<p><strong>Servicio y Maridaje<\/strong><\/p>\n<p><strong>Temperatura de servicio:<\/strong> 14 \u2013 16 \u00b0C.<\/p>\n<p><strong>Maridaje sugerido:<\/strong> Pastas, guisos, carnes rojas y quesos. Ideal con cocina espa\u00f1ola: croquetas de jam\u00f3n ib\u00e9rico o queso manchego, rabo de toro, chulet\u00f3n a la parrilla, pimientos asados y quesos curados.<\/p>\n<p><strong>ABV 14.5% &#8211; 750 ml. <\/strong><\/p>\n<p><strong>Potencial de Guarda:<\/strong> 5 \u2013 8 a\u00f1os.<\/p>\n<p><iframe loading=\"lazy\" title=\"YouTube video player\" src=\"https:\/\/www.youtube.com\/embed\/JoeeRC_Wvpo?si=3pJkXcKzhIkvB0rk&amp;start=1552\" width=\"560\" height=\"315\" frameborder=\"0\" allowfullscreen=\"allowfullscreen\"><\/iframe><\/p>\n","protected":false},"featured_media":19099,"comment_status":"open","ping_status":"closed","template":"","meta":[],"product_brand":[],"product_cat":[420,29],"product_tag":[152,382,309,151,247],"class_list":{"0":"post-19098","1":"product","2":"type-product","3":"status-publish","4":"has-post-thumbnail","6":"product_cat-tinto","7":"product_cat-vinos","8":"product_tag-malbec","9":"product_tag-roble-frances","10":"product_tag-valle-de-uco","11":"product_tag-vino-argentino","12":"product_tag-vino-tinto","14":"first","15":"instock","16":"shipping-taxable","17":"purchasable","18":"product-type-simple"},"_links":{"self":[{"href":"https:\/\/lawhiskeria.cr\/index.php?rest_route=\/wp\/v2\/product\/19098","targetHints":{"allow":["GET"]}}],"collection":[{"href":"https:\/\/lawhiskeria.cr\/index.php?rest_route=\/wp\/v2\/product"}],"about":[{"href":"https:\/\/lawhiskeria.cr\/index.php?rest_route=\/wp\/v2\/types\/product"}],"replies":[{"embeddable":true,"href":"https:\/\/lawhiskeria.cr\/index.php?rest_route=%2Fwp%2Fv2%2Fcomments&post=19098"}],"version-history":[{"count":5,"href":"https:\/\/lawhiskeria.cr\/index.php?rest_route=\/wp\/v2\/product\/19098\/revisions"}],"predecessor-version":[{"id":19363,"href":"https:\/\/lawhiskeria.cr\/index.php?rest_route=\/wp\/v2\/product\/19098\/revisions\/19363"}],"wp:featuredmedia":[{"embeddable":true,"href":"https:\/\/lawhiskeria.cr\/index.php?rest_route=\/wp\/v2\/media\/19099"}],"wp:attachment":[{"href":"https:\/\/lawhiskeria.cr\/index.php?rest_route=%2Fwp%2Fv2%2Fmedia&parent=19098"}],"wp:term":[{"taxonomy":"product_brand","embeddable":true,"href":"https:\/\/lawhiskeria.cr\/index.php?rest_route=%2Fwp%2Fv2%2Fproduct_brand&post=19098"},{"taxonomy":"product_cat","embeddable":true,"href":"https:\/\/lawhiskeria.cr\/index.php?rest_route=%2Fwp%2Fv2%2Fproduct_cat&post=19098"},{"taxonomy":"product_tag","embeddable":true,"href":"https:\/\/lawhiskeria.cr\/index.php?rest_route=%2Fwp%2Fv2%2Fproduct_tag&post=19098"}],"curies":[{"name":"wp","href":"https:\/\/api.w.org\/{rel}","templated":true}]}}