{"id":19026,"date":"2025-08-16T23:16:23","date_gmt":"2025-08-16T23:16:23","guid":{"rendered":"https:\/\/lawhiskeria.cr\/?post_type=product&#038;p=19026"},"modified":"2025-10-27T22:41:50","modified_gmt":"2025-10-27T22:41:50","slug":"7-colores-reserva-carmenere-cinsault","status":"publish","type":"product","link":"https:\/\/lawhiskeria.cr\/?product=7-colores-reserva-carmenere-cinsault","title":{"rendered":"7 Colores Reserva Carmenere-Cinsault"},"content":{"rendered":"<p><strong>Vi\u00f1edo<\/strong><\/p>\n<p><strong>Las uvas para este vino, cosechadas a fines de abril e inicios de mayo, provienen del Valle del Maule. All\u00ed los suelos son predominantemente aluviales, con presencia de gravas y una importante matriz arcillosa. Los vi\u00f1edos est\u00e1n conducidos en espaldera vertical y la poda es en Guyot doble. El riego por goteo es fundamental para controlar la madurez de las uvas y el vigor del vi\u00f1edo. <\/strong><\/p>\n<p><strong>Vinificaci\u00f3n<\/strong><\/p>\n<p><strong>Una vez cosechadas, las uvas se inoculan inmediatamente con levaduras seleccionadas para su fermentaci\u00f3n, la que se prolonga por unos 10 a 12 d\u00edas a una temperatura que se regula en torno a los 28\u00b0 C. Una vez finalizada la fermentaci\u00f3n alcoh\u00f3lica, el vino realiza la fermentaci\u00f3n malol\u00e1ctica de manera natural. Luego se guarda en estanques de acero inoxidable y un 25% envejece en barricas previamente usadas durante seis meses hasta su envasado.<\/strong><\/p>\n","protected":false},"excerpt":{"rendered":"<p><strong>Cepas: 85% Carmenere, 15% Cinsault<\/strong><\/p>\n<p><strong>Origen: Valle del Maule<\/strong><\/p>\n<p><strong>Cosecha: 2022<\/strong><\/p>\n<p><strong>Notas de Cata<\/strong><\/p>\n<p><strong>La cepa Carmen\u00e8re se caracteriza por su fruta negra y taninos moderados y elegantes mientras que el Cinsault aporta una mayor presencia de fruta roja y jugosidad a la mezcla.<\/strong><\/p>\n<p><strong>Color: rojo p\u00farpura con matices violetas.<\/strong><\/p>\n<p><strong>Aroma: frutas como moras y cerezas, adem\u00e1s de notas de hierbas frescas.<\/strong><\/p>\n<p><strong>Sabor: suave, especiado y frutoso, de cuerpo medio con sabores de berries rojos y negros, tales como frambuesas y ar\u00e1ndanos.<\/strong><\/p>\n<p><strong>Maridaje: quesos, pastas, carnes blancas, pescados grasos y charcuter\u00eda<\/strong><\/p>\n<p><strong>Temperatura de servicio: 16 &#8211; 18\u00b0 C.<\/strong><\/p>\n<p><strong>Alcohol: 13.5%<\/strong><\/p>\n<p><strong>pH: 3.50<\/strong><\/p>\n<p><strong>Acidez total: 3.40 g\/lt<\/strong><\/p>\n<p><strong>Az\u00facar residual: 4.50 g\/lt<\/strong><\/p>\n<p><iframe loading=\"lazy\" title=\"YouTube video player\" src=\"https:\/\/www.youtube.com\/embed\/0o9vPGGjNmA?si=gOE9pqUNT2CRjzOx&amp;start=5202\" width=\"560\" height=\"315\" frameborder=\"0\" allowfullscreen=\"allowfullscreen\"><\/iframe><\/p>\n","protected":false},"featured_media":19027,"comment_status":"open","ping_status":"closed","template":"","meta":[],"product_brand":[],"product_cat":[420,29],"product_tag":[157,231,379,156,247],"class_list":{"0":"post-19026","1":"product","2":"type-product","3":"status-publish","4":"has-post-thumbnail","6":"product_cat-tinto","7":"product_cat-vinos","8":"product_tag-carmenere","9":"product_tag-cinsault","10":"product_tag-d-o-valle-del-maule","11":"product_tag-vino-chileno","12":"product_tag-vino-tinto","14":"first","15":"instock","16":"shipping-taxable","17":"purchasable","18":"product-type-simple"},"_links":{"self":[{"href":"https:\/\/lawhiskeria.cr\/index.php?rest_route=\/wp\/v2\/product\/19026","targetHints":{"allow":["GET"]}}],"collection":[{"href":"https:\/\/lawhiskeria.cr\/index.php?rest_route=\/wp\/v2\/product"}],"about":[{"href":"https:\/\/lawhiskeria.cr\/index.php?rest_route=\/wp\/v2\/types\/product"}],"replies":[{"embeddable":true,"href":"https:\/\/lawhiskeria.cr\/index.php?rest_route=%2Fwp%2Fv2%2Fcomments&post=19026"}],"version-history":[{"count":3,"href":"https:\/\/lawhiskeria.cr\/index.php?rest_route=\/wp\/v2\/product\/19026\/revisions"}],"predecessor-version":[{"id":19339,"href":"https:\/\/lawhiskeria.cr\/index.php?rest_route=\/wp\/v2\/product\/19026\/revisions\/19339"}],"wp:featuredmedia":[{"embeddable":true,"href":"https:\/\/lawhiskeria.cr\/index.php?rest_route=\/wp\/v2\/media\/19027"}],"wp:attachment":[{"href":"https:\/\/lawhiskeria.cr\/index.php?rest_route=%2Fwp%2Fv2%2Fmedia&parent=19026"}],"wp:term":[{"taxonomy":"product_brand","embeddable":true,"href":"https:\/\/lawhiskeria.cr\/index.php?rest_route=%2Fwp%2Fv2%2Fproduct_brand&post=19026"},{"taxonomy":"product_cat","embeddable":true,"href":"https:\/\/lawhiskeria.cr\/index.php?rest_route=%2Fwp%2Fv2%2Fproduct_cat&post=19026"},{"taxonomy":"product_tag","embeddable":true,"href":"https:\/\/lawhiskeria.cr\/index.php?rest_route=%2Fwp%2Fv2%2Fproduct_tag&post=19026"}],"curies":[{"name":"wp","href":"https:\/\/api.w.org\/{rel}","templated":true}]}}