{"id":19011,"date":"2025-08-16T21:56:59","date_gmt":"2025-08-16T21:56:59","guid":{"rendered":"https:\/\/lawhiskeria.cr\/?post_type=product&#038;p=19011"},"modified":"2025-10-27T22:39:50","modified_gmt":"2025-10-27T22:39:50","slug":"7-colores-cortejo-sauvignon-blanc","status":"publish","type":"product","link":"https:\/\/lawhiskeria.cr\/?product=7-colores-cortejo-sauvignon-blanc","title":{"rendered":"7 Colores Cortejo Sauvignon Blanc"},"content":{"rendered":"","protected":false},"excerpt":{"rendered":"<p><strong>7Colores: es un hermoso pajarito de Chile y el \u00fanico en el mundo que tiene siete colores. Chile es \u00fanico en muchos otros aspectos tambi\u00e9n, y nuestro objetivo es lograr la calidad \u00fanica de la fruta chilena en cada vino que elaboramos, bas\u00e1ndonos en la innovaci\u00f3n y siempre atrevi\u00e9ndonos a ir m\u00e1s all\u00e1 de los l\u00edmites tradicionales en cada vino que elaboramos&#8230;<\/strong><\/p>\n<p><strong>Cepa: Sauvignon Blanc<\/strong><\/p>\n<p><strong>Origen: Valle Central<\/strong><\/p>\n<p><strong>Cosecha 2024<\/strong><\/p>\n<p><strong>Notas de Cata<\/strong><\/p>\n<p><strong>Color: amarillo p\u00e1lido y brillante.<\/strong><\/p>\n<p><strong>Aroma: delicadas notas de pi\u00f1a y duraznos blancos, con toques florales.<\/strong><\/p>\n<p><strong>Sabor: intensamente frutal, de exquisita acidez y rica textura.<\/strong><\/p>\n<p><strong>Temperatura de servicio: 8 &#8211; 10\u00b0 C.<\/strong><\/p>\n<p><strong>Maridaje: pescados magros, ensaladas verdes o como aperitivo.<\/strong><\/p>\n<p><strong>Valle Central: Presenta un clima templado, de tipo mediterr\u00e1neo con una gran amplitud t\u00e9rmica. Los suelos var\u00edan desde franco-arenosos a arcillosos y pedregosos, con humedad y altitud variables.<\/strong><\/p>\n<p><strong>Vinificaci\u00f3n: La vinificaci\u00f3n est\u00e1 orientada a realzar los sabores y aromas t\u00edpicos de la variedad para obtener vinos frescos y frutales.<\/strong><\/p>\n<p><strong>Alcohol: 12.5 %<\/strong><\/p>\n<p><strong>pH: 3.0<\/strong><\/p>\n<p><strong>Acidez total: 4.30 g\/lt<\/strong><\/p>\n<p><strong>Az\u00facar residual: 5.00 g\/lt<\/strong><\/p>\n<p><iframe loading=\"lazy\" title=\"YouTube video player\" src=\"https:\/\/www.youtube.com\/embed\/0o9vPGGjNmA?si=7iLe7gtLWvE2A2SK&amp;start=3270\" width=\"560\" height=\"315\" frameborder=\"0\" allowfullscreen=\"allowfullscreen\"><\/iframe><\/p>\n","protected":false},"featured_media":19012,"comment_status":"open","ping_status":"closed","template":"","meta":[],"product_brand":[],"product_cat":[421,29],"product_tag":[170,376,159,156],"class_list":{"0":"post-19011","1":"product","2":"type-product","3":"status-publish","4":"has-post-thumbnail","6":"product_cat-blanco-y-rosado","7":"product_cat-vinos","8":"product_tag-sauvignon-blanc","9":"product_tag-valle-central","10":"product_tag-vino-blanco","11":"product_tag-vino-chileno","13":"first","14":"instock","15":"shipping-taxable","16":"purchasable","17":"product-type-simple"},"_links":{"self":[{"href":"https:\/\/lawhiskeria.cr\/index.php?rest_route=\/wp\/v2\/product\/19011","targetHints":{"allow":["GET"]}}],"collection":[{"href":"https:\/\/lawhiskeria.cr\/index.php?rest_route=\/wp\/v2\/product"}],"about":[{"href":"https:\/\/lawhiskeria.cr\/index.php?rest_route=\/wp\/v2\/types\/product"}],"replies":[{"embeddable":true,"href":"https:\/\/lawhiskeria.cr\/index.php?rest_route=%2Fwp%2Fv2%2Fcomments&post=19011"}],"version-history":[{"count":3,"href":"https:\/\/lawhiskeria.cr\/index.php?rest_route=\/wp\/v2\/product\/19011\/revisions"}],"predecessor-version":[{"id":19337,"href":"https:\/\/lawhiskeria.cr\/index.php?rest_route=\/wp\/v2\/product\/19011\/revisions\/19337"}],"wp:featuredmedia":[{"embeddable":true,"href":"https:\/\/lawhiskeria.cr\/index.php?rest_route=\/wp\/v2\/media\/19012"}],"wp:attachment":[{"href":"https:\/\/lawhiskeria.cr\/index.php?rest_route=%2Fwp%2Fv2%2Fmedia&parent=19011"}],"wp:term":[{"taxonomy":"product_brand","embeddable":true,"href":"https:\/\/lawhiskeria.cr\/index.php?rest_route=%2Fwp%2Fv2%2Fproduct_brand&post=19011"},{"taxonomy":"product_cat","embeddable":true,"href":"https:\/\/lawhiskeria.cr\/index.php?rest_route=%2Fwp%2Fv2%2Fproduct_cat&post=19011"},{"taxonomy":"product_tag","embeddable":true,"href":"https:\/\/lawhiskeria.cr\/index.php?rest_route=%2Fwp%2Fv2%2Fproduct_tag&post=19011"}],"curies":[{"name":"wp","href":"https:\/\/api.w.org\/{rel}","templated":true}]}}