{"id":19002,"date":"2025-08-13T00:10:37","date_gmt":"2025-08-13T00:10:37","guid":{"rendered":"https:\/\/lawhiskeria.cr\/?post_type=product&#038;p=19002"},"modified":"2026-03-11T21:34:16","modified_gmt":"2026-03-11T21:34:16","slug":"mars-3-7-blended-japanese","status":"publish","type":"product","link":"https:\/\/lawhiskeria.cr\/?product=mars-3-7-blended-japanese","title":{"rendered":"Mars 3 &#038; 7 Blended Japanese"},"content":{"rendered":"","protected":false},"excerpt":{"rendered":"<p><strong>Fabricado por Honbo Shuzo Co., Ltd. en la Destiler\u00eda Shinshu, ubicada<\/strong><strong> a 798 metros sobre el nivel del mar, es el pico m\u00e1s alto de Jap\u00f3n. Las abundantes aguas y el agreste entorno natural del monte Komagatake nutren este whisky.<\/strong><\/p>\n<p><strong>Los mezcladores que preservan el sabor del whisky mezclado combinan una variedad de maltas \u00fanicas para crear el sabor de &#8220;3&amp;7&#8221;. Como su nombre lo indica, \u201c3&amp;7\u201d combina whisky de granos de 3 a\u00f1os con maltas de 7 a\u00f1os de origen brit\u00e1nico, canadiense y japon\u00e9s.<\/strong><\/p>\n<ul>\n<li><b>Opini\u00f3n de James <\/b><b>Suckling<\/b><b>: Puntuaci\u00f3n: 96\/100. <\/b><strong>Nariz: \u201cSuave como agua de coco\u201d. Paladar: Presencia de malta, chocolate y un toque de pretzel salado con un final limpio.<\/strong><\/li>\n<li><strong>Whiskies R Us: Nariz: Manzana verde, mazap\u00e1n, s\u00e1ndalo, cola suave, hielo de lima, piso polvoriento, y roble. Gusto: Delicado, mazap\u00e1n, especias suaves, roble sutil. Final: Muy corto, con especias dulces, un leve toque de hinojo y roble.<\/strong><\/li>\n<li><strong>CaskCartel: Nariz: Muy agradable aroma. Paladar: C\u00e1lido, sedoso, no ahumado. Final: Perfecto y duradero.<\/strong><\/li>\n<\/ul>\n<p><strong>ABV 40% &#8211; 720 ml.<\/strong><\/p>\n<p><strong>Premios mundiales del whisky WWA 2021 &#8211; Categor\u00eda Mixta (Menores de 12 a\u00f1os) Ganador de la categor\u00eda.<\/strong><\/p>\n<p><iframe loading=\"lazy\" title=\"YouTube video player\" src=\"https:\/\/www.youtube.com\/embed\/VpCCEJo0mHc?si=o2no_OaisgxLXI6M&amp;start=2344\" width=\"560\" height=\"315\" frameborder=\"0\" allowfullscreen=\"allowfullscreen\"><\/iframe><\/p>\n","protected":false},"featured_media":19003,"comment_status":"open","ping_status":"closed","template":"","meta":[],"product_brand":[],"product_cat":[32,71],"product_tag":[331,257,186],"class_list":{"0":"post-19002","1":"product","2":"type-product","3":"status-publish","4":"has-post-thumbnail","6":"product_cat-whisky","7":"product_cat-blends","8":"product_tag-blended","9":"product_tag-japanese-whisky","10":"product_tag-whisky-japones","12":"first","13":"outofstock","14":"shipping-taxable","15":"purchasable","16":"product-type-simple"},"_links":{"self":[{"href":"https:\/\/lawhiskeria.cr\/index.php?rest_route=\/wp\/v2\/product\/19002","targetHints":{"allow":["GET"]}}],"collection":[{"href":"https:\/\/lawhiskeria.cr\/index.php?rest_route=\/wp\/v2\/product"}],"about":[{"href":"https:\/\/lawhiskeria.cr\/index.php?rest_route=\/wp\/v2\/types\/product"}],"replies":[{"embeddable":true,"href":"https:\/\/lawhiskeria.cr\/index.php?rest_route=%2Fwp%2Fv2%2Fcomments&post=19002"}],"version-history":[{"count":4,"href":"https:\/\/lawhiskeria.cr\/index.php?rest_route=\/wp\/v2\/product\/19002\/revisions"}],"predecessor-version":[{"id":19261,"href":"https:\/\/lawhiskeria.cr\/index.php?rest_route=\/wp\/v2\/product\/19002\/revisions\/19261"}],"wp:featuredmedia":[{"embeddable":true,"href":"https:\/\/lawhiskeria.cr\/index.php?rest_route=\/wp\/v2\/media\/19003"}],"wp:attachment":[{"href":"https:\/\/lawhiskeria.cr\/index.php?rest_route=%2Fwp%2Fv2%2Fmedia&parent=19002"}],"wp:term":[{"taxonomy":"product_brand","embeddable":true,"href":"https:\/\/lawhiskeria.cr\/index.php?rest_route=%2Fwp%2Fv2%2Fproduct_brand&post=19002"},{"taxonomy":"product_cat","embeddable":true,"href":"https:\/\/lawhiskeria.cr\/index.php?rest_route=%2Fwp%2Fv2%2Fproduct_cat&post=19002"},{"taxonomy":"product_tag","embeddable":true,"href":"https:\/\/lawhiskeria.cr\/index.php?rest_route=%2Fwp%2Fv2%2Fproduct_tag&post=19002"}],"curies":[{"name":"wp","href":"https:\/\/api.w.org\/{rel}","templated":true}]}}