{"id":18999,"date":"2025-08-13T00:02:32","date_gmt":"2025-08-13T00:02:32","guid":{"rendered":"https:\/\/lawhiskeria.cr\/?post_type=product&#038;p=18999"},"modified":"2026-03-01T04:17:23","modified_gmt":"2026-03-01T04:17:23","slug":"twin-alps-blended-japanese","status":"publish","type":"product","link":"https:\/\/lawhiskeria.cr\/?product=twin-alps-blended-japanese","title":{"rendered":"Twin Alps Mars Whisky"},"content":{"rendered":"","protected":false},"excerpt":{"rendered":"<p><strong>El whisky Mars &#8220;TWIN ALPS&#8221; pertenece a Honbo Shuzo Co., Ltd. Se elabora en la destiler\u00eda Mars Komagatake, enclavada en un entorno natural privilegiado, con agua de alta calidad extra\u00edda a 120 metros de profundidad al pie del monte Komagatake, en los Alpes Centrales. <\/strong><\/p>\n<p><strong>Este blended whisky se caracteriza por un aroma amaderado con notas de roble, rico con textura suave y agradable al paladar, y un sabor profundo con cuerpo. F\u00e1cil de beber. C<\/strong><strong>ontiene whiskies de malta y granos brit\u00e1nicos y japoneses. <\/strong><\/p>\n<p><strong>*Origen del nombre del producto: El nombre representa los dos majestuosos Alpes que rodean la destiler\u00eda Mars Komagatake: los Alpes Centrales y los Alpes del Sur.<\/strong><\/p>\n<p><strong>Mars Twin Alps es un whisky japon\u00e9s suave y con un perfil arom\u00e1tico atractivo. Ideal para quienes buscan una experiencia japonesa aut\u00e9ntica sin complicaciones.<\/strong><\/p>\n<ul>\n<li><strong>Aromas amaderados con notas de vainilla y galletas dulces, combinados con un toque de frutas maduras. Otros describen aromas de malta, caramelo ligero, galleta (biscuit), canela y esp\u00edritus de grano, con un toque de manzana.<\/strong><\/li>\n<li><strong>Paladar: Textura suave gracias al agua de manantial de monta\u00f1a; sabores amaderados y algo ahumados provenientes del barril, junto con una dulzura frutal accesible. Otros detalles: manzana, miel ligera, roble, pimienta, grano y un sutil toque de vainilla.<\/strong><\/li>\n<li><strong>Final suave con roble dulce, pimienta negra y un leve car\u00e1cter frutal. Descrito tambi\u00e9n como de retrogusto \u201csuave\u201d y \u201cc\u00e1lido\u201d.<\/strong><\/li>\n<\/ul>\n<p><strong>ABV 40% &#8211; 750 ml.<\/strong><\/p>\n<p><strong>Premios mundiales del whisky WWA 2021 &#8211; Categor\u00eda Mixta (Menores de 12 a\u00f1os) Ganador de la categor\u00eda.<\/strong><\/p>\n<p><iframe loading=\"lazy\" title=\"YouTube video player\" src=\"https:\/\/www.youtube.com\/embed\/Ad73D9trH7w?si=mENFDTbGrjvN4VLJ&amp;start=2371\" width=\"560\" height=\"315\" frameborder=\"0\" allowfullscreen=\"allowfullscreen\"><\/iframe><\/p>\n","protected":false},"featured_media":19000,"comment_status":"open","ping_status":"closed","template":"","meta":[],"product_brand":[],"product_cat":[32,71],"product_tag":[331,257,186],"class_list":{"0":"post-18999","1":"product","2":"type-product","3":"status-publish","4":"has-post-thumbnail","6":"product_cat-whisky","7":"product_cat-blends","8":"product_tag-blended","9":"product_tag-japanese-whisky","10":"product_tag-whisky-japones","12":"first","13":"instock","14":"shipping-taxable","15":"purchasable","16":"product-type-simple"},"_links":{"self":[{"href":"https:\/\/lawhiskeria.cr\/index.php?rest_route=\/wp\/v2\/product\/18999","targetHints":{"allow":["GET"]}}],"collection":[{"href":"https:\/\/lawhiskeria.cr\/index.php?rest_route=\/wp\/v2\/product"}],"about":[{"href":"https:\/\/lawhiskeria.cr\/index.php?rest_route=\/wp\/v2\/types\/product"}],"replies":[{"embeddable":true,"href":"https:\/\/lawhiskeria.cr\/index.php?rest_route=%2Fwp%2Fv2%2Fcomments&post=18999"}],"version-history":[{"count":6,"href":"https:\/\/lawhiskeria.cr\/index.php?rest_route=\/wp\/v2\/product\/18999\/revisions"}],"predecessor-version":[{"id":19790,"href":"https:\/\/lawhiskeria.cr\/index.php?rest_route=\/wp\/v2\/product\/18999\/revisions\/19790"}],"wp:featuredmedia":[{"embeddable":true,"href":"https:\/\/lawhiskeria.cr\/index.php?rest_route=\/wp\/v2\/media\/19000"}],"wp:attachment":[{"href":"https:\/\/lawhiskeria.cr\/index.php?rest_route=%2Fwp%2Fv2%2Fmedia&parent=18999"}],"wp:term":[{"taxonomy":"product_brand","embeddable":true,"href":"https:\/\/lawhiskeria.cr\/index.php?rest_route=%2Fwp%2Fv2%2Fproduct_brand&post=18999"},{"taxonomy":"product_cat","embeddable":true,"href":"https:\/\/lawhiskeria.cr\/index.php?rest_route=%2Fwp%2Fv2%2Fproduct_cat&post=18999"},{"taxonomy":"product_tag","embeddable":true,"href":"https:\/\/lawhiskeria.cr\/index.php?rest_route=%2Fwp%2Fv2%2Fproduct_tag&post=18999"}],"curies":[{"name":"wp","href":"https:\/\/api.w.org\/{rel}","templated":true}]}}