{"id":18966,"date":"2025-07-28T22:19:11","date_gmt":"2025-07-28T22:19:11","guid":{"rendered":"https:\/\/lawhiskeria.cr\/?post_type=product&#038;p=18966"},"modified":"2025-07-28T22:24:01","modified_gmt":"2025-07-28T22:24:01","slug":"the-kurayoshi-pure-malt","status":"publish","type":"product","link":"https:\/\/lawhiskeria.cr\/?product=the-kurayoshi-pure-malt","title":{"rendered":"The Kurayoshi Pure Malt"},"content":{"rendered":"<p><strong>Los whiskies Kurayoshi son elaborados por la destiler\u00eda Matsui, ubicada en la ciudad de Tottori, Jap\u00f3n. Estos destilados representan una aut\u00e9ntica muestra de la tradici\u00f3n artesanal japonesa en la producci\u00f3n de whisky. <\/strong><\/p>\n<p><strong>El nombre &#8220;Kurayoshi&#8221; significa &#8220;viejo pozo&#8221; en japon\u00e9s, simbolizando el patrimonio y la historia que respaldan la calidad y la distinci\u00f3n de estos whiskies.<\/strong><\/p>\n","protected":false},"excerpt":{"rendered":"<p><strong>Envejecido en barricas de roble blanco ex-bourbon. Tiene una fragancia suave y refrescante de cebada malteada complementada con notas dulces de pasas con ron, malta y vainilla. El acabado ligero es un recordatorio del agua pura de manantial de Tottori utilizada durante la destilaci\u00f3n.<\/strong><\/p>\n<p><strong>COLOR: \u00e1mbar claro.<\/strong><\/p>\n<p><strong>NARIZ: pasas, vainilla, malta.<\/strong><\/p>\n<p><strong>PALADAR: sabor a malta, acidez equilibrada. Pasas dulces con nueces y vainilla se extienden armoniosamente por todo el paladar.<\/strong><\/p>\n<p><strong>Lugar de origen: Kurayoshi, Tottori (Jap\u00f3n)<\/strong><\/p>\n<p><strong>Tipo: Whisky Japon\u00e9s Blended Malt <\/strong><\/p>\n<p><strong>Tipo de barrica: Roble blanco<\/strong><\/p>\n<p><strong>Destiler\u00eda: Kurayoshi Distillery<\/strong><\/p>\n<p><strong>ABV 43% &#8211; 700 ml.<\/strong><\/p>\n","protected":false},"featured_media":18967,"comment_status":"open","ping_status":"closed","template":"","meta":[],"product_brand":[],"product_cat":[32,71],"product_tag":[185,257,375],"class_list":{"0":"post-18966","1":"product","2":"type-product","3":"status-publish","4":"has-post-thumbnail","6":"product_cat-whisky","7":"product_cat-blends","8":"product_tag-blend-malt","9":"product_tag-japanese-whisky","10":"product_tag-matsui","12":"first","13":"instock","14":"shipping-taxable","15":"purchasable","16":"product-type-simple"},"_links":{"self":[{"href":"https:\/\/lawhiskeria.cr\/index.php?rest_route=\/wp\/v2\/product\/18966","targetHints":{"allow":["GET"]}}],"collection":[{"href":"https:\/\/lawhiskeria.cr\/index.php?rest_route=\/wp\/v2\/product"}],"about":[{"href":"https:\/\/lawhiskeria.cr\/index.php?rest_route=\/wp\/v2\/types\/product"}],"replies":[{"embeddable":true,"href":"https:\/\/lawhiskeria.cr\/index.php?rest_route=%2Fwp%2Fv2%2Fcomments&post=18966"}],"version-history":[{"count":1,"href":"https:\/\/lawhiskeria.cr\/index.php?rest_route=\/wp\/v2\/product\/18966\/revisions"}],"predecessor-version":[{"id":18968,"href":"https:\/\/lawhiskeria.cr\/index.php?rest_route=\/wp\/v2\/product\/18966\/revisions\/18968"}],"wp:featuredmedia":[{"embeddable":true,"href":"https:\/\/lawhiskeria.cr\/index.php?rest_route=\/wp\/v2\/media\/18967"}],"wp:attachment":[{"href":"https:\/\/lawhiskeria.cr\/index.php?rest_route=%2Fwp%2Fv2%2Fmedia&parent=18966"}],"wp:term":[{"taxonomy":"product_brand","embeddable":true,"href":"https:\/\/lawhiskeria.cr\/index.php?rest_route=%2Fwp%2Fv2%2Fproduct_brand&post=18966"},{"taxonomy":"product_cat","embeddable":true,"href":"https:\/\/lawhiskeria.cr\/index.php?rest_route=%2Fwp%2Fv2%2Fproduct_cat&post=18966"},{"taxonomy":"product_tag","embeddable":true,"href":"https:\/\/lawhiskeria.cr\/index.php?rest_route=%2Fwp%2Fv2%2Fproduct_tag&post=18966"}],"curies":[{"name":"wp","href":"https:\/\/api.w.org\/{rel}","templated":true}]}}