{"id":18936,"date":"2025-07-23T19:37:43","date_gmt":"2025-07-23T19:37:43","guid":{"rendered":"https:\/\/lawhiskeria.cr\/?post_type=product&#038;p=18936"},"modified":"2025-11-09T23:04:02","modified_gmt":"2025-11-09T23:04:02","slug":"ron-minoki","status":"publish","type":"product","link":"https:\/\/lawhiskeria.cr\/?product=ron-minoki","title":{"rendered":"Ron Minoki"},"content":{"rendered":"","protected":false},"excerpt":{"rendered":"<p><strong>Minoki Mizunara Cask Terminado<\/strong><\/p>\n<p><strong>Inspirados por la leyenda, elaboramos los mejores rones japoneses y del Pac\u00edfico en Mizunara, barricas de roble japon\u00e9s, antes de filtrarlos a trav\u00e9s de corales japoneses blanqueados y arrastrados por la costa para crear una mezcla perfectamente suave con toques de frutas tropicales japonesas en nariz y vainilla especiada en el final.<\/strong><\/p>\n<p><strong>Ron Minoki es la primera marca de ron del mundo elaborada con barrica Mizunara.<\/strong><\/p>\n<p><strong>Inspirando en esta leyenda naci\u00f3 Minoki &#8211; La princesa m\u00edtica, el drag\u00f3n Fuji- yama, s\u00edmbolo de Jap\u00f3n. Los arrecifes de coral est\u00e1n en declive debido al calentamiento global y necesitan nuestra ayuda. Minoki se compromete a crear conciencia, proteger y restaurar los arrecifes de coral en Jap\u00f3n, el Pac\u00edfico y el resto del mundo.<\/strong><\/p>\n<p><strong>Nariz: Notas de ciruela japonesa, frutas tropicales y vainilla de roble.<\/strong><\/p>\n<p><strong>Paladar: suavidad refinada de la seda marina, redondeada con roble complejo, pi\u00f1a japonesa y mango, equilibrada con un coco tostado y especiado.<\/strong><\/p>\n<p><strong>Final: Acabado complejo, refinado y bien redondeado que se expande con un suave roble japon\u00e9s y sensaci\u00f3n a mantequilla.<\/strong><\/p>\n<p><strong>\u00a0ABV 40% &#8211; 750 ml.<\/strong><\/p>\n<p><iframe loading=\"lazy\" title=\"YouTube video player\" src=\"https:\/\/www.youtube.com\/embed\/3xCanlRNgBk?si=w8rq9FajBezV41f0\" width=\"560\" height=\"315\" frameborder=\"0\" allowfullscreen=\"allowfullscreen\"><\/iframe><\/p>\n","protected":false},"featured_media":18937,"comment_status":"open","ping_status":"closed","template":"","meta":[],"product_brand":[],"product_cat":[427,20],"product_tag":[194,145,374],"class_list":{"0":"post-18936","1":"product","2":"type-product","3":"status-publish","4":"has-post-thumbnail","6":"product_cat-ron","7":"product_cat-lpremium","8":"product_tag-mizunara","9":"product_tag-ron","10":"product_tag-ron-japones","12":"first","13":"instock","14":"shipping-taxable","15":"purchasable","16":"product-type-simple"},"_links":{"self":[{"href":"https:\/\/lawhiskeria.cr\/index.php?rest_route=\/wp\/v2\/product\/18936","targetHints":{"allow":["GET"]}}],"collection":[{"href":"https:\/\/lawhiskeria.cr\/index.php?rest_route=\/wp\/v2\/product"}],"about":[{"href":"https:\/\/lawhiskeria.cr\/index.php?rest_route=\/wp\/v2\/types\/product"}],"replies":[{"embeddable":true,"href":"https:\/\/lawhiskeria.cr\/index.php?rest_route=%2Fwp%2Fv2%2Fcomments&post=18936"}],"version-history":[{"count":2,"href":"https:\/\/lawhiskeria.cr\/index.php?rest_route=\/wp\/v2\/product\/18936\/revisions"}],"predecessor-version":[{"id":18939,"href":"https:\/\/lawhiskeria.cr\/index.php?rest_route=\/wp\/v2\/product\/18936\/revisions\/18939"}],"wp:featuredmedia":[{"embeddable":true,"href":"https:\/\/lawhiskeria.cr\/index.php?rest_route=\/wp\/v2\/media\/18937"}],"wp:attachment":[{"href":"https:\/\/lawhiskeria.cr\/index.php?rest_route=%2Fwp%2Fv2%2Fmedia&parent=18936"}],"wp:term":[{"taxonomy":"product_brand","embeddable":true,"href":"https:\/\/lawhiskeria.cr\/index.php?rest_route=%2Fwp%2Fv2%2Fproduct_brand&post=18936"},{"taxonomy":"product_cat","embeddable":true,"href":"https:\/\/lawhiskeria.cr\/index.php?rest_route=%2Fwp%2Fv2%2Fproduct_cat&post=18936"},{"taxonomy":"product_tag","embeddable":true,"href":"https:\/\/lawhiskeria.cr\/index.php?rest_route=%2Fwp%2Fv2%2Fproduct_tag&post=18936"}],"curies":[{"name":"wp","href":"https:\/\/api.w.org\/{rel}","templated":true}]}}