{"id":18932,"date":"2025-07-23T06:43:18","date_gmt":"2025-07-23T06:43:18","guid":{"rendered":"https:\/\/lawhiskeria.cr\/?post_type=product&#038;p=18932"},"modified":"2025-12-06T02:56:42","modified_gmt":"2025-12-06T02:56:42","slug":"kentucky-walker-blended-bourbon","status":"publish","type":"product","link":"https:\/\/lawhiskeria.cr\/?product=kentucky-walker-blended-bourbon","title":{"rendered":"Kentucky Walker Blended Bourbon"},"content":{"rendered":"","protected":false},"excerpt":{"rendered":"<p><strong>Somos\u202fKentucky Walker; honramos a los incansables h\u00e9roes pioneros que hicieron todo lo posible para que este legado se convirtiera en un aut\u00e9ntico esp\u00edritu estadounidense, alcanzando la madurez despu\u00e9s de 300 a\u00f1os. Forma parte de nuestras historias m\u00e1s grandiosas y celebra a quienes tuvieron el coraje y la creatividad para construir la industria estadounidense del bourbon actual. \u202f\u00a0 <\/strong><\/p>\n<p><strong>Kentucky Walker es una mezcla pura de bourbon que sigue las tradiciones ancestrales, con un prominente sabor a ma\u00edz machacado, sabores dulces y frescos destilados del ma\u00edz americano. Con esencia de caramelo y vainilla, y jarabe de arce extra\u00eddo naturalmente de barricas nuevas de roble blanco carbonizadas. Una aut\u00e9ntica miel.\u202f\u00a0 <\/strong><\/p>\n<p><strong>Con una mezcla de ma\u00edz alto de 4 a\u00f1os y bourbons de cuatro granos, a\u00f1ejamos nuestro whisky durante un m\u00ednimo de cuarenta y ocho meses para conferirle su car\u00e1cter genuino, lo que convierte a\u202fKentucky Walker en uno de los mejores de Estados Unidos.\u202f Kentucky Walker \u202futiliza el mismo proceso de destilaci\u00f3n tradicional y los mismos ingredientes de alta calidad que nuestros antepasados.<\/strong><\/p>\n<p><strong>NOTAS DE CATA: Sabores dulces y frescos destilados de ma\u00edz americano suavizados con la esencia de vainilla, caramelo y jarabe de arce que se extraen naturalmente de barriles nuevos de roble carbonizado.<\/strong><\/p>\n<p><strong>PROCESO: Un aut\u00e9ntico tesoro. Es una mezcla de bourbons de cuatro a\u00f1os de alto contenido de ma\u00edz y cuatro granos. Nuestro whisky se a\u00f1eja en barricas nuevas de roble carbonizado durante un m\u00ednimo de cuarenta y ocho meses para darle el car\u00e1cter genuino que hace de Kentucky Walker uno de los mejores de Estados Unidos.<\/strong><\/p>\n<p><strong>FUENTE: <\/strong><strong>Ma\u00edz, cebada, centeno y trigo.<\/strong><\/p>\n<p><strong>ABV 43% &#8211; 750 ml.<\/strong><\/p>\n<p><iframe loading=\"lazy\" width=\"560\" height=\"315\" src=\"https:\/\/www.youtube.com\/embed\/UJIqsPuv6F8?si=muXB_ZDttba1_L11&amp;start=2483\" title=\"YouTube video player\" frameborder=\"0\" allow=\"accelerometer; autoplay; clipboard-write; encrypted-media; gyroscope; picture-in-picture; web-share\" referrerpolicy=\"strict-origin-when-cross-origin\" allowfullscreen><\/iframe><\/p>\n","protected":false},"featured_media":18933,"comment_status":"open","ping_status":"closed","template":"","meta":[],"product_brand":[],"product_cat":[32,70],"product_tag":[331,78,320,95],"class_list":{"0":"post-18932","1":"product","2":"type-product","3":"status-publish","4":"has-post-thumbnail","6":"product_cat-whisky","7":"product_cat-bourbon-american-whiskey","8":"product_tag-blended","9":"product_tag-bourbon","10":"product_tag-licor","11":"product_tag-straight-bourbon","13":"first","14":"outofstock","15":"shipping-taxable","16":"purchasable","17":"product-type-simple"},"_links":{"self":[{"href":"https:\/\/lawhiskeria.cr\/index.php?rest_route=\/wp\/v2\/product\/18932","targetHints":{"allow":["GET"]}}],"collection":[{"href":"https:\/\/lawhiskeria.cr\/index.php?rest_route=\/wp\/v2\/product"}],"about":[{"href":"https:\/\/lawhiskeria.cr\/index.php?rest_route=\/wp\/v2\/types\/product"}],"replies":[{"embeddable":true,"href":"https:\/\/lawhiskeria.cr\/index.php?rest_route=%2Fwp%2Fv2%2Fcomments&post=18932"}],"version-history":[{"count":2,"href":"https:\/\/lawhiskeria.cr\/index.php?rest_route=\/wp\/v2\/product\/18932\/revisions"}],"predecessor-version":[{"id":18972,"href":"https:\/\/lawhiskeria.cr\/index.php?rest_route=\/wp\/v2\/product\/18932\/revisions\/18972"}],"wp:featuredmedia":[{"embeddable":true,"href":"https:\/\/lawhiskeria.cr\/index.php?rest_route=\/wp\/v2\/media\/18933"}],"wp:attachment":[{"href":"https:\/\/lawhiskeria.cr\/index.php?rest_route=%2Fwp%2Fv2%2Fmedia&parent=18932"}],"wp:term":[{"taxonomy":"product_brand","embeddable":true,"href":"https:\/\/lawhiskeria.cr\/index.php?rest_route=%2Fwp%2Fv2%2Fproduct_brand&post=18932"},{"taxonomy":"product_cat","embeddable":true,"href":"https:\/\/lawhiskeria.cr\/index.php?rest_route=%2Fwp%2Fv2%2Fproduct_cat&post=18932"},{"taxonomy":"product_tag","embeddable":true,"href":"https:\/\/lawhiskeria.cr\/index.php?rest_route=%2Fwp%2Fv2%2Fproduct_tag&post=18932"}],"curies":[{"name":"wp","href":"https:\/\/api.w.org\/{rel}","templated":true}]}}