{"id":18892,"date":"2025-07-17T23:14:22","date_gmt":"2025-07-17T23:14:22","guid":{"rendered":"https:\/\/lawhiskeria.cr\/?post_type=product&#038;p=18892"},"modified":"2025-12-05T03:12:06","modified_gmt":"2025-12-05T03:12:06","slug":"ron-havana-club-seleccion-maestros","status":"publish","type":"product","link":"https:\/\/lawhiskeria.cr\/?product=ron-havana-club-seleccion-maestros","title":{"rendered":"Ron Havana Club Selecci\u00f3n Maestros"},"content":{"rendered":"","protected":false},"excerpt":{"rendered":"<p><strong>SELECCI\u00d3N DE MAESTROS<\/strong><\/p>\n<p><strong>Havana Club Selecci\u00f3n de Maestros es el resultado de una colaboraci\u00f3n exclusiva entre los Maestros del Ron Cubano, quienes se re\u00fanen cada a\u00f1o para seleccionar una por una las barricas de nuestras bodegas que son merecedoras de su sello \u201cSelecci\u00f3n\u201d.<\/strong><\/p>\n<p><strong>Perfiles de sabor<\/strong><\/p>\n<p><strong>Roble ahumado y especias, suave al paladar, agradable y arom\u00e1tico, te embauca en un viaje ex\u00f3tico por un mundo de sabores. <\/strong><\/p>\n<p><strong>Havana Club Seleccio\u0301n de Maestros se reconoce por su color \u00e1mbar c\u00e1lido y un brillo rojizo profundo. <\/strong><\/p>\n<p><strong>En la nariz, las nueces pecanas tostadas y las especias resaltan el a\u00f1ejado en madera. <\/strong><\/p>\n<p><strong>En el paladar, se percibe una sensaci\u00f3n suave en boca que va hacia un sabor fuerte, complejo e intenso de cacao, caf\u00e9, tabaco dulce y especias tostadas. <\/strong><\/p>\n<p><strong>La experiencia gustativa queda notablemente equilibrada con un final especiado y de roble ahumado agradable combinado con frutas confitadas.<\/strong><\/p>\n<p><strong>ABV 40% \u2013 700 ml.<\/strong><\/p>\n","protected":false},"featured_media":18893,"comment_status":"open","ping_status":"closed","template":"","meta":[],"product_brand":[],"product_cat":[427,20],"product_tag":[145,339,371],"class_list":{"0":"post-18892","1":"product","2":"type-product","3":"status-publish","4":"has-post-thumbnail","6":"product_cat-ron","7":"product_cat-lpremium","8":"product_tag-ron","9":"product_tag-ron-anejo","10":"product_tag-ron-cubano","12":"first","13":"instock","14":"shipping-taxable","15":"purchasable","16":"product-type-simple"},"_links":{"self":[{"href":"https:\/\/lawhiskeria.cr\/index.php?rest_route=\/wp\/v2\/product\/18892","targetHints":{"allow":["GET"]}}],"collection":[{"href":"https:\/\/lawhiskeria.cr\/index.php?rest_route=\/wp\/v2\/product"}],"about":[{"href":"https:\/\/lawhiskeria.cr\/index.php?rest_route=\/wp\/v2\/types\/product"}],"replies":[{"embeddable":true,"href":"https:\/\/lawhiskeria.cr\/index.php?rest_route=%2Fwp%2Fv2%2Fcomments&post=18892"}],"version-history":[{"count":1,"href":"https:\/\/lawhiskeria.cr\/index.php?rest_route=\/wp\/v2\/product\/18892\/revisions"}],"predecessor-version":[{"id":18894,"href":"https:\/\/lawhiskeria.cr\/index.php?rest_route=\/wp\/v2\/product\/18892\/revisions\/18894"}],"wp:featuredmedia":[{"embeddable":true,"href":"https:\/\/lawhiskeria.cr\/index.php?rest_route=\/wp\/v2\/media\/18893"}],"wp:attachment":[{"href":"https:\/\/lawhiskeria.cr\/index.php?rest_route=%2Fwp%2Fv2%2Fmedia&parent=18892"}],"wp:term":[{"taxonomy":"product_brand","embeddable":true,"href":"https:\/\/lawhiskeria.cr\/index.php?rest_route=%2Fwp%2Fv2%2Fproduct_brand&post=18892"},{"taxonomy":"product_cat","embeddable":true,"href":"https:\/\/lawhiskeria.cr\/index.php?rest_route=%2Fwp%2Fv2%2Fproduct_cat&post=18892"},{"taxonomy":"product_tag","embeddable":true,"href":"https:\/\/lawhiskeria.cr\/index.php?rest_route=%2Fwp%2Fv2%2Fproduct_tag&post=18892"}],"curies":[{"name":"wp","href":"https:\/\/api.w.org\/{rel}","templated":true}]}}