{"id":18860,"date":"2025-07-12T03:32:17","date_gmt":"2025-07-12T03:32:17","guid":{"rendered":"https:\/\/lawhiskeria.cr\/?post_type=product&#038;p=18860"},"modified":"2025-09-01T23:05:56","modified_gmt":"2025-09-01T23:05:56","slug":"tequila-tres-tonos-anejo","status":"publish","type":"product","link":"https:\/\/lawhiskeria.cr\/?product=tequila-tres-tonos-anejo","title":{"rendered":"Tequila Tres To\u00f1os A\u00f1ejo"},"content":{"rendered":"<p><strong>El tequila Tres To\u00f1os es un producto excepcional elaborado a partir de agaves de alta calidad, que han sido cultivados durante un m\u00ednimo de seis a\u00f1os. Este tiempo de crecimiento garantiza que las pi\u00f1as de agave hayan alcanzado su m\u00e1xima concentraci\u00f3n de az\u00facares, lo que es fundamental para la producci\u00f3n de un tequila de gran sabor y car\u00e1cter.<\/strong><\/p>\n<p><strong>El proceso especial que lo distingue es la cocci\u00f3n en hornos de piedra, una t\u00e9cnica tradicional que permite que los agaves sean cocidos de manera uniforme. Este m\u00e9todo no solo resalta los sabores naturales del agave, sino que tambi\u00e9n aporta un toque de tierra y profundidad al perfil del tequila. La cocci\u00f3n en hornos de piedra tiende a ser m\u00e1s lenta, lo que permite una caramelizaci\u00f3n adecuada de los az\u00facares, dando como resultado un l\u00edquido con notas ricas y complejas.<\/strong><\/p>\n<p><strong>Adem\u00e1s, el aspecto semi artesanal de su producci\u00f3n implica que se prestan especial atenci\u00f3n y cuidado en cada etapa del proceso, desde la recolecci\u00f3n de los agaves hasta la fermentaci\u00f3n y destilaci\u00f3n. Esto asegura que cada botella de este tequila tenga un car\u00e1cter \u00fanico y distintivo, reflejando la tradici\u00f3n y la dedicaci\u00f3n de los maestros tequileros.<\/strong><\/p>\n<p><strong>En resumen, este tequila es el resultado de un cuidadoso equilibrio entre la calidad de los ingredientes, un proceso de cocci\u00f3n tradicional en hornos de piedra, y un enfoque semi artesanal, lo que lo convierte en una opci\u00f3n ideal para los amantes del tequila que buscan una experiencia aut\u00e9ntica y rica en sabor.<\/strong><\/p>\n","protected":false},"excerpt":{"rendered":"<p><strong>INFORMACI\u00d3N DE ORIGEN<\/strong><\/p>\n<p><strong>Tipo de Agave: 100% Agave Tequilana Weber Azul.<\/strong><\/p>\n<p><strong>Regi\u00f3n: Amatit\u00e1n, Jalisco, M\u00e9xico.<\/strong><\/p>\n<p><strong>Destiler\u00eda: Tequila Selecto de Amatit\u00e1n.<\/strong><\/p>\n<p><strong>Cocci\u00f3n: Hornos de mamposter\u00eda.<\/strong><\/p>\n<p><strong>Destilaci\u00f3n: Doble destilaci\u00f3n.<\/strong><\/p>\n<p><strong>INFORMACI\u00d3N DE CATA<\/strong><\/p>\n<p><strong>Aroma y sabor: Tequila de \u00f3ptima calidad para quienes aprecian lo autentico y genuino, su aspecto y su suavidad son muestra del extremo control con que se elabora.<\/strong><\/p>\n<p><strong>A\u00f1ejamiento: 18 meses<\/strong><\/p>\n<p><strong>Barrica: Roble blanco americano<\/strong><\/p>\n<p><strong>ABV 38% &#8211; 750 ml.<\/strong><\/p>\n<p><strong>BOTELLA: Presentaci\u00f3n de lujo, dise\u00f1o elaborado de forma artesanal color rojo, etiqueta elaborada con la t\u00e9cnica de \u201crepujado\u201d sobre l\u00e1minas de aluminio.<\/strong><\/p>\n","protected":false},"featured_media":18861,"comment_status":"open","ping_status":"closed","template":"","meta":[],"product_brand":[],"product_cat":[20],"product_tag":[214,367,366],"class_list":{"0":"post-18860","1":"product","2":"type-product","3":"status-publish","4":"has-post-thumbnail","6":"product_cat-lpremium","7":"product_tag-tequila","8":"product_tag-tequila-anejo","9":"product_tag-tequila-artesanal","11":"first","12":"instock","13":"shipping-taxable","14":"purchasable","15":"product-type-simple"},"_links":{"self":[{"href":"https:\/\/lawhiskeria.cr\/index.php?rest_route=\/wp\/v2\/product\/18860","targetHints":{"allow":["GET"]}}],"collection":[{"href":"https:\/\/lawhiskeria.cr\/index.php?rest_route=\/wp\/v2\/product"}],"about":[{"href":"https:\/\/lawhiskeria.cr\/index.php?rest_route=\/wp\/v2\/types\/product"}],"replies":[{"embeddable":true,"href":"https:\/\/lawhiskeria.cr\/index.php?rest_route=%2Fwp%2Fv2%2Fcomments&post=18860"}],"version-history":[{"count":3,"href":"https:\/\/lawhiskeria.cr\/index.php?rest_route=\/wp\/v2\/product\/18860\/revisions"}],"predecessor-version":[{"id":18991,"href":"https:\/\/lawhiskeria.cr\/index.php?rest_route=\/wp\/v2\/product\/18860\/revisions\/18991"}],"wp:featuredmedia":[{"embeddable":true,"href":"https:\/\/lawhiskeria.cr\/index.php?rest_route=\/wp\/v2\/media\/18861"}],"wp:attachment":[{"href":"https:\/\/lawhiskeria.cr\/index.php?rest_route=%2Fwp%2Fv2%2Fmedia&parent=18860"}],"wp:term":[{"taxonomy":"product_brand","embeddable":true,"href":"https:\/\/lawhiskeria.cr\/index.php?rest_route=%2Fwp%2Fv2%2Fproduct_brand&post=18860"},{"taxonomy":"product_cat","embeddable":true,"href":"https:\/\/lawhiskeria.cr\/index.php?rest_route=%2Fwp%2Fv2%2Fproduct_cat&post=18860"},{"taxonomy":"product_tag","embeddable":true,"href":"https:\/\/lawhiskeria.cr\/index.php?rest_route=%2Fwp%2Fv2%2Fproduct_tag&post=18860"}],"curies":[{"name":"wp","href":"https:\/\/api.w.org\/{rel}","templated":true}]}}