{"id":18839,"date":"2025-07-08T03:42:10","date_gmt":"2025-07-08T03:42:10","guid":{"rendered":"https:\/\/lawhiskeria.cr\/?post_type=product&#038;p=18839"},"modified":"2026-03-01T04:08:18","modified_gmt":"2026-03-01T04:08:18","slug":"kilchoman-machir-bay","status":"publish","type":"product","link":"https:\/\/lawhiskeria.cr\/?product=kilchoman-machir-bay","title":{"rendered":"Kilchoman Machir Bay"},"content":{"rendered":"<p><strong>LA PLAYA M\u00c1S ESPECTACULAR DE ISLAY<\/strong><\/p>\n<p><strong>Casi dos kil\u00f3metros de hermosa playa de arena le dan la bienvenida a la bah\u00eda de Machir. Con una combinaci\u00f3n de mares agitados y atardeceres de impresionante belleza, la salida de la bah\u00eda de Machir representa la bah\u00eda que le da nombre.<\/strong><\/p>\n<p><strong>El espectacular paisaje costero de la bah\u00eda de Machir se refleja en la agreste complejidad de este galardonado whisky de malta, el buque insignia de la gama Kilchoman.<\/strong><\/p>\n<p><strong>-Anthony Wills, Fundador de Kilchoman.<\/strong><\/p>\n","protected":false},"excerpt":{"rendered":"<p><strong>Machir Bay, nuestro whisky de malta exclusivo con turba, es un whisky Kilchoman madurado en barricas de bourbon y jerez. Bautizado con el nombre de la playa m\u00e1s espectacular de Islay, la alta proporci\u00f3n de barricas de bourbon crea un equilibrio distintivo entre el car\u00e1cter cl\u00e1sico de Islay y una fresca complejidad floral.<\/strong><\/p>\n<p><strong>Tipo de Barril: Bourbon y Jerez (la influencia del ex bourbon es m\u00e1s presente). <\/strong><\/p>\n<p><strong>Nivel de Turba: 50 Partes por Mill\u00f3n<\/strong><\/p>\n<p><strong>Gama Principal: Disponible Permanentemente<\/strong><\/p>\n<p><strong>Nariz: La ralladura de lim\u00f3n, la vainilla y una marcada influencia costera dan paso a una intensidad floral, jugosos melocotones, peras y toques de ricas especias.<\/strong><\/p>\n<p><strong>Paladar: Explosiones de frutas tropicales y pasas secas, humo c\u00e1lido y olas de miel, malta, caramelo y rica dulzura.<\/strong><\/p>\n<p><strong>Final: Fruta empapada en jerez, pimienta negra molida y sal marina. De larga duraci\u00f3n, con matices de dulzor c\u00edtrico y humo de turba mar\u00edtima.<\/strong><\/p>\n<p><strong>De la granja a la botella.<\/strong><\/p>\n<p><strong>ABV 46% &#8211; 700 ml.<\/strong><\/p>\n<p><iframe loading=\"lazy\" title=\"YouTube video player\" src=\"https:\/\/www.youtube.com\/embed\/DvXR9hhDxtU?si=mjLNzxzErIxzEcKH&amp;start=2441\" width=\"560\" height=\"315\" frameborder=\"0\" allowfullscreen=\"allowfullscreen\"><\/iframe><\/p>\n","protected":false},"featured_media":18840,"comment_status":"open","ping_status":"closed","template":"","meta":[],"product_brand":[],"product_cat":[32,72],"product_tag":[363,112,108,113,110],"class_list":{"0":"post-18839","1":"product","2":"type-product","3":"status-publish","4":"has-post-thumbnail","6":"product_cat-whisky","7":"product_cat-single-malt","8":"product_tag-50-ppm","9":"product_tag-islay","10":"product_tag-single-malt","11":"product_tag-whisky-ahumado","12":"product_tag-whisky-escoces","14":"first","15":"instock","16":"shipping-taxable","17":"purchasable","18":"product-type-simple"},"_links":{"self":[{"href":"https:\/\/lawhiskeria.cr\/index.php?rest_route=\/wp\/v2\/product\/18839","targetHints":{"allow":["GET"]}}],"collection":[{"href":"https:\/\/lawhiskeria.cr\/index.php?rest_route=\/wp\/v2\/product"}],"about":[{"href":"https:\/\/lawhiskeria.cr\/index.php?rest_route=\/wp\/v2\/types\/product"}],"replies":[{"embeddable":true,"href":"https:\/\/lawhiskeria.cr\/index.php?rest_route=%2Fwp%2Fv2%2Fcomments&post=18839"}],"version-history":[{"count":3,"href":"https:\/\/lawhiskeria.cr\/index.php?rest_route=\/wp\/v2\/product\/18839\/revisions"}],"predecessor-version":[{"id":19247,"href":"https:\/\/lawhiskeria.cr\/index.php?rest_route=\/wp\/v2\/product\/18839\/revisions\/19247"}],"wp:featuredmedia":[{"embeddable":true,"href":"https:\/\/lawhiskeria.cr\/index.php?rest_route=\/wp\/v2\/media\/18840"}],"wp:attachment":[{"href":"https:\/\/lawhiskeria.cr\/index.php?rest_route=%2Fwp%2Fv2%2Fmedia&parent=18839"}],"wp:term":[{"taxonomy":"product_brand","embeddable":true,"href":"https:\/\/lawhiskeria.cr\/index.php?rest_route=%2Fwp%2Fv2%2Fproduct_brand&post=18839"},{"taxonomy":"product_cat","embeddable":true,"href":"https:\/\/lawhiskeria.cr\/index.php?rest_route=%2Fwp%2Fv2%2Fproduct_cat&post=18839"},{"taxonomy":"product_tag","embeddable":true,"href":"https:\/\/lawhiskeria.cr\/index.php?rest_route=%2Fwp%2Fv2%2Fproduct_tag&post=18839"}],"curies":[{"name":"wp","href":"https:\/\/api.w.org\/{rel}","templated":true}]}}