{"id":18779,"date":"2025-06-19T20:34:16","date_gmt":"2025-06-19T20:34:16","guid":{"rendered":"https:\/\/lawhiskeria.cr\/?post_type=product&#038;p=18779"},"modified":"2025-12-19T17:39:30","modified_gmt":"2025-12-19T17:39:30","slug":"tamnavulin-double-cask","status":"publish","type":"product","link":"https:\/\/lawhiskeria.cr\/?product=tamnavulin-double-cask","title":{"rendered":"Tamnavulin Double Cask"},"content":{"rendered":"<p><strong>Nuestro whisky<\/strong><\/p>\n<p><strong>Maduramos nuestro whisky en dos barricas diferentes, combinando dos perfiles de sabor diferentes en un whisky de pura malta de Speyside dulce, suave y afrutado.<\/strong><\/p>\n<p><strong>Tamnavulin se encuentra en el coraz\u00f3n de la regi\u00f3n productora de whisky m\u00e1s famosa del mundo: Speyside. Nuestra destiler\u00eda, construida especialmente para este fin, est\u00e1 a cargo de un equipo apasionado y dedicado de expertos productores de whisky, que combinan tradici\u00f3n y modernidad para crear un whisky de malta exclusivo de Speyside.<\/strong><\/p>\n<p><strong>La destiler\u00eda se encuentra en el emplazamiento de un molino de cardado que data del siglo XVI. El molino sigue en pie, y su ic\u00f3nica rueda hidr\u00e1ulica de madera se puede ver en cada botella de nuestro whisky de malta dulce, suave y afrutado.<\/strong><\/p>\n","protected":false},"excerpt":{"rendered":"<p><strong>Tamnavulin Double Cask es la introducci\u00f3n perfecta a nuestros whiskies de pura malta exclusivos de Speyside: dulces, suaves y afrutados, con notas de frutas del huerto, caramelo cremoso y Cr\u00e8me Br\u00fbl\u00e9e.\u00a0\u00a0 <\/strong><\/p>\n<p><strong>Como todos los Tamnavulin, este whisky se elabora en barricas de bourbon americano, lo que le aporta suavidad a nuestro dulce y afrutado destilado. Posteriormente, en el momento oportuno, se termina su elaboraci\u00f3n en barricas de jerez sazonadas.<\/strong><\/p>\n<p><strong>Color: Oro \u00e1mbar.<\/strong><\/p>\n<p><strong>Nariz: Aromas ricos y c\u00e1lidos de manzana, caramelo y miel con mazap\u00e1n dulce y sutiles notas de mermelada \u00e1cida.<\/strong><\/p>\n<p><strong>Gusto: Fresco y suave con cremosos aromas de pera, duraznos y pi\u00f1a y un toque de az\u00facar Demerara.<\/strong><\/p>\n<p><b>Final: <\/b><strong>Medio, con retrogusto de az\u00facar quemado \/ rum-spice y un remanente dulce y ligeramente especiado.<\/strong><\/p>\n<p><strong>Maridajes sugeridos: chocolate con leche, postres con frutos secos y toffee, quesos suaves (brie), y postres con frutas cocidas (tarta de manzana).<\/strong><\/p>\n<p><strong>Medalla de Oro. International Spirits Challenge 2024.<\/strong><\/p>\n<p><strong>Medalla de Oro. International Spirits Challenge 2023.<\/strong><\/p>\n<p><strong>ABV 40% &#8211; 700 ml.<\/strong><\/p>\n<p><iframe loading=\"lazy\" title=\"YouTube video player\" src=\"https:\/\/www.youtube.com\/embed\/YaQnxFUb_W4?si=Lm0itWgmIE0TcdOu&amp;start=2017\" width=\"560\" height=\"315\" frameborder=\"0\" allowfullscreen=\"allowfullscreen\"><\/iframe><\/p>\n","protected":false},"featured_media":18782,"comment_status":"open","ping_status":"closed","template":"","meta":[],"product_brand":[],"product_cat":[32,72],"product_tag":[345,256,349,108,226,110],"class_list":{"0":"post-18779","1":"product","2":"type-product","3":"status-publish","4":"has-post-thumbnail","6":"product_cat-whisky","7":"product_cat-single-malt","8":"product_tag-barrica-ex-bourbon","9":"product_tag-barricas-ex-jerez","10":"product_tag-doble-barrica","11":"product_tag-single-malt","12":"product_tag-speyside","13":"product_tag-whisky-escoces","15":"first","16":"instock","17":"shipping-taxable","18":"purchasable","19":"product-type-simple"},"_links":{"self":[{"href":"https:\/\/lawhiskeria.cr\/index.php?rest_route=\/wp\/v2\/product\/18779","targetHints":{"allow":["GET"]}}],"collection":[{"href":"https:\/\/lawhiskeria.cr\/index.php?rest_route=\/wp\/v2\/product"}],"about":[{"href":"https:\/\/lawhiskeria.cr\/index.php?rest_route=\/wp\/v2\/types\/product"}],"replies":[{"embeddable":true,"href":"https:\/\/lawhiskeria.cr\/index.php?rest_route=%2Fwp%2Fv2%2Fcomments&post=18779"}],"version-history":[{"count":4,"href":"https:\/\/lawhiskeria.cr\/index.php?rest_route=\/wp\/v2\/product\/18779\/revisions"}],"predecessor-version":[{"id":19215,"href":"https:\/\/lawhiskeria.cr\/index.php?rest_route=\/wp\/v2\/product\/18779\/revisions\/19215"}],"wp:featuredmedia":[{"embeddable":true,"href":"https:\/\/lawhiskeria.cr\/index.php?rest_route=\/wp\/v2\/media\/18782"}],"wp:attachment":[{"href":"https:\/\/lawhiskeria.cr\/index.php?rest_route=%2Fwp%2Fv2%2Fmedia&parent=18779"}],"wp:term":[{"taxonomy":"product_brand","embeddable":true,"href":"https:\/\/lawhiskeria.cr\/index.php?rest_route=%2Fwp%2Fv2%2Fproduct_brand&post=18779"},{"taxonomy":"product_cat","embeddable":true,"href":"https:\/\/lawhiskeria.cr\/index.php?rest_route=%2Fwp%2Fv2%2Fproduct_cat&post=18779"},{"taxonomy":"product_tag","embeddable":true,"href":"https:\/\/lawhiskeria.cr\/index.php?rest_route=%2Fwp%2Fv2%2Fproduct_tag&post=18779"}],"curies":[{"name":"wp","href":"https:\/\/api.w.org\/{rel}","templated":true}]}}