{"id":18746,"date":"2025-06-11T23:41:08","date_gmt":"2025-06-11T23:41:08","guid":{"rendered":"https:\/\/lawhiskeria.cr\/?post_type=product&#038;p=18746"},"modified":"2025-12-05T05:21:33","modified_gmt":"2025-12-05T05:21:33","slug":"portia-roble-tempranillo","status":"publish","type":"product","link":"https:\/\/lawhiskeria.cr\/?product=portia-roble-tempranillo","title":{"rendered":"Portia Roble Tempranillo"},"content":{"rendered":"<p><strong>Bodegas Portia, la bodega Ribera del Duero de la Familia Mart\u00ednez Zabala, est\u00e1 situada en Gumiel de Iz\u00e1n, Burgos. El edificio crece fluidamente a partir del paisaje de vi\u00f1edos que lo rodea, en estrecho y respetuoso contacto con el medio ambiente.<\/strong><\/p>\n<p><strong>Bodegas Portia es una bodega de Ribera del Duero de gran renombre y esp\u00edritu pionero. La genialidad del dise\u00f1o y la innovaci\u00f3n se fusionan para crear experiencias extraordinarias a trav\u00e9s de vinos \u00fanicos y vi\u00f1edos propios.<\/strong><\/p>\n","protected":false},"excerpt":{"rendered":"<p><strong>Origen: Espa\u00f1a.<\/strong><\/p>\n<p><strong>DO Ribera del Duero.<\/strong><\/p>\n<p><strong>Cepa: Mayormente Tempranillo.<\/strong><\/p>\n<p><strong>VINIFICACI\u00d3N: Temperatura de fermentaci\u00f3n de 27 \u00b0C. Trece meses en barricas de roble (diez meses en roble franc\u00e9s y tres meses en roble americano).<\/strong><\/p>\n<p><strong>Una versi\u00f3n moderna del cl\u00e1sico.<\/strong><\/p>\n<p><strong>Notas de Cata<\/strong><\/p>\n<p><strong>Color: limpio, brillante. Capa media\/alta. Rojo cereza con reflejos p\u00farpuras en el ribete.<\/strong><\/p>\n<p><strong>Nariz: intenso, equilibrado, agradable. Notas de fruta silvestre (ar\u00e1ndanos y moras) y aromas dulces de tostado de la barrica, muy bien integradas.<\/strong><\/p>\n<p><strong>Cata: sabroso, con car\u00e1cter. Acidez muy bien mantenida. La fruta y el tostado de la barrica est\u00e1n equilibrados, ambos se perciben perfectamente.<\/strong><\/p>\n<p><strong>Final: retrogusto prolongado, con pinceladas de fruta y el tostado del roble.<\/strong><\/p>\n<p><strong>Maridaje: Cualquier tipo de carne. Patatas asadas o fritas, champi\u00f1ones o jam\u00f3n. Algunos pescados sabrosos o grasos como el at\u00fan, el bacalao. Arroz y todo tipo de pastas.<\/strong><\/p>\n<p><strong>Temperatura de Servicio 16\u00b0-17\u00b0C<\/strong><\/p>\n<p><strong>Potencial de Guarda 3-4 a\u00f1os.<\/strong><\/p>\n<p>&nbsp;<\/p>\n<p><iframe loading=\"lazy\" title=\"YouTube video player\" src=\"https:\/\/www.youtube.com\/embed\/Dd1feGccE24?si=lrig3LVf8g_-L4MH&amp;start=3384\" width=\"560\" height=\"315\" frameborder=\"0\" allowfullscreen=\"allowfullscreen\"><\/iframe><\/p>\n","protected":false},"featured_media":18747,"comment_status":"open","ping_status":"closed","template":"","meta":[],"product_brand":[],"product_cat":[420,29],"product_tag":[249,342,162],"class_list":{"0":"post-18746","1":"product","2":"type-product","3":"status-publish","4":"has-post-thumbnail","6":"product_cat-tinto","7":"product_cat-vinos","8":"product_tag-ribera-del-duero","9":"product_tag-roble","10":"product_tag-tempranillo","12":"first","13":"instock","14":"shipping-taxable","15":"purchasable","16":"product-type-simple"},"_links":{"self":[{"href":"https:\/\/lawhiskeria.cr\/index.php?rest_route=\/wp\/v2\/product\/18746","targetHints":{"allow":["GET"]}}],"collection":[{"href":"https:\/\/lawhiskeria.cr\/index.php?rest_route=\/wp\/v2\/product"}],"about":[{"href":"https:\/\/lawhiskeria.cr\/index.php?rest_route=\/wp\/v2\/types\/product"}],"replies":[{"embeddable":true,"href":"https:\/\/lawhiskeria.cr\/index.php?rest_route=%2Fwp%2Fv2%2Fcomments&post=18746"}],"version-history":[{"count":5,"href":"https:\/\/lawhiskeria.cr\/index.php?rest_route=\/wp\/v2\/product\/18746\/revisions"}],"predecessor-version":[{"id":19364,"href":"https:\/\/lawhiskeria.cr\/index.php?rest_route=\/wp\/v2\/product\/18746\/revisions\/19364"}],"wp:featuredmedia":[{"embeddable":true,"href":"https:\/\/lawhiskeria.cr\/index.php?rest_route=\/wp\/v2\/media\/18747"}],"wp:attachment":[{"href":"https:\/\/lawhiskeria.cr\/index.php?rest_route=%2Fwp%2Fv2%2Fmedia&parent=18746"}],"wp:term":[{"taxonomy":"product_brand","embeddable":true,"href":"https:\/\/lawhiskeria.cr\/index.php?rest_route=%2Fwp%2Fv2%2Fproduct_brand&post=18746"},{"taxonomy":"product_cat","embeddable":true,"href":"https:\/\/lawhiskeria.cr\/index.php?rest_route=%2Fwp%2Fv2%2Fproduct_cat&post=18746"},{"taxonomy":"product_tag","embeddable":true,"href":"https:\/\/lawhiskeria.cr\/index.php?rest_route=%2Fwp%2Fv2%2Fproduct_tag&post=18746"}],"curies":[{"name":"wp","href":"https:\/\/api.w.org\/{rel}","templated":true}]}}