{"id":18684,"date":"2025-05-23T18:05:07","date_gmt":"2025-05-23T18:05:07","guid":{"rendered":"https:\/\/lawhiskeria.cr\/?post_type=product&#038;p=18684"},"modified":"2025-05-23T18:18:39","modified_gmt":"2025-05-23T18:18:39","slug":"andean-gin-arandanos","status":"publish","type":"product","link":"https:\/\/lawhiskeria.cr\/?product=andean-gin-arandanos","title":{"rendered":"Andean Gin Ar\u00e1ndanos"},"content":{"rendered":"<p><strong>La Destiler\u00eda Don Michael, de origen muy reciente es una destacada productora de licores premium ubicada en el valle de Oxapampa, en la regi\u00f3n de Pasco, Per\u00fa. Conocida por su enfoque innovador y su compromiso con la calidad, esta destiler\u00eda se ha ganado un lugar especial en el mercado de bebidas espirituosas, especialmente por su ic\u00f3nico Whisky Andino Black Whiskey.<\/strong><\/p>\n<p><strong>Fundada con la visi\u00f3n de crear un destilado emblem\u00e1tico que represente la riqueza y diversidad del Per\u00fa.<\/strong><\/p>\n<p><strong>Su equipo combina t\u00e9cnicas tradicionales de destilaci\u00f3n con innovaci\u00f3n para desarrollar productos aut\u00e9nticos y de alta calidad.<\/strong><\/p>\n<p><strong>PROCESO DE PRODUCCI\u00d3N<\/strong><\/p>\n<p><strong>Selecci\u00f3n: Cuidadosa selecci\u00f3n de ingredientes locales y tradicionales.<\/strong><\/p>\n<p><strong>Destilaci\u00f3n Artesanal: Realizada en peque\u00f1os lotes, lo que asegura calidad.<\/strong><\/p>\n<p><strong>Infusi\u00f3n Bot\u00e1nicos: Los bot\u00e1nicos se infusionan cuidadosamente para extraer sus aromas y sabores esenciales.<\/strong><\/p>\n","protected":false},"excerpt":{"rendered":"<p><strong>LA GINEGRA<\/strong><\/p>\n<p><strong>Origen: Oxampampa, Per\u00fa.<\/strong><\/p>\n<p><strong>Una variante del Andean Gin, que incorpora ar\u00e1ndanos como uno de sus bot\u00e1nicos principales, agregando una nueva dimensi\u00f3n de sabor y frescura al producto original. Este gin premium mantiene su base de ingredientes aut\u00f3ctonos de los Andes, pero con un enfoque en la fruta del ar\u00e1ndano, lo que le confiere un perfil distintivo.<\/strong><\/p>\n<p><strong>Su creaci\u00f3n busca resaltar la frescura y la acidez sutil de los ar\u00e1ndanos, que complementan y realzan los sabores nativos andinos en la receta original de gin.<\/strong><\/p>\n<p><strong>Color: Azul violeta.<\/strong><\/p>\n<p><strong>Aroma: predomina el enebro con un toque afrutado de ar\u00e1ndano.<\/strong><\/p>\n<p><strong>Sabor: acidez y frescura de los ar\u00e1ndanos destac\u00e1ndose.<\/strong><\/p>\n<p><strong>Final limpio, fresco y ligeramente dulce.<\/strong><\/p>\n<p><strong>ABV% 42% &#8211; 700 ml.<\/strong><\/p>\n","protected":false},"featured_media":18685,"comment_status":"open","ping_status":"closed","template":"","meta":[],"product_brand":[],"product_cat":[20],"product_tag":[337,203,336],"class_list":{"0":"post-18684","1":"product","2":"type-product","3":"status-publish","4":"has-post-thumbnail","6":"product_cat-lpremium","7":"product_tag-arandanos","8":"product_tag-gin","9":"product_tag-gin-peruana","11":"first","12":"instock","13":"shipping-taxable","14":"purchasable","15":"product-type-simple"},"_links":{"self":[{"href":"https:\/\/lawhiskeria.cr\/index.php?rest_route=\/wp\/v2\/product\/18684","targetHints":{"allow":["GET"]}}],"collection":[{"href":"https:\/\/lawhiskeria.cr\/index.php?rest_route=\/wp\/v2\/product"}],"about":[{"href":"https:\/\/lawhiskeria.cr\/index.php?rest_route=\/wp\/v2\/types\/product"}],"replies":[{"embeddable":true,"href":"https:\/\/lawhiskeria.cr\/index.php?rest_route=%2Fwp%2Fv2%2Fcomments&post=18684"}],"version-history":[{"count":1,"href":"https:\/\/lawhiskeria.cr\/index.php?rest_route=\/wp\/v2\/product\/18684\/revisions"}],"predecessor-version":[{"id":18686,"href":"https:\/\/lawhiskeria.cr\/index.php?rest_route=\/wp\/v2\/product\/18684\/revisions\/18686"}],"wp:featuredmedia":[{"embeddable":true,"href":"https:\/\/lawhiskeria.cr\/index.php?rest_route=\/wp\/v2\/media\/18685"}],"wp:attachment":[{"href":"https:\/\/lawhiskeria.cr\/index.php?rest_route=%2Fwp%2Fv2%2Fmedia&parent=18684"}],"wp:term":[{"taxonomy":"product_brand","embeddable":true,"href":"https:\/\/lawhiskeria.cr\/index.php?rest_route=%2Fwp%2Fv2%2Fproduct_brand&post=18684"},{"taxonomy":"product_cat","embeddable":true,"href":"https:\/\/lawhiskeria.cr\/index.php?rest_route=%2Fwp%2Fv2%2Fproduct_cat&post=18684"},{"taxonomy":"product_tag","embeddable":true,"href":"https:\/\/lawhiskeria.cr\/index.php?rest_route=%2Fwp%2Fv2%2Fproduct_tag&post=18684"}],"curies":[{"name":"wp","href":"https:\/\/api.w.org\/{rel}","templated":true}]}}