{"id":18665,"date":"2025-05-21T22:51:32","date_gmt":"2025-05-21T22:51:32","guid":{"rendered":"https:\/\/lawhiskeria.cr\/?post_type=product&#038;p=18665"},"modified":"2026-02-28T20:29:30","modified_gmt":"2026-02-28T20:29:30","slug":"nikka-black-clear-japanese-whisky","status":"publish","type":"product","link":"https:\/\/lawhiskeria.cr\/?product=nikka-black-clear-japanese-whisky","title":{"rendered":"Nikka Black Clear Japanese Whisky"},"content":{"rendered":"<p><strong>Masataka Taketsuru, fundador de Nikka Whisky Distilling Co., Ltd., ide\u00f3 el primer producto Black Nikka en 1956 con el objetivo de crear una marca l\u00edder en el mercado japon\u00e9s de licores de estilo occidental. Los mezcladores de whisky de Asahi siguen manteniendo la visi\u00f3n de Taketsuru, trabajando para ofrecer un aut\u00e9ntico sabor a whisky a precios asequibles para una mayor variedad de consumidores.<\/strong><\/p>\n<p><strong>La l\u00ednea de Black Nikka ofrece una amplia gama de sabores dise\u00f1ados para atraer a un p\u00fablico m\u00e1s amplio.<\/strong><\/p>\n<p><strong>Los mezcladores de Asahi utilizan diversas variedades de whisky de malta pura para crear mezclas delicadas que, en ocasiones, pueden requerir casi 100 repeticiones para perfeccionarse. Se emplean diversas t\u00e9cnicas para lograr sabores acordes a cada concepto. Por ejemplo, Black Nikka Clear est\u00e1 dise\u00f1ado para facilitar su consumo. Su preparaci\u00f3n sin turba crea un final limpio.<\/strong><\/p>\n","protected":false},"excerpt":{"rendered":"<p><strong>Tipo: Whisky japon\u00e9s blended.<\/strong><\/p>\n<p><strong>Origen: Destiler\u00eda Miyagikyo, propiedad de Nikka (grupo Asahi).<\/strong><\/p>\n<p><strong>Caracter\u00edsticas: Whisky sin turba, estilo ligero y accesible.<\/strong><\/p>\n<p><strong>Vista: \u00c1mbar claro.<\/strong><\/p>\n<p><strong>Nariz: Miel, malta, vainilla, toques frutales.<\/strong><\/p>\n<p><strong>Boca: Suave, ligeramente dulce, notas de cereal y caramelo.<\/strong><\/p>\n<p><strong>Final: Corto a medio, sin amargor.<\/strong><\/p>\n<p><strong>Maridaje ideal: Hamburguesas gourmet, sushi de anguila, ramen con huevo marinado, Chocolate con leche, manzanas caramelizadas.<\/strong><\/p>\n<p><strong>ABV 37% &#8211; 700 ml.<\/strong><\/p>\n","protected":false},"featured_media":18666,"comment_status":"open","ping_status":"closed","template":"","meta":[],"product_brand":[],"product_cat":[32,71],"product_tag":[331,257,186],"class_list":{"0":"post-18665","1":"product","2":"type-product","3":"status-publish","4":"has-post-thumbnail","6":"product_cat-whisky","7":"product_cat-blends","8":"product_tag-blended","9":"product_tag-japanese-whisky","10":"product_tag-whisky-japones","12":"first","13":"instock","14":"shipping-taxable","15":"purchasable","16":"product-type-simple"},"_links":{"self":[{"href":"https:\/\/lawhiskeria.cr\/index.php?rest_route=\/wp\/v2\/product\/18665","targetHints":{"allow":["GET"]}}],"collection":[{"href":"https:\/\/lawhiskeria.cr\/index.php?rest_route=\/wp\/v2\/product"}],"about":[{"href":"https:\/\/lawhiskeria.cr\/index.php?rest_route=\/wp\/v2\/types\/product"}],"replies":[{"embeddable":true,"href":"https:\/\/lawhiskeria.cr\/index.php?rest_route=%2Fwp%2Fv2%2Fcomments&post=18665"}],"version-history":[{"count":1,"href":"https:\/\/lawhiskeria.cr\/index.php?rest_route=\/wp\/v2\/product\/18665\/revisions"}],"predecessor-version":[{"id":18667,"href":"https:\/\/lawhiskeria.cr\/index.php?rest_route=\/wp\/v2\/product\/18665\/revisions\/18667"}],"wp:featuredmedia":[{"embeddable":true,"href":"https:\/\/lawhiskeria.cr\/index.php?rest_route=\/wp\/v2\/media\/18666"}],"wp:attachment":[{"href":"https:\/\/lawhiskeria.cr\/index.php?rest_route=%2Fwp%2Fv2%2Fmedia&parent=18665"}],"wp:term":[{"taxonomy":"product_brand","embeddable":true,"href":"https:\/\/lawhiskeria.cr\/index.php?rest_route=%2Fwp%2Fv2%2Fproduct_brand&post=18665"},{"taxonomy":"product_cat","embeddable":true,"href":"https:\/\/lawhiskeria.cr\/index.php?rest_route=%2Fwp%2Fv2%2Fproduct_cat&post=18665"},{"taxonomy":"product_tag","embeddable":true,"href":"https:\/\/lawhiskeria.cr\/index.php?rest_route=%2Fwp%2Fv2%2Fproduct_tag&post=18665"}],"curies":[{"name":"wp","href":"https:\/\/api.w.org\/{rel}","templated":true}]}}